{"id":19758,"date":"2023-01-24T14:43:34","date_gmt":"2023-01-24T13:43:34","guid":{"rendered":"https:\/\/cba-design.com\/france\/?page_id=19758"},"modified":"2023-03-22T09:53:27","modified_gmt":"2023-03-22T08:53:27","slug":"formulaire-de-contact-fr-design-trends-report-2023","status":"publish","type":"page","link":"https:\/\/cba-design.com\/france\/formulaire-de-contact-fr-design-trends-report-2023\/","title":{"rendered":"Formulaire de contact FR Design Trends Report 2023"},"content":{"rendered":"\t\t<div data-elementor-type=\"wp-page\" data-elementor-id=\"19758\" class=\"elementor elementor-19758\" data-elementor-post-type=\"page\">\n\t\t\t\t\t\t<section class=\"elementor-section elementor-top-section elementor-element elementor-element-bdbce5b elementor-section-height-min-height elementor-section-boxed elementor-section-height-default elementor-section-items-middle\" data-id=\"bdbce5b\" data-element_type=\"section\" data-e-type=\"section\" data-settings=\"{&quot;background_background&quot;:&quot;classic&quot;}\">\n\t\t\t\t\t\t<div class=\"elementor-container elementor-column-gap-default\">\n\t\t\t\t\t<div class=\"elementor-column elementor-col-100 elementor-top-column elementor-element elementor-element-ed04322\" data-id=\"ed04322\" data-element_type=\"column\" data-e-type=\"column\">\n\t\t\t<div class=\"elementor-widget-wrap elementor-element-populated\">\n\t\t\t\t\t\t<div class=\"elementor-element elementor-element-83369fa elementor-widget elementor-widget-heading\" data-id=\"83369fa\" data-element_type=\"widget\" data-e-type=\"widget\" data-widget_type=\"heading.default\">\n\t\t\t\t<div class=\"elementor-widget-container\">\n\t\t\t\t\t<h1 class=\"elementor-heading-title elementor-size-default\">On y est<\/h1>\t\t\t\t<\/div>\n\t\t\t\t<\/div>\n\t\t\t\t<div class=\"elementor-element elementor-element-8659fdd stroked elementor-widget elementor-widget-heading\" data-id=\"8659fdd\" data-element_type=\"widget\" data-e-type=\"widget\" data-widget_type=\"heading.default\">\n\t\t\t\t<div class=\"elementor-widget-container\">\n\t\t\t\t\t<h2 class=\"elementor-heading-title elementor-size-default\">presque<\/h2>\t\t\t\t<\/div>\n\t\t\t\t<\/div>\n\t\t\t\t\t<\/div>\n\t\t<\/div>\n\t\t\t\t\t<\/div>\n\t\t<\/section>\n\t\t\t\t<section class=\"elementor-section elementor-top-section elementor-element elementor-element-515a966 elementor-section-boxed elementor-section-height-default elementor-section-height-default\" data-id=\"515a966\" data-element_type=\"section\" data-e-type=\"section\" data-settings=\"{&quot;background_background&quot;:&quot;classic&quot;}\">\n\t\t\t\t\t\t<div class=\"elementor-container elementor-column-gap-default\">\n\t\t\t\t\t<div class=\"elementor-column elementor-col-100 elementor-top-column elementor-element elementor-element-d465d5b\" data-id=\"d465d5b\" data-element_type=\"column\" data-e-type=\"column\" data-settings=\"{&quot;background_background&quot;:&quot;classic&quot;}\">\n\t\t\t<div class=\"elementor-widget-wrap elementor-element-populated\">\n\t\t\t\t\t\t<div class=\"elementor-element elementor-element-2bf10da elementor-widget elementor-widget-heading\" data-id=\"2bf10da\" data-element_type=\"widget\" data-e-type=\"widget\" data-widget_type=\"heading.default\">\n\t\t\t\t<div class=\"elementor-widget-container\">\n\t\t\t\t\t<div class=\"elementor-heading-title elementor-size-default\">\/ contact<\/div>\t\t\t\t<\/div>\n\t\t\t\t<\/div>\n\t\t\t\t<section class=\"elementor-section elementor-inner-section elementor-element elementor-element-7fef7ee elementor-section-boxed elementor-section-height-default elementor-section-height-default\" data-id=\"7fef7ee\" data-element_type=\"section\" data-e-type=\"section\">\n\t\t\t\t\t\t<div class=\"elementor-container elementor-column-gap-default\">\n\t\t\t\t\t<div class=\"elementor-column elementor-col-50 elementor-inner-column elementor-element elementor-element-fd01663\" data-id=\"fd01663\" data-element_type=\"column\" data-e-type=\"column\">\n\t\t\t<div class=\"elementor-widget-wrap elementor-element-populated\">\n\t\t\t\t\t\t<div class=\"elementor-element elementor-element-86555f3 elementor-widget elementor-widget-heading\" data-id=\"86555f3\" data-element_type=\"widget\" data-e-type=\"widget\" data-widget_type=\"heading.default\">\n\t\t\t\t<div class=\"elementor-widget-container\">\n\t\t\t\t\t<h3 class=\"elementor-heading-title elementor-size-default\">T\u00e9l\u00e9charger votre Design Trends Report<font color=\"#fb3e50\">.<\/font><\/h3>\t\t\t\t<\/div>\n\t\t\t\t<\/div>\n\t\t\t\t\t<\/div>\n\t\t<\/div>\n\t\t\t\t<div class=\"elementor-column elementor-col-50 elementor-inner-column elementor-element elementor-element-5072eba\" data-id=\"5072eba\" data-element_type=\"column\" data-e-type=\"column\">\n\t\t\t<div class=\"elementor-widget-wrap elementor-element-populated\">\n\t\t\t\t\t\t<div class=\"elementor-element elementor-element-5ca50f3 elementor-widget elementor-widget-text-editor\" data-id=\"5ca50f3\" data-element_type=\"widget\" data-e-type=\"widget\" data-widget_type=\"text-editor.default\">\n\t\t\t\t<div class=\"elementor-widget-container\">\n\t\t\t\t\t\t\t\t\t<p><span style=\"color: var( --e-global-color-primary );\"><b>Plus qu&#8217;une \u00e9tape avant d&#8217;acc\u00e9der \u00e0 votre copie !\u00a0<br \/><\/b>Nous aimerions en savoir plus sur vous.<\/span><\/p>\t\t\t\t\t\t\t\t<\/div>\n\t\t\t\t<\/div>\n\t\t\t\t\t<\/div>\n\t\t<\/div>\n\t\t\t\t\t<\/div>\n\t\t<\/section>\n\t\t\t\t<section class=\"elementor-section elementor-inner-section elementor-element elementor-element-8b4c760 elementor-section-boxed elementor-section-height-default elementor-section-height-default\" data-id=\"8b4c760\" data-element_type=\"section\" data-e-type=\"section\" data-settings=\"{&quot;background_background&quot;:&quot;classic&quot;}\">\n\t\t\t\t\t\t<div class=\"elementor-container elementor-column-gap-default\">\n\t\t\t\t\t<div class=\"elementor-column elementor-col-100 elementor-inner-column elementor-element elementor-element-2f7390f\" data-id=\"2f7390f\" data-element_type=\"column\" data-e-type=\"column\">\n\t\t\t<div class=\"elementor-widget-wrap elementor-element-populated\">\n\t\t\t\t\t\t<div class=\"elementor-element elementor-element-22f9dd4 elementor-button-align-stretch elementor-widget elementor-widget-form\" data-id=\"22f9dd4\" data-element_type=\"widget\" data-e-type=\"widget\" data-settings=\"{&quot;step_next_label&quot;:&quot;Next&quot;,&quot;step_previous_label&quot;:&quot;Previous&quot;,&quot;step_type&quot;:&quot;none&quot;,&quot;button_width&quot;:&quot;100&quot;,&quot;step_icon_shape&quot;:&quot;circle&quot;}\" data-widget_type=\"form.default\">\n\t\t\t\t<div class=\"elementor-widget-container\">\n\t\t\t\t\t\t\t<form class=\"elementor-form\" method=\"post\" name=\"formulaire-contact\" aria-label=\"formulaire-contact\">\n\t\t\t<input type=\"hidden\" name=\"post_id\" value=\"19758\"\/>\n\t\t\t<input type=\"hidden\" name=\"form_id\" value=\"22f9dd4\"\/>\n\t\t\t<input type=\"hidden\" name=\"referer_title\" value=\"Formulaire de contact FR Design Trends Report 2023 - CBA Design France\" \/>\n\n\t\t\t\t\t\t\t<input type=\"hidden\" name=\"queried_id\" value=\"19758\"\/>\n\t\t\t\n\t\t\t<div class=\"elementor-form-fields-wrapper elementor-labels-\">\n\t\t\t\t\t\t\t\t<div class=\"elementor-field-type-html elementor-field-group elementor-column elementor-field-group-field_4293fff elementor-col-100\">\n\t\t\t\t\t<br>Vous<span style=\"color:#FB3E50\">*<\/span>\t\t\t\t<\/div>\n\t\t\t\t\t\t\t\t<div class=\"elementor-field-type-text elementor-field-group elementor-column elementor-field-group-Lastname elementor-col-50\">\n\t\t\t\t\t\t\t\t\t\t\t\t<label for=\"form-field-Lastname\" class=\"elementor-field-label elementor-screen-only\">\n\t\t\t\t\t\t\t\tNom\t\t\t\t\t\t\t<\/label>\n\t\t\t\t\t\t\t\t\t\t\t\t\t\t<input size=\"1\" type=\"text\" name=\"form_fields[Lastname]\" id=\"form-field-Lastname\" class=\"elementor-field elementor-size-lg  elementor-field-textual\" placeholder=\"Nom\">\n\t\t\t\t\t\t\t\t\t\t\t<\/div>\n\t\t\t\t\t\t\t\t<div class=\"elementor-field-type-text elementor-field-group elementor-column elementor-field-group-Name elementor-col-50\">\n\t\t\t\t\t\t\t\t\t\t\t\t<label for=\"form-field-Name\" class=\"elementor-field-label elementor-screen-only\">\n\t\t\t\t\t\t\t\tPr\u00e9nom\t\t\t\t\t\t\t<\/label>\n\t\t\t\t\t\t\t\t\t\t\t\t\t\t<input size=\"1\" type=\"text\" name=\"form_fields[Name]\" id=\"form-field-Name\" class=\"elementor-field elementor-size-lg  elementor-field-textual\" placeholder=\"Pr\u00e9nom\">\n\t\t\t\t\t\t\t\t\t\t\t<\/div>\n\t\t\t\t\t\t\t\t<div class=\"elementor-field-type-html elementor-field-group elementor-column elementor-field-group-field_7f6bdec elementor-col-100\">\n\t\t\t\t\t<br>Information<span style=\"color:#FB3E50\">*<\/span>\t\t\t\t<\/div>\n\t\t\t\t\t\t\t\t<div class=\"elementor-field-type-email elementor-field-group elementor-column elementor-field-group-email elementor-col-50 elementor-field-required\">\n\t\t\t\t\t\t\t\t\t\t\t\t<label for=\"form-field-email\" class=\"elementor-field-label elementor-screen-only\">\n\t\t\t\t\t\t\t\tE-mail\t\t\t\t\t\t\t<\/label>\n\t\t\t\t\t\t\t\t\t\t\t\t\t\t<input size=\"1\" type=\"email\" name=\"form_fields[email]\" id=\"form-field-email\" class=\"elementor-field elementor-size-lg  elementor-field-textual\" placeholder=\"E-mail\" required=\"required\">\n\t\t\t\t\t\t\t\t\t\t\t<\/div>\n\t\t\t\t\t\t\t\t<div class=\"elementor-field-type-text elementor-field-group elementor-column elementor-field-group-company elementor-col-50 elementor-field-required\">\n\t\t\t\t\t\t\t\t\t\t\t\t<label for=\"form-field-company\" class=\"elementor-field-label elementor-screen-only\">\n\t\t\t\t\t\t\t\tEntreprise\t\t\t\t\t\t\t<\/label>\n\t\t\t\t\t\t\t\t\t\t\t\t\t\t<input size=\"1\" type=\"text\" name=\"form_fields[company]\" id=\"form-field-company\" class=\"elementor-field elementor-size-lg  elementor-field-textual\" placeholder=\"Entreprise\" required=\"required\">\n\t\t\t\t\t\t\t\t\t\t\t<\/div>\n\t\t\t\t\t\t\t\t<div class=\"elementor-field-type-checkbox elementor-field-group elementor-column elementor-field-group-Optin elementor-col-100\">\n\t\t\t\t\t\t\t\t\t\t\t\t<label for=\"form-field-Optin\" class=\"elementor-field-label elementor-screen-only\">\n\t\t\t\t\t\t\t\tOpt-in-GDPR\t\t\t\t\t\t\t<\/label>\n\t\t\t\t\t\t<div class=\"elementor-field-subgroup  \"><span class=\"elementor-field-option\"><input type=\"checkbox\" value=\"J\u2019ai lu et j\u2019accepte que mes donn\u00e9es soient collect\u00e9es et trait\u00e9es conform\u00e9ment aux dispositions de la &lt;a href=&quot;https:\/\/cba-design.com\/france\/politiques-de-confidentialites\/&quot; target=&quot;_blank&quot;&gt;politique de confidentialit\u00e9&lt;\/a&gt;\" id=\"form-field-Optin-0\" name=\"form_fields[Optin]\"> <label for=\"form-field-Optin-0\">J\u2019ai lu et j\u2019accepte que mes donn\u00e9es soient collect\u00e9es et trait\u00e9es conform\u00e9ment aux dispositions de la <a href=\"https:\/\/cba-design.com\/france\/politiques-de-confidentialites\/\" target=\"_blank\">politique de confidentialit\u00e9<\/a><\/label><\/span><\/div>\t\t\t\t<\/div>\n\t\t\t\t\t\t\t\t<div class=\"elementor-field-type-recaptcha_v3 elementor-field-group elementor-column elementor-field-group-field_d985fa0 elementor-col-100 recaptcha_v3-bottomright\">\n\t\t\t\t\t<div class=\"elementor-field\" id=\"form-field-field_d985fa0\"><div class=\"elementor-g-recaptcha\" data-sitekey=\"6LexgqkaAAAAABxwxL0wCCqhSTb7HkzVj0CPhEh3\" data-type=\"v3\" data-action=\"Form\" data-badge=\"bottomright\" data-size=\"invisible\"><\/div><\/div>\t\t\t\t<\/div>\n\t\t\t\t\t\t\t\t<div class=\"elementor-field-group elementor-column elementor-field-type-submit elementor-col-100 e-form__buttons\">\n\t\t\t\t\t<button class=\"elementor-button elementor-size-sm elementor-animation-shrink\" type=\"submit\">\n\t\t\t\t\t\t<span class=\"elementor-button-content-wrapper\">\n\t\t\t\t\t\t\t\t\t\t\t\t\t\t\t\t\t\t\t\t\t\t<span class=\"elementor-button-text\">Je veux le rapport<\/span>\n\t\t\t\t\t\t\t\t\t\t\t\t\t<\/span>\n\t\t\t\t\t<\/button>\n\t\t\t\t<\/div>\n\t\t\t<\/div>\n\t\t<\/form>\n\t\t\t\t\t\t<\/div>\n\t\t\t\t<\/div>\n\t\t\t\t\t<\/div>\n\t\t<\/div>\n\t\t\t\t\t<\/div>\n\t\t<\/section>\n\t\t\t\t<section class=\"elementor-section elementor-inner-section elementor-element elementor-element-fc76412 elementor-section-boxed elementor-section-height-default elementor-section-height-default\" data-id=\"fc76412\" data-element_type=\"section\" data-e-type=\"section\">\n\t\t\t\t\t\t<div class=\"elementor-container elementor-column-gap-default\">\n\t\t\t\t\t<div class=\"elementor-column elementor-col-100 elementor-inner-column elementor-element elementor-element-7999bf8\" data-id=\"7999bf8\" data-element_type=\"column\" data-e-type=\"column\">\n\t\t\t<div class=\"elementor-widget-wrap elementor-element-populated\">\n\t\t\t\t\t\t<div class=\"elementor-element elementor-element-98aab0f elementor-widget elementor-widget-text-editor\" data-id=\"98aab0f\" data-element_type=\"widget\" data-e-type=\"widget\" data-widget_type=\"text-editor.default\">\n\t\t\t\t<div class=\"elementor-widget-container\">\n\t\t\t\t\t\t\t\t\t<p><span style=\"font-weight: bold;\">* Mentions obligatoires pour \u00eatre en mesure de traiter votre demande de contact.<\/span><\/p>\t\t\t\t\t\t\t\t<\/div>\n\t\t\t\t<\/div>\n\t\t\t\t<div class=\"elementor-element elementor-element-4a7fab0 elementor-widget elementor-widget-text-editor\" data-id=\"4a7fab0\" data-element_type=\"widget\" data-e-type=\"widget\" data-widget_type=\"text-editor.default\">\n\t\t\t\t<div class=\"elementor-widget-container\">\n\t\t\t\t\t\t\t\t\t<p>Les donn\u00e9es collect\u00e9es via ce formulaire sont destin\u00e9es \u00e0 CBA PARIS, responsable de traitement, et seront trait\u00e9es afin de r\u00e9pondre \u00e0 votre demande. A cet \u00e9gard, CBA PARIS a pris des mesure techniques et organisationnelles n\u00e9cessaires au maintien de la protection et de la confidentialit\u00e9 des donn\u00e9es qui lui sont confi\u00e9es.<br \/>Les donn\u00e9es personnelles collect\u00e9es dans ce cadre sont uniquement destin\u00e9es aux personnes \u00e0 m\u00eame de r\u00e9pondre \u00e0 votre demande au sein de CBA PARIS. La fourniture de certaines informations telles que vos noms, pr\u00e9noms, adresse email et num\u00e9ro de t\u00e9l\u00e9phone, est n\u00e9cessaire pour permettre \u00e0 CBA PARIS de vous recontacter et r\u00e9pondre \u00e0 votre demande. En refusant de fournir certaines informations demand\u00e9es, CBA PARIS pourrait ne pas \u00eatre en mesure de traiter votre demande.<br \/>Les donn\u00e9es personnelles collect\u00e9es dans ce cadre sont conserv\u00e9es le temps du traitement de votre demande.<br \/>Conform\u00e9ment \u00e0 la loi n\u00b078-17 dite \u00ab informatiques et libert\u00e9s \u00bb du 6 janvier 1978 et au r\u00e8glement (UE) 2016\/679 du 27 avril 2016, vous disposez notamment d\u2019un droit d\u2019acc\u00e8s, de rectification et de suppression des donn\u00e9es personnelles vous concernant. Vous pouvez exercer ce doit en adressant un courriel \u00e0 l\u2019adresse suivante <a title=\"mailto:rgpd@cba-design.com\" href=\"mailto:rgpd@cba-design.com\">rgpd@cba-design.com<\/a><\/p><p>Pour en savoir plus sur la fa\u00e7on dont CBA PARIS traite vos donn\u00e9es personnelles et les droits dont vous disposez \u00e0 cet \u00e9gard, veuillez consulter notre\u00a0<a href=\"https:\/\/cba-design.com\/france\/politiques-de-confidentialites\/\" target=\"_blank\" rel=\"noopener\">politique de confidentialit\u00e9<\/a>.<\/p>\t\t\t\t\t\t\t\t<\/div>\n\t\t\t\t<\/div>\n\t\t\t\t\t<\/div>\n\t\t<\/div>\n\t\t\t\t\t<\/div>\n\t\t<\/section>\n\t\t\t\t\t<\/div>\n\t\t<\/div>\n\t\t\t\t\t<\/div>\n\t\t<\/section>\n\t\t\t\t<\/div>\n\t\t","protected":false},"excerpt":{"rendered":"<p>On y est presque \/ contact T\u00e9l\u00e9charger votre Design Trends Report. Plus qu&#8217;une \u00e9tape avant d&#8217;acc\u00e9der \u00e0 votre copie !\u00a0Nous aimerions en savoir plus sur vous. * Mentions obligatoires pour \u00eatre en mesure de traiter votre demande de contact. Les donn\u00e9es collect\u00e9es via ce formulaire sont destin\u00e9es \u00e0 CBA PARIS, responsable de traitement, et seront [&hellip;]<\/p>\n","protected":false},"author":6,"featured_media":0,"parent":0,"menu_order":0,"comment_status":"closed","ping_status":"closed","template":"","meta":{"_acf_changed":false,"footnotes":""},"class_list":["post-19758","page","type-page","status-publish","hentry"],"acf":[],"lang":"fr","translations":{"fr":19758,"en":19607},"pll_sync_post":[],"_links":{"self":[{"href":"https:\/\/cba-design.com\/france\/wp-json\/wp\/v2\/pages\/19758","targetHints":{"allow":["GET"]}}],"collection":[{"href":"https:\/\/cba-design.com\/france\/wp-json\/wp\/v2\/pages"}],"about":[{"href":"https:\/\/cba-design.com\/france\/wp-json\/wp\/v2\/types\/page"}],"author":[{"embeddable":true,"href":"https:\/\/cba-design.com\/france\/wp-json\/wp\/v2\/users\/6"}],"replies":[{"embeddable":true,"href":"https:\/\/cba-design.com\/france\/wp-json\/wp\/v2\/comments?post=19758"}],"version-history":[{"count":3,"href":"https:\/\/cba-design.com\/france\/wp-json\/wp\/v2\/pages\/19758\/revisions"}],"predecessor-version":[{"id":21169,"href":"https:\/\/cba-design.com\/france\/wp-json\/wp\/v2\/pages\/19758\/revisions\/21169"}],"wp:attachment":[{"href":"https:\/\/cba-design.com\/france\/wp-json\/wp\/v2\/media?parent=19758"}],"curies":[{"name":"wp","href":"https:\/\/api.w.org\/{rel}","templated":true}]}}