{"id":40,"date":"2020-12-14T12:00:51","date_gmt":"2020-12-14T11:00:51","guid":{"rendered":"https:\/\/cba-design.com\/france\/?page_id=40"},"modified":"2026-02-13T11:01:08","modified_gmt":"2026-02-13T10:01:08","slug":"contact","status":"publish","type":"page","link":"https:\/\/cba-design.com\/france\/contact\/","title":{"rendered":"Contact"},"content":{"rendered":"\t\t<div data-elementor-type=\"wp-page\" data-elementor-id=\"40\" class=\"elementor elementor-40\" data-elementor-post-type=\"page\">\n\t\t\t\t\t\t<section class=\"elementor-section elementor-top-section elementor-element elementor-element-25fe73f elementor-section-height-min-height elementor-section-full_width elementor-section-height-default elementor-section-items-middle\" data-id=\"25fe73f\" data-element_type=\"section\" data-e-type=\"section\" data-settings=\"{&quot;background_background&quot;:&quot;classic&quot;,&quot;background_motion_fx_motion_fx_mouse&quot;:&quot;yes&quot;,&quot;background_motion_fx_mouseTrack_effect&quot;:&quot;yes&quot;,&quot;background_motion_fx_mouseTrack_speed&quot;:{&quot;unit&quot;:&quot;px&quot;,&quot;size&quot;:1.2,&quot;sizes&quot;:[]}}\">\n\t\t\t\t\t\t<div class=\"elementor-container elementor-column-gap-default\">\n\t\t\t\t\t<div class=\"elementor-column elementor-col-100 elementor-top-column elementor-element elementor-element-885e0a7\" data-id=\"885e0a7\" data-element_type=\"column\" data-e-type=\"column\">\n\t\t\t<div class=\"elementor-widget-wrap elementor-element-populated\">\n\t\t\t\t\t\t<div class=\"elementor-element elementor-element-88e0e24 animated-fast elementor-invisible elementor-widget elementor-widget-heading\" data-id=\"88e0e24\" data-element_type=\"widget\" data-e-type=\"widget\" data-settings=\"{&quot;_animation&quot;:&quot;fadeInUp&quot;}\" data-widget_type=\"heading.default\">\n\t\t\t\t<div class=\"elementor-widget-container\">\n\t\t\t\t\t<h1 class=\"elementor-heading-title elementor-size-default\">Parlons-en.<\/h1>\t\t\t\t<\/div>\n\t\t\t\t<\/div>\n\t\t\t\t<div class=\"elementor-element elementor-element-28ebf7f stroked animated-fast elementor-invisible elementor-widget elementor-widget-heading\" data-id=\"28ebf7f\" data-element_type=\"widget\" data-e-type=\"widget\" data-settings=\"{&quot;_animation&quot;:&quot;fadeInUp&quot;,&quot;_animation_delay&quot;:&quot;200&quot;}\" data-widget_type=\"heading.default\">\n\t\t\t\t<div class=\"elementor-widget-container\">\n\t\t\t\t\t<h1 class=\"elementor-heading-title elementor-size-default\">Contactez-nous.<\/h1>\t\t\t\t<\/div>\n\t\t\t\t<\/div>\n\t\t\t\t<div class=\"elementor-element elementor-element-91989fc elementor-widget elementor-widget-spacer\" data-id=\"91989fc\" data-element_type=\"widget\" data-e-type=\"widget\" data-widget_type=\"spacer.default\">\n\t\t\t\t<div class=\"elementor-widget-container\">\n\t\t\t\t\t\t\t<div class=\"elementor-spacer\">\n\t\t\t<div class=\"elementor-spacer-inner\"><\/div>\n\t\t<\/div>\n\t\t\t\t\t\t<\/div>\n\t\t\t\t<\/div>\n\t\t\t\t\t<\/div>\n\t\t<\/div>\n\t\t\t\t\t<\/div>\n\t\t<\/section>\n\t\t\t\t<section class=\"elementor-section elementor-top-section elementor-element elementor-element-6918e25 elementor-section-full_width elementor-section-height-default elementor-section-height-default\" data-id=\"6918e25\" data-element_type=\"section\" data-e-type=\"section\">\n\t\t\t\t\t\t<div class=\"elementor-container elementor-column-gap-default\">\n\t\t\t\t\t<div class=\"elementor-column elementor-col-100 elementor-top-column elementor-element elementor-element-387f66f\" data-id=\"387f66f\" data-element_type=\"column\" data-e-type=\"column\">\n\t\t\t<div class=\"elementor-widget-wrap elementor-element-populated\">\n\t\t\t\t\t\t<div class=\"elementor-element elementor-element-9705bb8 elementor-widget__width-auto elementor-widget elementor-widget-image\" data-id=\"9705bb8\" data-element_type=\"widget\" data-e-type=\"widget\" id=\"rotation-sphere\" data-widget_type=\"image.default\">\n\t\t\t\t<div class=\"elementor-widget-container\">\n\t\t\t\t\t\t\t\t\t\t\t\t\t\t\t<img decoding=\"async\" width=\"1\" height=\"1\" src=\"https:\/\/cba-design.com\/france\/wp-content\/uploads\/sites\/2\/2021\/02\/scroll_cba-2.svg\" class=\"attachment-large size-large wp-image-4830\" alt=\"\" title=\"\">\t\t\t\t\t\t\t\t\t\t\t\t\t\t\t<\/div>\n\t\t\t\t<\/div>\n\t\t\t\t<div class=\"elementor-element elementor-element-d79b2d5 elementor-widget__width-auto dirigable elementor-absolute elementor-widget elementor-widget-image\" data-id=\"d79b2d5\" data-element_type=\"widget\" data-e-type=\"widget\" data-settings=\"{&quot;_position&quot;:&quot;absolute&quot;}\" data-widget_type=\"image.default\">\n\t\t\t\t<div class=\"elementor-widget-container\">\n\t\t\t\t\t\t\t\t\t\t\t\t\t\t\t<img decoding=\"async\" width=\"1\" height=\"1\" src=\"https:\/\/cba-design.com\/france\/wp-content\/uploads\/sites\/2\/2021\/02\/dirigeable_cba.svg\" class=\"attachment-large size-large wp-image-4826\" alt=\"\" title=\"\">\t\t\t\t\t\t\t\t\t\t\t\t\t\t\t<\/div>\n\t\t\t\t<\/div>\n\t\t\t\t<div class=\"elementor-element elementor-element-da47d2e elementor-widget elementor-widget-spacer\" data-id=\"da47d2e\" data-element_type=\"widget\" data-e-type=\"widget\" data-widget_type=\"spacer.default\">\n\t\t\t\t<div class=\"elementor-widget-container\">\n\t\t\t\t\t\t\t<div class=\"elementor-spacer\">\n\t\t\t<div class=\"elementor-spacer-inner\"><\/div>\n\t\t<\/div>\n\t\t\t\t\t\t<\/div>\n\t\t\t\t<\/div>\n\t\t\t\t<div class=\"elementor-element elementor-element-765dc67 elementor-widget__width-auto elementor-widget elementor-widget-image\" data-id=\"765dc67\" data-element_type=\"widget\" data-e-type=\"widget\" data-widget_type=\"image.default\">\n\t\t\t\t<div class=\"elementor-widget-container\">\n\t\t\t\t\t\t\t\t\t\t\t\t\t\t\t<img decoding=\"async\" width=\"1\" height=\"1\" src=\"https:\/\/cba-design.com\/france\/wp-content\/uploads\/sites\/2\/2020\/12\/verticale-line.svg\" class=\"attachment-large size-large wp-image-117\" alt=\"\" title=\"\">\t\t\t\t\t\t\t\t\t\t\t\t\t\t\t<\/div>\n\t\t\t\t<\/div>\n\t\t\t\t\t<\/div>\n\t\t<\/div>\n\t\t\t\t\t<\/div>\n\t\t<\/section>\n\t\t\t\t<section class=\"elementor-section elementor-top-section elementor-element elementor-element-742eabb elementor-section-boxed elementor-section-height-default elementor-section-height-default\" data-id=\"742eabb\" data-element_type=\"section\" data-e-type=\"section\">\n\t\t\t\t\t\t<div class=\"elementor-container elementor-column-gap-default\">\n\t\t\t\t\t<div class=\"elementor-column elementor-col-100 elementor-top-column elementor-element elementor-element-d88f3d2\" data-id=\"d88f3d2\" data-element_type=\"column\" data-e-type=\"column\">\n\t\t\t<div class=\"elementor-widget-wrap elementor-element-populated\">\n\t\t\t\t\t\t<section class=\"elementor-section elementor-inner-section elementor-element elementor-element-8ba64a4 elementor-section-content-bottom elementor-section-boxed elementor-section-height-default elementor-section-height-default\" data-id=\"8ba64a4\" data-element_type=\"section\" data-e-type=\"section\">\n\t\t\t\t\t\t<div class=\"elementor-container elementor-column-gap-default\">\n\t\t\t\t\t<div class=\"elementor-column elementor-col-50 elementor-inner-column elementor-element elementor-element-2e2e78f\" data-id=\"2e2e78f\" data-element_type=\"column\" data-e-type=\"column\">\n\t\t\t<div class=\"elementor-widget-wrap elementor-element-populated\">\n\t\t\t\t\t\t<div class=\"elementor-element elementor-element-2db95d1 animated-fast elementor-invisible elementor-widget elementor-widget-text-editor\" data-id=\"2db95d1\" data-element_type=\"widget\" data-e-type=\"widget\" data-settings=\"{&quot;_animation&quot;:&quot;fadeInUp&quot;}\" data-widget_type=\"text-editor.default\">\n\t\t\t\t<div class=\"elementor-widget-container\">\n\t\t\t\t\t\t\t\t\t<p><strong>Rendons votre marque Unordinary.<\/strong><\/p><p>Pr\u00eat \u00e0 abandonner l&#8217;ordinaire ? Le premier pas pour exploiter la puissance des Unordinary Ideas commence ici. <br \/><strong>Contactez-nous d\u00e8s aujourd&#8217;hui.<\/strong><\/p>\t\t\t\t\t\t\t\t<\/div>\n\t\t\t\t<\/div>\n\t\t\t\t\t<\/div>\n\t\t<\/div>\n\t\t\t\t<div class=\"elementor-column elementor-col-50 elementor-inner-column elementor-element elementor-element-30599e6\" data-id=\"30599e6\" data-element_type=\"column\" data-e-type=\"column\">\n\t\t\t<div class=\"elementor-widget-wrap elementor-element-populated\">\n\t\t\t\t\t\t<div class=\"elementor-element elementor-element-dcc19b8 elementor-invisible elementor-widget elementor-widget-heading\" data-id=\"dcc19b8\" data-element_type=\"widget\" data-e-type=\"widget\" data-settings=\"{&quot;_animation&quot;:&quot;fadeInUp&quot;}\" data-widget_type=\"heading.default\">\n\t\t\t\t<div class=\"elementor-widget-container\">\n\t\t\t\t\t<div class=\"elementor-heading-title elementor-size-default\">\/ CONTACT.<\/div>\t\t\t\t<\/div>\n\t\t\t\t<\/div>\n\t\t\t\t\t<\/div>\n\t\t<\/div>\n\t\t\t\t\t<\/div>\n\t\t<\/section>\n\t\t\t\t\t<\/div>\n\t\t<\/div>\n\t\t\t\t\t<\/div>\n\t\t<\/section>\n\t\t\t\t<section class=\"elementor-section elementor-top-section elementor-element elementor-element-89cdbb2 elementor-section-boxed elementor-section-height-default elementor-section-height-default\" data-id=\"89cdbb2\" data-element_type=\"section\" data-e-type=\"section\">\n\t\t\t\t\t\t<div class=\"elementor-container elementor-column-gap-default\">\n\t\t\t\t\t<div class=\"elementor-column elementor-col-100 elementor-top-column elementor-element elementor-element-e5269fa\" data-id=\"e5269fa\" data-element_type=\"column\" data-e-type=\"column\">\n\t\t\t<div class=\"elementor-widget-wrap elementor-element-populated\">\n\t\t\t\t\t\t<div class=\"elementor-element elementor-element-4254ed5 animated-fast elementor-invisible elementor-widget elementor-widget-cba-releases\" data-id=\"4254ed5\" data-element_type=\"widget\" data-e-type=\"widget\" data-settings=\"{&quot;_animation&quot;:&quot;fadeInUp&quot;}\" data-widget_type=\"cba-releases.default\">\n\t\t\t\t<div class=\"elementor-widget-container\">\n\t\t\t\t\t            <div class=\"cba-releases\">\n                                              <div class=\"item\">\n                  <a href=\"https:\/\/cba-design.com\/france\/contact\/form-contact\/\" target=\"_blank\" class=\"mouse-hover\">\n                    <div class=\"cursor cursor-plus\"><\/div>\n                    <div class=\"gutter\">\n                      <div class=\"num\">\/ 01<\/div>\n                      <div class=\"title\">Une demande business pour votre marque ? <\/div>\n                      <div class=\"desc\">\n                        <p>\u00c9changeons sur vos besoins et vos id\u00e9es ! Nous sommes l\u00e0 pour vous accompagner.<\/p>                                                  <div class=\"sub\">\n                            \/ BUSINESS                          <\/div>\n                                              <\/div>\n                      <div class=\"arrow\">\n                        <img decoding=\"async\" src=\"https:\/\/cba-design.com\/france\/wp-content\/themes\/CBAdesign\/img\/arrow-blog.svg\" alt=\"\" class=\"svg-image\" title=\"\">\n                      <\/div>\n                    <\/div>\n                  <\/a>\n                <\/div>\n                                              <div class=\"item\">\n                  <a href=\"https:\/\/cba-design.com\/france\/nos-jobs\/\" target=\"_blank\" class=\"mouse-hover\">\n                    <div class=\"cursor cursor-plus\"><\/div>\n                    <div class=\"gutter\">\n                      <div class=\"num\">\/ 02<\/div>\n                      <div class=\"title\">Envie de rejoindre nos \u00e9quipes ?<\/div>\n                      <div class=\"desc\">\n                        <p>Parlons-en ! Nous sommes toujours \u00e0 la recherche de nouveaux talents.<\/p>                                                  <div class=\"sub\">\n                            \/ Job                          <\/div>\n                                              <\/div>\n                      <div class=\"arrow\">\n                        <img decoding=\"async\" src=\"https:\/\/cba-design.com\/france\/wp-content\/themes\/CBAdesign\/img\/arrow-blog.svg\" alt=\"\" class=\"svg-image\" title=\"\">\n                      <\/div>\n                    <\/div>\n                  <\/a>\n                <\/div>\n                                              <div class=\"item\">\n                  <a href=\"https:\/\/cba-design.com\/france\/contact\/form-contact\/\" target=\"_blank\" class=\"mouse-hover\">\n                    <div class=\"cursor cursor-plus\"><\/div>\n                    <div class=\"gutter\">\n                      <div class=\"num\">\/ 03<\/div>\n                      <div class=\"title\">Une opportunit\u00e9 de communication ? <\/div>\n                      <div class=\"desc\">\n                        <p>Discutons ! Nous sommes toujours heureux de partager notre expertise.<\/p>                                                  <div class=\"sub\">\n                            \/ PRESS &amp; EVENT                          <\/div>\n                                              <\/div>\n                      <div class=\"arrow\">\n                        <img decoding=\"async\" src=\"https:\/\/cba-design.com\/france\/wp-content\/themes\/CBAdesign\/img\/arrow-blog.svg\" alt=\"\" class=\"svg-image\" title=\"\">\n                      <\/div>\n                    <\/div>\n                  <\/a>\n                <\/div>\n                          <\/div>\n            \t\t\t\t<\/div>\n\t\t\t\t<\/div>\n\t\t\t\t\t<\/div>\n\t\t<\/div>\n\t\t\t\t\t<\/div>\n\t\t<\/section>\n\t\t\t\t<section class=\"elementor-section elementor-top-section elementor-element elementor-element-5000a78 elementor-section-full_width elementor-section-height-default elementor-section-height-default\" data-id=\"5000a78\" data-element_type=\"section\" data-e-type=\"section\">\n\t\t\t\t\t\t<div class=\"elementor-container elementor-column-gap-default\">\n\t\t\t\t\t<div class=\"elementor-column elementor-col-100 elementor-top-column elementor-element elementor-element-5609cd5\" data-id=\"5609cd5\" data-element_type=\"column\" data-e-type=\"column\">\n\t\t\t<div class=\"elementor-widget-wrap elementor-element-populated\">\n\t\t\t\t\t\t<div class=\"elementor-element elementor-element-0316400 elementor-widget elementor-widget-image\" data-id=\"0316400\" data-element_type=\"widget\" data-e-type=\"widget\" data-widget_type=\"image.default\">\n\t\t\t\t<div class=\"elementor-widget-container\">\n\t\t\t\t\t\t\t\t\t\t\t\t\t\t\t<img loading=\"lazy\" decoding=\"async\" width=\"1400\" height=\"543\" src=\"https:\/\/cba-design.com\/france\/wp-content\/uploads\/sites\/2\/2021\/01\/localisation_CBA-1400x543.jpg\" class=\"attachment-large size-large wp-image-3368\" alt=\"contact\" srcset=\"https:\/\/cba-design.com\/france\/wp-content\/uploads\/sites\/2\/2021\/01\/localisation_CBA-1400x543.jpg 1400w, https:\/\/cba-design.com\/france\/wp-content\/uploads\/sites\/2\/2021\/01\/localisation_CBA-520x202.jpg 520w, https:\/\/cba-design.com\/france\/wp-content\/uploads\/sites\/2\/2021\/01\/localisation_CBA-1120x435.jpg 1120w, https:\/\/cba-design.com\/france\/wp-content\/uploads\/sites\/2\/2021\/01\/localisation_CBA-768x298.jpg 768w, https:\/\/cba-design.com\/france\/wp-content\/uploads\/sites\/2\/2021\/01\/localisation_CBA.jpg 1440w\" sizes=\"(max-width: 1400px) 100vw, 1400px\" title=\"\">\t\t\t\t\t\t\t\t\t\t\t\t\t\t\t<\/div>\n\t\t\t\t<\/div>\n\t\t\t\t\t<\/div>\n\t\t<\/div>\n\t\t\t\t\t<\/div>\n\t\t<\/section>\n\t\t\t\t<section class=\"elementor-section elementor-top-section elementor-element elementor-element-560923e elementor-section-boxed elementor-section-height-default elementor-section-height-default\" data-id=\"560923e\" data-element_type=\"section\" data-e-type=\"section\">\n\t\t\t\t\t\t<div class=\"elementor-container elementor-column-gap-default\">\n\t\t\t\t\t<div class=\"elementor-column elementor-col-100 elementor-top-column elementor-element elementor-element-96d44ae\" data-id=\"96d44ae\" data-element_type=\"column\" data-e-type=\"column\">\n\t\t\t<div class=\"elementor-widget-wrap elementor-element-populated\">\n\t\t\t\t\t\t<section class=\"elementor-section elementor-inner-section elementor-element elementor-element-3dc447b animated-fast elementor-section-boxed elementor-section-height-default elementor-section-height-default elementor-invisible\" data-id=\"3dc447b\" data-element_type=\"section\" data-e-type=\"section\" data-settings=\"{&quot;background_background&quot;:&quot;classic&quot;,&quot;animation&quot;:&quot;fadeInUp&quot;}\">\n\t\t\t\t\t\t<div class=\"elementor-container elementor-column-gap-default\">\n\t\t\t\t\t<div class=\"elementor-column elementor-col-33 elementor-inner-column elementor-element elementor-element-69dfada elementor-hidden-phone\" data-id=\"69dfada\" data-element_type=\"column\" data-e-type=\"column\" data-settings=\"{&quot;background_background&quot;:&quot;classic&quot;}\">\n\t\t\t<div class=\"elementor-widget-wrap\">\n\t\t\t\t\t\t\t<\/div>\n\t\t<\/div>\n\t\t\t\t<div class=\"elementor-column elementor-col-33 elementor-inner-column elementor-element elementor-element-8432d8c\" data-id=\"8432d8c\" data-element_type=\"column\" data-e-type=\"column\">\n\t\t\t<div class=\"elementor-widget-wrap elementor-element-populated\">\n\t\t\t\t\t\t<div class=\"elementor-element elementor-element-27efd38 elementor-widget elementor-widget-heading\" data-id=\"27efd38\" data-element_type=\"widget\" data-e-type=\"widget\" data-widget_type=\"heading.default\">\n\t\t\t\t<div class=\"elementor-widget-container\">\n\t\t\t\t\t<h2 class=\"elementor-heading-title elementor-size-default\">CBA Paris<\/h2>\t\t\t\t<\/div>\n\t\t\t\t<\/div>\n\t\t\t\t<div class=\"elementor-element elementor-element-512e44f elementor-widget-divider--view-line elementor-widget elementor-widget-divider\" data-id=\"512e44f\" data-element_type=\"widget\" data-e-type=\"widget\" data-widget_type=\"divider.default\">\n\t\t\t\t<div class=\"elementor-widget-container\">\n\t\t\t\t\t\t\t<div class=\"elementor-divider\">\n\t\t\t<span class=\"elementor-divider-separator\">\n\t\t\t\t\t\t<\/span>\n\t\t<\/div>\n\t\t\t\t\t\t<\/div>\n\t\t\t\t<\/div>\n\t\t\t\t<div class=\"elementor-element elementor-element-5b5bb50 elementor-widget elementor-widget-heading\" data-id=\"5b5bb50\" data-element_type=\"widget\" data-e-type=\"widget\" data-widget_type=\"heading.default\">\n\t\t\t\t<div class=\"elementor-widget-container\">\n\t\t\t\t\t<p class=\"elementor-heading-title elementor-size-default\">96 Rue Edouard Vaillant, <br>92300 - Levallois-Perret<\/p>\t\t\t\t<\/div>\n\t\t\t\t<\/div>\n\t\t\t\t<div class=\"elementor-element elementor-element-7cab818 elementor-widget elementor-widget-heading\" data-id=\"7cab818\" data-element_type=\"widget\" data-e-type=\"widget\" data-widget_type=\"heading.default\">\n\t\t\t\t<div class=\"elementor-widget-container\">\n\t\t\t\t\t<p class=\"elementor-heading-title elementor-size-default\"><b>TEL +33 1 40 54 09 00<\/b><\/p>\t\t\t\t<\/div>\n\t\t\t\t<\/div>\n\t\t\t\t<div class=\"elementor-element elementor-element-73c759f elementor-widget elementor-widget-heading\" data-id=\"73c759f\" data-element_type=\"widget\" data-e-type=\"widget\" data-widget_type=\"heading.default\">\n\t\t\t\t<div class=\"elementor-widget-container\">\n\t\t\t\t\t<p class=\"elementor-heading-title elementor-size-default\"><b>Access : <\/b>Ligne 3 - Pont de Levallois - B\u00e9con<\/p>\t\t\t\t<\/div>\n\t\t\t\t<\/div>\n\t\t\t\t\t<\/div>\n\t\t<\/div>\n\t\t\t\t<div class=\"elementor-column elementor-col-33 elementor-inner-column elementor-element elementor-element-b5df629\" data-id=\"b5df629\" data-element_type=\"column\" data-e-type=\"column\">\n\t\t\t<div class=\"elementor-widget-wrap elementor-element-populated\">\n\t\t\t\t\t\t<div class=\"elementor-element elementor-element-d02d906 elementor-widget elementor-widget-heading\" data-id=\"d02d906\" data-element_type=\"widget\" data-e-type=\"widget\" data-widget_type=\"heading.default\">\n\t\t\t\t<div class=\"elementor-widget-container\">\n\t\t\t\t\t<h2 class=\"elementor-heading-title elementor-size-default\">Suivez-nous !<\/h2>\t\t\t\t<\/div>\n\t\t\t\t<\/div>\n\t\t\t\t<div class=\"elementor-element elementor-element-d0364d5 elementor-view-framed elementor-widget-mobile__width-auto elementor-shape-circle elementor-widget elementor-widget-icon\" data-id=\"d0364d5\" data-element_type=\"widget\" data-e-type=\"widget\" data-widget_type=\"icon.default\">\n\t\t\t\t<div class=\"elementor-widget-container\">\n\t\t\t\t\t\t\t<div class=\"elementor-icon-wrapper\">\n\t\t\t<div class=\"elementor-icon\">\n\t\t\t<i aria-hidden=\"true\" class=\"fab fa-facebook-f\"><\/i>\t\t\t<\/div>\n\t\t<\/div>\n\t\t\t\t\t\t<\/div>\n\t\t\t\t<\/div>\n\t\t\t\t<div class=\"elementor-element elementor-element-e72b996 elementor-view-framed elementor-widget-mobile__width-auto elementor-shape-circle elementor-widget elementor-widget-icon\" data-id=\"e72b996\" data-element_type=\"widget\" data-e-type=\"widget\" data-widget_type=\"icon.default\">\n\t\t\t\t<div class=\"elementor-widget-container\">\n\t\t\t\t\t\t\t<div class=\"elementor-icon-wrapper\">\n\t\t\t<a class=\"elementor-icon\" href=\"https:\/\/www.linkedin.com\/company\/cb&#039;a\/mycompany\/\" target=\"_blank\" rel=\"noopener\">\n\t\t\t<i aria-hidden=\"true\" class=\"fab fa-linkedin-in\"><\/i>\t\t\t<\/a>\n\t\t<\/div>\n\t\t\t\t\t\t<\/div>\n\t\t\t\t<\/div>\n\t\t\t\t<div class=\"elementor-element elementor-element-32ab815 elementor-view-framed elementor-widget-mobile__width-auto elementor-shape-circle elementor-widget elementor-widget-icon\" data-id=\"32ab815\" data-element_type=\"widget\" data-e-type=\"widget\" data-widget_type=\"icon.default\">\n\t\t\t\t<div class=\"elementor-widget-container\">\n\t\t\t\t\t\t\t<div class=\"elementor-icon-wrapper\">\n\t\t\t<a class=\"elementor-icon\" href=\"https:\/\/www.linkedin.com\/company\/cb&#039;a\/mycompany\/\" target=\"_blank\" rel=\"noopener\">\n\t\t\t<i aria-hidden=\"true\" class=\"fab fa-twitter\"><\/i>\t\t\t<\/a>\n\t\t<\/div>\n\t\t\t\t\t\t<\/div>\n\t\t\t\t<\/div>\n\t\t\t\t<div class=\"elementor-element elementor-element-0b419b0 elementor-view-framed elementor-widget-mobile__width-auto elementor-shape-circle elementor-widget elementor-widget-icon\" data-id=\"0b419b0\" data-element_type=\"widget\" data-e-type=\"widget\" data-widget_type=\"icon.default\">\n\t\t\t\t<div class=\"elementor-widget-container\">\n\t\t\t\t\t\t\t<div class=\"elementor-icon-wrapper\">\n\t\t\t<a class=\"elementor-icon\" href=\"https:\/\/www.instagram.com\/cba_design\/\" target=\"_blank\" rel=\"noopener\">\n\t\t\t<i aria-hidden=\"true\" class=\"fab fa-instagram\"><\/i>\t\t\t<\/a>\n\t\t<\/div>\n\t\t\t\t\t\t<\/div>\n\t\t\t\t<\/div>\n\t\t\t\t\t<\/div>\n\t\t<\/div>\n\t\t\t\t\t<\/div>\n\t\t<\/section>\n\t\t\t\t\t<\/div>\n\t\t<\/div>\n\t\t\t\t\t<\/div>\n\t\t<\/section>\n\t\t\t\t<section class=\"elementor-section elementor-top-section elementor-element elementor-element-808c87f elementor-section-boxed elementor-section-height-default elementor-section-height-default\" data-id=\"808c87f\" data-element_type=\"section\" data-e-type=\"section\">\n\t\t\t\t\t\t<div class=\"elementor-container elementor-column-gap-default\">\n\t\t\t\t\t<div class=\"elementor-column elementor-col-100 elementor-top-column elementor-element elementor-element-5f23787\" data-id=\"5f23787\" data-element_type=\"column\" data-e-type=\"column\">\n\t\t\t<div class=\"elementor-widget-wrap elementor-element-populated\">\n\t\t\t\t\t\t<div class=\"elementor-element elementor-element-b5f20ad elementor-widget elementor-widget-text-editor\" data-id=\"b5f20ad\" data-element_type=\"widget\" data-e-type=\"widget\" data-widget_type=\"text-editor.default\">\n\t\t\t\t<div class=\"elementor-widget-container\">\n\t\t\t\t\t\t\t\t\t<p style=\"font-weight: 400;\">Conform\u00e9ment \u00e0 la demande du Gouvernement, nous mettons \u00e0 votre disposition le r\u00e9sultat de notre&nbsp;<strong>Index Egalit\u00e9<\/strong>&nbsp;entre les femmes et les hommes pour l\u2019ann\u00e9e 2025.<\/p>\n<p style=\"font-weight: 400;\"><strong>Notre Index g\u00e9n\u00e9ral est \u00e0 91 points sur 100.&nbsp;<\/strong>Celui-ci se d\u00e9cline en quatre indicateurs :<\/p>\n<ul style=\"\">\n<li style=\"\">Ecart de r\u00e9mun\u00e9ration entre les femmes et les hommes : <b>31 pts \/40 <\/b>(\u00e9cart de r\u00e9mun\u00e9ration en faveur des femmes)<\/li>\n<li style=\"\"><span style=\"font-weight: 400;\">Ecart de r\u00e9partition des augmentations individuelles entre les femmes et les hommes : <\/span><b>35 pts \/35<\/b><\/li>\n<li style=\"\"><span style=\"font-weight: 400;\">Taux de salari\u00e9es augment\u00e9es apr\u00e8s leur retour maternit\u00e9 :<\/span><b> 15 pts \/15<\/b><\/li>\n<li style=\"\"><span style=\"font-weight: 400;\">R\u00e9partition sexu\u00e9e des dix salari\u00e9s ayant les plus hautes r\u00e9mun\u00e9rations : <\/span><b>10 pts \/10<\/b><\/li><\/ul><ul>\n<\/ul>\t\t\t\t\t\t\t\t<\/div>\n\t\t\t\t<\/div>\n\t\t\t\t\t<\/div>\n\t\t<\/div>\n\t\t\t\t\t<\/div>\n\t\t<\/section>\n\t\t\t\t<\/div>\n\t\t","protected":false},"excerpt":{"rendered":"<p>Parlons-en. Contactez-nous. Rendons votre marque Unordinary. Pr\u00eat \u00e0 abandonner l&#8217;ordinaire ? Le premier pas pour exploiter la puissance des Unordinary Ideas commence ici. Contactez-nous d\u00e8s aujourd&#8217;hui. \/ CONTACT. \/ 01 Une demande business pour votre marque ? \u00c9changeons sur vos besoins et vos id\u00e9es ! Nous sommes l\u00e0 pour vous accompagner. \/ BUSINESS \/ 02 [&hellip;]<\/p>\n","protected":false},"author":3,"featured_media":0,"parent":0,"menu_order":0,"comment_status":"closed","ping_status":"closed","template":"","meta":{"_acf_changed":false,"footnotes":""},"class_list":["post-40","page","type-page","status-publish","hentry"],"acf":[],"lang":"fr","translations":{"fr":40,"en":5703},"pll_sync_post":[],"_links":{"self":[{"href":"https:\/\/cba-design.com\/france\/wp-json\/wp\/v2\/pages\/40","targetHints":{"allow":["GET"]}}],"collection":[{"href":"https:\/\/cba-design.com\/france\/wp-json\/wp\/v2\/pages"}],"about":[{"href":"https:\/\/cba-design.com\/france\/wp-json\/wp\/v2\/types\/page"}],"author":[{"embeddable":true,"href":"https:\/\/cba-design.com\/france\/wp-json\/wp\/v2\/users\/3"}],"replies":[{"embeddable":true,"href":"https:\/\/cba-design.com\/france\/wp-json\/wp\/v2\/comments?post=40"}],"version-history":[{"count":3,"href":"https:\/\/cba-design.com\/france\/wp-json\/wp\/v2\/pages\/40\/revisions"}],"predecessor-version":[{"id":42548,"href":"https:\/\/cba-design.com\/france\/wp-json\/wp\/v2\/pages\/40\/revisions\/42548"}],"wp:attachment":[{"href":"https:\/\/cba-design.com\/france\/wp-json\/wp\/v2\/media?parent=40"}],"curies":[{"name":"wp","href":"https:\/\/api.w.org\/{rel}","templated":true}]}}