{"id":5686,"date":"2021-02-16T15:09:47","date_gmt":"2021-02-16T14:09:47","guid":{"rendered":"https:\/\/cba-design.com\/france\/?page_id=5686"},"modified":"2026-03-30T17:28:54","modified_gmt":"2026-03-30T15:28:54","slug":"thoughts","status":"publish","type":"page","link":"https:\/\/cba-design.com\/france\/en\/thoughts\/","title":{"rendered":"News"},"content":{"rendered":"\t\t<div data-elementor-type=\"wp-page\" data-elementor-id=\"5686\" class=\"elementor elementor-5686\" data-elementor-post-type=\"page\">\n\t\t\t\t\t\t<section class=\"elementor-section elementor-top-section elementor-element elementor-element-d33634e elementor-section-height-min-height elementor-section-full_width elementor-section-height-default elementor-section-items-middle\" data-id=\"d33634e\" data-element_type=\"section\" data-e-type=\"section\" data-settings=\"{&quot;background_background&quot;:&quot;classic&quot;,&quot;background_motion_fx_motion_fx_mouse&quot;:&quot;yes&quot;,&quot;background_motion_fx_mouseTrack_effect&quot;:&quot;yes&quot;,&quot;background_motion_fx_mouseTrack_speed&quot;:{&quot;unit&quot;:&quot;px&quot;,&quot;size&quot;:1.2,&quot;sizes&quot;:[]}}\">\n\t\t\t\t\t\t<div class=\"elementor-container elementor-column-gap-default\">\n\t\t\t\t\t<div class=\"elementor-column elementor-col-100 elementor-top-column elementor-element elementor-element-f514abb\" data-id=\"f514abb\" data-element_type=\"column\" data-e-type=\"column\">\n\t\t\t<div class=\"elementor-widget-wrap elementor-element-populated\">\n\t\t\t\t\t\t<div class=\"elementor-element elementor-element-d92f03f animated-fast elementor-invisible elementor-widget elementor-widget-heading\" data-id=\"d92f03f\" data-element_type=\"widget\" data-e-type=\"widget\" data-settings=\"{&quot;_animation&quot;:&quot;fadeInUp&quot;}\" data-widget_type=\"heading.default\">\n\t\t\t\t<div class=\"elementor-widget-container\">\n\t\t\t\t\t<h1 class=\"elementor-heading-title elementor-size-default\">Unordinary <\/h1>\t\t\t\t<\/div>\n\t\t\t\t<\/div>\n\t\t\t\t<div class=\"elementor-element elementor-element-285b680 stroked animated-fast elementor-invisible elementor-widget elementor-widget-heading\" data-id=\"285b680\" data-element_type=\"widget\" data-e-type=\"widget\" data-settings=\"{&quot;_animation&quot;:&quot;fadeInUp&quot;,&quot;_animation_delay&quot;:&quot;200&quot;}\" data-widget_type=\"heading.default\">\n\t\t\t\t<div class=\"elementor-widget-container\">\n\t\t\t\t\t<h1 class=\"elementor-heading-title elementor-size-default\">Perspectives.<\/h1>\t\t\t\t<\/div>\n\t\t\t\t<\/div>\n\t\t\t\t<div class=\"elementor-element elementor-element-bc444b1 elementor-widget elementor-widget-spacer\" data-id=\"bc444b1\" data-element_type=\"widget\" data-e-type=\"widget\" data-widget_type=\"spacer.default\">\n\t\t\t\t<div class=\"elementor-widget-container\">\n\t\t\t\t\t\t\t<div class=\"elementor-spacer\">\n\t\t\t<div class=\"elementor-spacer-inner\"><\/div>\n\t\t<\/div>\n\t\t\t\t\t\t<\/div>\n\t\t\t\t<\/div>\n\t\t\t\t\t<\/div>\n\t\t<\/div>\n\t\t\t\t\t<\/div>\n\t\t<\/section>\n\t\t\t\t<section class=\"elementor-section elementor-top-section elementor-element elementor-element-b928591 elementor-hidden-desktop elementor-hidden-tablet elementor-hidden-mobile elementor-section-boxed elementor-section-height-default elementor-section-height-default\" data-id=\"b928591\" data-element_type=\"section\" data-e-type=\"section\">\n\t\t\t\t\t\t<div class=\"elementor-container elementor-column-gap-default\">\n\t\t\t\t\t<div class=\"elementor-column elementor-col-100 elementor-top-column elementor-element elementor-element-83fc7f2\" data-id=\"83fc7f2\" data-element_type=\"column\" data-e-type=\"column\">\n\t\t\t<div class=\"elementor-widget-wrap elementor-element-populated\">\n\t\t\t\t\t\t<div class=\"elementor-element elementor-element-a0d9913 elementor-widget elementor-widget-cba-blog-filter\" data-id=\"a0d9913\" data-element_type=\"widget\" data-e-type=\"widget\" data-widget_type=\"cba-blog-filter.default\">\n\t\t\t\t<div class=\"elementor-widget-container\">\n\t\t\t\t\t            <div class=\"blog-filter\" data-blog=\"\/france\/\" data-lang=\"\">\n              <div class=\"row main-cats\">\n                <div class=\"cat filter-by\">Filtrer par <span><\/span><\/div>\n                <div class=\"cat\">\n                  <a href=\"\" data-term=\"all\"><span><\/span>All posts<\/a>\n                <\/div>\n                                                  <div class=\"cat\">\n                    <a href=\"\" data-term=\"593\"><span><\/span>Awards<\/a>\n                  <\/div>\n                                  <div class=\"cat\">\n                    <a href=\"\" data-term=\"78\"><span><\/span>Awards<\/a>\n                  <\/div>\n                                  <div class=\"cat\">\n                    <a href=\"\" data-term=\"4532\"><span><\/span>Get inspired!<\/a>\n                  <\/div>\n                                  <div class=\"cat\">\n                    <a href=\"\" data-term=\"4588\"><span><\/span>Get inspired!<\/a>\n                  <\/div>\n                                  <div class=\"cat\">\n                    <a href=\"\" data-term=\"90\"><span><\/span>Insights<\/a>\n                  <\/div>\n                                  <div class=\"cat\">\n                    <a href=\"\" data-term=\"532\"><span><\/span>Insights<\/a>\n                  <\/div>\n                                  <div class=\"cat\">\n                    <a href=\"\" data-term=\"530\"><span><\/span>News<\/a>\n                  <\/div>\n                                  <div class=\"cat\">\n                    <a href=\"\" data-term=\"80\"><span><\/span>News<\/a>\n                  <\/div>\n                              <\/div>\n            <\/div>\n            \t\t\t\t<\/div>\n\t\t\t\t<\/div>\n\t\t\t\t\t<\/div>\n\t\t<\/div>\n\t\t\t\t\t<\/div>\n\t\t<\/section>\n\t\t\t\t<section class=\"elementor-section elementor-top-section elementor-element elementor-element-7f2fb0c elementor-section-boxed elementor-section-height-default elementor-section-height-default\" data-id=\"7f2fb0c\" data-element_type=\"section\" data-e-type=\"section\">\n\t\t\t\t\t\t<div class=\"elementor-container elementor-column-gap-default\">\n\t\t\t\t\t<div class=\"elementor-column elementor-col-50 elementor-top-column elementor-element elementor-element-f35cdb5\" data-id=\"f35cdb5\" data-element_type=\"column\" data-e-type=\"column\">\n\t\t\t<div class=\"elementor-widget-wrap elementor-element-populated\">\n\t\t\t\t\t\t<div class=\"elementor-element elementor-element-782a475 animated-fast elementor-invisible elementor-widget elementor-widget-text-editor\" data-id=\"782a475\" data-element_type=\"widget\" data-e-type=\"widget\" data-settings=\"{&quot;_animation&quot;:&quot;fadeInUp&quot;}\" data-widget_type=\"text-editor.default\">\n\t\t\t\t<div class=\"elementor-widget-container\">\n\t\t\t\t\t\t\t\t\t<p>What&#8217;s truly moving the needle in\u00a0<strong>global branding<\/strong>\u00a0today?<\/p><p>Dive into\u00a0our latest thinking on how to ditch the predictable and embrace the unordinary. Our<strong> insights<\/strong>\u00a0cover the most critical topics shaping the future of brands today.<\/p>\t\t\t\t\t\t\t\t<\/div>\n\t\t\t\t<\/div>\n\t\t\t\t\t<\/div>\n\t\t<\/div>\n\t\t\t\t<div class=\"elementor-column elementor-col-50 elementor-top-column elementor-element elementor-element-effeaef\" data-id=\"effeaef\" data-element_type=\"column\" data-e-type=\"column\">\n\t\t\t<div class=\"elementor-widget-wrap elementor-element-populated\">\n\t\t\t\t\t\t<div class=\"elementor-element elementor-element-51f23cf elementor-tablet-align-center elementor-mobile-align-left animated-fast elementor-align-right elementor-hidden-desktop elementor-hidden-tablet elementor-hidden-mobile cba-button-default elementor-invisible elementor-widget elementor-widget-cba-boutons\" data-id=\"51f23cf\" data-element_type=\"widget\" data-e-type=\"widget\" data-settings=\"{&quot;_animation&quot;:&quot;fadeInUp&quot;}\" data-widget_type=\"cba-boutons.default\">\n\t\t\t\t<div class=\"elementor-widget-container\">\n\t\t\t\t\t        \t\t<div class=\"elementor-button-wrapper\">\n        \t\t\t<a href=\"#elementor-action%3Aaction%3Dpopup%3Aopen%26settings%3DeyJpZCI6IjU5MzIiLCJ0b2dnbGUiOmZhbHNlfQ%3D%3D\" class=\"elementor-button-link elementor-button elementor-size-sm\" role=\"button\">\n        \t\t\t\t            <span class=\"elementor-button-content-wrapper\">\n                            <span class=\"elementor-button-icon elementor-align-icon-right\">\n                <i aria-hidden=\"true\" class=\"icon icon-icon-bell\"><\/i>              <\/span>\n                            <span class=\"elementor-button-text\">Subscribe to newsletter<\/span>\n            <\/span>\n                    \t\t\t<\/a>\n        \t\t<\/div>\n\n        \t\t\t\t\t\t<\/div>\n\t\t\t\t<\/div>\n\t\t\t\t\t<\/div>\n\t\t<\/div>\n\t\t\t\t\t<\/div>\n\t\t<\/section>\n\t\t\t\t<section class=\"elementor-section elementor-top-section elementor-element elementor-element-7c2b29d animated-fast elementor-section-boxed elementor-section-height-default elementor-section-height-default elementor-invisible\" data-id=\"7c2b29d\" data-element_type=\"section\" data-e-type=\"section\" data-settings=\"{&quot;animation&quot;:&quot;fadeInUp&quot;}\">\n\t\t\t\t\t\t<div class=\"elementor-container elementor-column-gap-default\">\n\t\t\t\t\t<div class=\"elementor-column elementor-col-100 elementor-top-column elementor-element elementor-element-501eb0f\" data-id=\"501eb0f\" data-element_type=\"column\" data-e-type=\"column\">\n\t\t\t<div class=\"elementor-widget-wrap elementor-element-populated\">\n\t\t\t\t\t\t<div class=\"elementor-element elementor-element-4aba30a elementor-widget elementor-widget-cba-list-blog\" data-id=\"4aba30a\" data-element_type=\"widget\" data-e-type=\"widget\" data-widget_type=\"cba-list-blog.default\">\n\t\t\t\t<div class=\"elementor-widget-container\">\n\t\t\t\t\t\n              <div class=\"blog-une \" id=\"top-blog\">\n                                      <article class=\"big-card-blog\">\n      <a href=\"https:\/\/cba-design.com\/france\/en\/otc-health-brand-marketing-strategy\/\" class=\"mouse-hover\">\n        <div class=\"cursor cursor-plus\"><\/div>\n        <div class=\"img\" style=\"background-image: url(https:\/\/cba-design.com\/france\/wp-content\/uploads\/sites\/2\/2026\/03\/COVER-_HEALTH-1120x476.png);\"><\/div>\n        <div class=\"gutter\">\n          <div class=\"cat\">\n                                        \/ Insights                                    <\/div>\n          <div class=\"title\">\n            <p class=\"blog-card-title\">Health: Turning Solitude into Community<\/p>\n          <\/div>\n          <div class=\"desc\">\n                      <\/div>\n          <div class=\"arrow\">\n            <svg width=\"26px\" height=\"15px\" viewBox=\"0 0 26 15\" version=\"1.1\" xmlns=\"http:\/\/www.w3.org\/2000\/svg\" xmlns:xlink=\"http:\/\/www.w3.org\/1999\/xlink\"><g id=\"06_Publications\" stroke=\"none\" stroke-width=\"1\" fill=\"none\" fill-rule=\"evenodd\"><g id=\"05_02_DETAILS_PUBLICATION\" transform=\"translate(-1278.000000, -9751.000000)\" fill=\"#0F2050\" fill-rule=\"nonzero\"><g id=\"Group-6\" transform=\"translate(134.000000, 9511.000000)\"><polygon id=\"Path-Copy-2\" points=\"1166.64036 248.385 1144 248.385 1144 246.615 1166.64036 246.615 1161.78143 241.250769 1162.91393 240 1169.71429 247.505769 1168.58071 248.757692 1168.57536 248.750769 1162.91393 255 1161.78143 253.749231 1166.64036 248.383846\"><\/polygon><\/g><\/g><\/g><\/svg>\n          <\/div>\n        <\/div>\n      <\/a>\n    <\/article>\n                                  <\/div>\n\n                              <div class=\"list-blog\">\n                  <div class=\"main-gutter\">\n                        <article class=\"card-blog\">\n      <a href=\"https:\/\/cba-design.com\/france\/sante-de-la-solitude-a-la-communaute\/\" class=\"mouse-hover\">\n        <div class=\"cursor cursor-plus\"><\/div>\n        <div class=\"img\" style=\"background-image: url(https:\/\/cba-design.com\/france\/wp-content\/uploads\/sites\/2\/2026\/03\/COVER-SANTE_1-520x221.png);\"><\/div>\n        <div class=\"gutter\">\n          <div class=\"cat\">\n                                        \/ Insights                                    <\/div>\n          <div class=\"title\">\n            <p class=\"blog-card-title\">Sant\u00e9 : de la solitude \u00e0 la communaut\u00e9<\/p>\n          <\/div>\n\n          <div class=\"arrow\">\n            <svg width=\"26px\" height=\"15px\" viewBox=\"0 0 26 15\" version=\"1.1\" xmlns=\"http:\/\/www.w3.org\/2000\/svg\" xmlns:xlink=\"http:\/\/www.w3.org\/1999\/xlink\"><g id=\"06_Publications\" stroke=\"none\" stroke-width=\"1\" fill=\"none\" fill-rule=\"evenodd\"><g id=\"05_02_DETAILS_PUBLICATION\" transform=\"translate(-1278.000000, -9751.000000)\" fill=\"#0F2050\" fill-rule=\"nonzero\"><g id=\"Group-6\" transform=\"translate(134.000000, 9511.000000)\"><polygon id=\"Path-Copy-2\" points=\"1166.64036 248.385 1144 248.385 1144 246.615 1166.64036 246.615 1161.78143 241.250769 1162.91393 240 1169.71429 247.505769 1168.58071 248.757692 1168.57536 248.750769 1162.91393 255 1161.78143 253.749231 1166.64036 248.383846\"><\/polygon><\/g><\/g><\/g><\/svg>\n          <\/div>\n        <\/div>\n      <\/a>\n    <\/article>\n        <article class=\"card-blog\">\n      <a href=\"https:\/\/cba-design.com\/france\/en\/cultural-fluency\/\" class=\"mouse-hover\">\n        <div class=\"cursor cursor-plus\"><\/div>\n        <div class=\"img\" style=\"background-image: url(https:\/\/cba-design.com\/france\/wp-content\/uploads\/sites\/2\/2026\/01\/CBA-1_2-1-520x179.png);\"><\/div>\n        <div class=\"gutter\">\n          <div class=\"cat\">\n                                        \/ Insights                                    <\/div>\n          <div class=\"title\">\n            <p class=\"blog-card-title\">Cultural Fluency: The art of making brands truly resonate in the era of cultural intelligence.<\/p>\n          <\/div>\n\n          <div class=\"arrow\">\n            <svg width=\"26px\" height=\"15px\" viewBox=\"0 0 26 15\" version=\"1.1\" xmlns=\"http:\/\/www.w3.org\/2000\/svg\" xmlns:xlink=\"http:\/\/www.w3.org\/1999\/xlink\"><g id=\"06_Publications\" stroke=\"none\" stroke-width=\"1\" fill=\"none\" fill-rule=\"evenodd\"><g id=\"05_02_DETAILS_PUBLICATION\" transform=\"translate(-1278.000000, -9751.000000)\" fill=\"#0F2050\" fill-rule=\"nonzero\"><g id=\"Group-6\" transform=\"translate(134.000000, 9511.000000)\"><polygon id=\"Path-Copy-2\" points=\"1166.64036 248.385 1144 248.385 1144 246.615 1166.64036 246.615 1161.78143 241.250769 1162.91393 240 1169.71429 247.505769 1168.58071 248.757692 1168.57536 248.750769 1162.91393 255 1161.78143 253.749231 1166.64036 248.383846\"><\/polygon><\/g><\/g><\/g><\/svg>\n          <\/div>\n        <\/div>\n      <\/a>\n    <\/article>\n        <article class=\"card-blog\">\n      <a href=\"https:\/\/cba-design.com\/france\/cultural-fluency\/\" class=\"mouse-hover\">\n        <div class=\"cursor cursor-plus\"><\/div>\n        <div class=\"img\" style=\"background-image: url(https:\/\/cba-design.com\/france\/wp-content\/uploads\/sites\/2\/2026\/01\/CBA-1_2-520x179.png);\"><\/div>\n        <div class=\"gutter\">\n          <div class=\"cat\">\n                                        \/ Insights                                    <\/div>\n          <div class=\"title\">\n            <p class=\"blog-card-title\">Cultural Fluency : l&#8217;art de faire vibrer les marques \u00e0 l\u2019\u00e8re de l\u2019intelligence culturelle.<\/p>\n          <\/div>\n\n          <div class=\"arrow\">\n            <svg width=\"26px\" height=\"15px\" viewBox=\"0 0 26 15\" version=\"1.1\" xmlns=\"http:\/\/www.w3.org\/2000\/svg\" xmlns:xlink=\"http:\/\/www.w3.org\/1999\/xlink\"><g id=\"06_Publications\" stroke=\"none\" stroke-width=\"1\" fill=\"none\" fill-rule=\"evenodd\"><g id=\"05_02_DETAILS_PUBLICATION\" transform=\"translate(-1278.000000, -9751.000000)\" fill=\"#0F2050\" fill-rule=\"nonzero\"><g id=\"Group-6\" transform=\"translate(134.000000, 9511.000000)\"><polygon id=\"Path-Copy-2\" points=\"1166.64036 248.385 1144 248.385 1144 246.615 1166.64036 246.615 1161.78143 241.250769 1162.91393 240 1169.71429 247.505769 1168.58071 248.757692 1168.57536 248.750769 1162.91393 255 1161.78143 253.749231 1166.64036 248.383846\"><\/polygon><\/g><\/g><\/g><\/svg>\n          <\/div>\n        <\/div>\n      <\/a>\n    <\/article>\n        <article class=\"card-blog\">\n      <a href=\"https:\/\/cba-design.com\/france\/en\/key-appointments-strengthen-paris-studio\/\" class=\"mouse-hover\">\n        <div class=\"cursor cursor-plus\"><\/div>\n        <div class=\"img\" style=\"background-image: url(https:\/\/cba-design.com\/france\/wp-content\/uploads\/sites\/2\/2025\/11\/gabriel-collins-ricardo-oliveira-3-520x179.png);\"><\/div>\n        <div class=\"gutter\">\n          <div class=\"cat\">\n                                        \/ News                                    <\/div>\n          <div class=\"title\">\n            <p class=\"blog-card-title\">Key appointments strengthen CBA Paris studio: Ricardo Oliveira and Gabriel Collins step In<\/p>\n          <\/div>\n\n          <div class=\"arrow\">\n            <svg width=\"26px\" height=\"15px\" viewBox=\"0 0 26 15\" version=\"1.1\" xmlns=\"http:\/\/www.w3.org\/2000\/svg\" xmlns:xlink=\"http:\/\/www.w3.org\/1999\/xlink\"><g id=\"06_Publications\" stroke=\"none\" stroke-width=\"1\" fill=\"none\" fill-rule=\"evenodd\"><g id=\"05_02_DETAILS_PUBLICATION\" transform=\"translate(-1278.000000, -9751.000000)\" fill=\"#0F2050\" fill-rule=\"nonzero\"><g id=\"Group-6\" transform=\"translate(134.000000, 9511.000000)\"><polygon id=\"Path-Copy-2\" points=\"1166.64036 248.385 1144 248.385 1144 246.615 1166.64036 246.615 1161.78143 241.250769 1162.91393 240 1169.71429 247.505769 1168.58071 248.757692 1168.57536 248.750769 1162.91393 255 1161.78143 253.749231 1166.64036 248.383846\"><\/polygon><\/g><\/g><\/g><\/svg>\n          <\/div>\n        <\/div>\n      <\/a>\n    <\/article>\n        <article class=\"card-blog\">\n      <a href=\"https:\/\/cba-design.com\/france\/en\/emotional-boldness\/\" class=\"mouse-hover\">\n        <div class=\"cursor cursor-plus\"><\/div>\n        <div class=\"img\" style=\"background-image: url(https:\/\/cba-design.com\/france\/wp-content\/uploads\/sites\/2\/2025\/11\/forbes-EN-1_5-520x179.png);\"><\/div>\n        <div class=\"gutter\">\n          <div class=\"cat\">\n                                        \/ Insights                                    <\/div>\n          <div class=\"title\">\n            <p class=\"blog-card-title\">Emotional Boldness, the key to Brand Growth in the Age of AI<\/p>\n          <\/div>\n\n          <div class=\"arrow\">\n            <svg width=\"26px\" height=\"15px\" viewBox=\"0 0 26 15\" version=\"1.1\" xmlns=\"http:\/\/www.w3.org\/2000\/svg\" xmlns:xlink=\"http:\/\/www.w3.org\/1999\/xlink\"><g id=\"06_Publications\" stroke=\"none\" stroke-width=\"1\" fill=\"none\" fill-rule=\"evenodd\"><g id=\"05_02_DETAILS_PUBLICATION\" transform=\"translate(-1278.000000, -9751.000000)\" fill=\"#0F2050\" fill-rule=\"nonzero\"><g id=\"Group-6\" transform=\"translate(134.000000, 9511.000000)\"><polygon id=\"Path-Copy-2\" points=\"1166.64036 248.385 1144 248.385 1144 246.615 1166.64036 246.615 1161.78143 241.250769 1162.91393 240 1169.71429 247.505769 1168.58071 248.757692 1168.57536 248.750769 1162.91393 255 1161.78143 253.749231 1166.64036 248.383846\"><\/polygon><\/g><\/g><\/g><\/svg>\n          <\/div>\n        <\/div>\n      <\/a>\n    <\/article>\n        <article class=\"card-blog\">\n      <a href=\"https:\/\/cba-design.com\/france\/laudace-emotionnelle\/\" class=\"mouse-hover\">\n        <div class=\"cursor cursor-plus\"><\/div>\n        <div class=\"img\" style=\"background-image: url(https:\/\/cba-design.com\/france\/wp-content\/uploads\/sites\/2\/2025\/11\/forbes-1_2-520x179.png);\"><\/div>\n        <div class=\"gutter\">\n          <div class=\"cat\">\n                                        \/ Insights                                    <\/div>\n          <div class=\"title\">\n            <p class=\"blog-card-title\">L\u2019audace \u00e9motionnelle, cl\u00e9 de la croissance des marques \u00e0 l\u2019\u00e8re de l\u2019IA<\/p>\n          <\/div>\n\n          <div class=\"arrow\">\n            <svg width=\"26px\" height=\"15px\" viewBox=\"0 0 26 15\" version=\"1.1\" xmlns=\"http:\/\/www.w3.org\/2000\/svg\" xmlns:xlink=\"http:\/\/www.w3.org\/1999\/xlink\"><g id=\"06_Publications\" stroke=\"none\" stroke-width=\"1\" fill=\"none\" fill-rule=\"evenodd\"><g id=\"05_02_DETAILS_PUBLICATION\" transform=\"translate(-1278.000000, -9751.000000)\" fill=\"#0F2050\" fill-rule=\"nonzero\"><g id=\"Group-6\" transform=\"translate(134.000000, 9511.000000)\"><polygon id=\"Path-Copy-2\" points=\"1166.64036 248.385 1144 248.385 1144 246.615 1166.64036 246.615 1161.78143 241.250769 1162.91393 240 1169.71429 247.505769 1168.58071 248.757692 1168.57536 248.750769 1162.91393 255 1161.78143 253.749231 1166.64036 248.383846\"><\/polygon><\/g><\/g><\/g><\/svg>\n          <\/div>\n        <\/div>\n      <\/a>\n    <\/article>\n                      <\/div>\n                <\/div>\n              \n                                            <div class=\"ta-c\">\n                  <button class=\"btn red-arrow more-news loader-btn\" data-type=\"post\" data-page=\"1\" data-blog=\"\/france\/\" data-lang=\"\" data-number=\"6\">\n                    More news                    <svg width=\"19px\" height=\"11px\" viewBox=\"0 0 19 11\" version=\"1.1\" xmlns=\"http:\/\/www.w3.org\/2000\/svg\" xmlns:xlink=\"http:\/\/www.w3.org\/1999\/xlink\">\n                      <g id=\"Symbols\" stroke=\"none\" stroke-width=\"1\" fill=\"none\" fill-rule=\"evenodd\">\n                        <g id=\"Button\/Dark\" transform=\"translate(-142.000000, -27.000000)\" fill=\"#FB3E50\" fill-rule=\"nonzero\">\n                          <polygon id=\"Path\" points=\"142 33.149 142 31.851 158.602929 31.851 155.039714 27.9172308 155.870214 27 160.857143 32.5042308 160.025857 33.4223077 160.021929 33.4172308 155.870214 38 155.039714 37.0827692 158.602929 33.1481538\"><\/polygon>\n                        <\/g>\n                      <\/g>\n                    <\/svg>\n                  <\/button>\n                <\/div>\n                            \t\t\t\t<\/div>\n\t\t\t\t<\/div>\n\t\t\t\t\t<\/div>\n\t\t<\/div>\n\t\t\t\t\t<\/div>\n\t\t<\/section>\n\t\t\t\t<\/div>\n\t\t","protected":false},"excerpt":{"rendered":"<p>Unordinary Perspectives. Filtrer par All posts Awards Get inspired! Insights News What&#8217;s truly moving the needle in\u00a0global branding\u00a0today? Dive into\u00a0our latest thinking on how to ditch the predictable and embrace the unordinary. Our insights\u00a0cover the most critical topics shaping the future of brands today. Subscribe to newsletter \/ Insights Health: Turning Solitude into Community \/ [&hellip;]<\/p>\n","protected":false},"author":3,"featured_media":0,"parent":0,"menu_order":0,"comment_status":"closed","ping_status":"closed","template":"","meta":{"_acf_changed":false,"footnotes":""},"class_list":["post-5686","page","type-page","status-publish","hentry"],"acf":[],"lang":"en","translations":{"en":5686,"fr":36},"pll_sync_post":[],"_links":{"self":[{"href":"https:\/\/cba-design.com\/france\/wp-json\/wp\/v2\/pages\/5686","targetHints":{"allow":["GET"]}}],"collection":[{"href":"https:\/\/cba-design.com\/france\/wp-json\/wp\/v2\/pages"}],"about":[{"href":"https:\/\/cba-design.com\/france\/wp-json\/wp\/v2\/types\/page"}],"author":[{"embeddable":true,"href":"https:\/\/cba-design.com\/france\/wp-json\/wp\/v2\/users\/3"}],"replies":[{"embeddable":true,"href":"https:\/\/cba-design.com\/france\/wp-json\/wp\/v2\/comments?post=5686"}],"version-history":[{"count":3,"href":"https:\/\/cba-design.com\/france\/wp-json\/wp\/v2\/pages\/5686\/revisions"}],"predecessor-version":[{"id":42776,"href":"https:\/\/cba-design.com\/france\/wp-json\/wp\/v2\/pages\/5686\/revisions\/42776"}],"wp:attachment":[{"href":"https:\/\/cba-design.com\/france\/wp-json\/wp\/v2\/media?parent=5686"}],"curies":[{"name":"wp","href":"https:\/\/api.w.org\/{rel}","templated":true}]}}