{"id":26992,"date":"2025-11-07T18:23:20","date_gmt":"2025-11-07T21:23:20","guid":{"rendered":"https:\/\/cba-design.com\/latam\/?page_id=26992"},"modified":"2025-11-11T19:18:16","modified_gmt":"2025-11-11T22:18:16","slug":"compliance","status":"publish","type":"page","link":"https:\/\/cba-design.com\/latam\/compliance\/","title":{"rendered":"Compliance"},"content":{"rendered":"\t\t<div data-elementor-type=\"wp-page\" data-elementor-id=\"26992\" class=\"elementor elementor-26992\" data-elementor-post-type=\"page\">\n\t\t\t\t\t\t<section class=\"elementor-section elementor-top-section elementor-element elementor-element-3320d40 elementor-section-height-min-height elementor-section-boxed elementor-section-height-default elementor-section-items-middle\" data-id=\"3320d40\" data-element_type=\"section\" data-e-type=\"section\" data-settings=\"{&quot;background_background&quot;:&quot;classic&quot;,&quot;background_motion_fx_motion_fx_scrolling&quot;:&quot;yes&quot;,&quot;background_motion_fx_devices&quot;:[&quot;desktop&quot;,&quot;tablet&quot;,&quot;mobile&quot;]}\">\n\t\t\t\t\t\t\t<div class=\"elementor-background-overlay\"><\/div>\n\t\t\t\t\t\t\t<div class=\"elementor-container elementor-column-gap-default\">\n\t\t\t\t\t<div class=\"elementor-column elementor-col-100 elementor-top-column elementor-element elementor-element-ac8ecd8\" data-id=\"ac8ecd8\" data-element_type=\"column\" data-e-type=\"column\">\n\t\t\t<div class=\"elementor-widget-wrap elementor-element-populated\">\n\t\t\t\t\t\t<div class=\"elementor-element elementor-element-81f73a2 animated-fast elementor-invisible elementor-widget elementor-widget-heading\" data-id=\"81f73a2\" data-element_type=\"widget\" data-e-type=\"widget\" data-settings=\"{&quot;_animation&quot;:&quot;fadeInUp&quot;}\" data-widget_type=\"heading.default\">\n\t\t\t\t<div class=\"elementor-widget-container\">\n\t\t\t\t\t<h1 class=\"elementor-heading-title elementor-size-default\">COMPLIANCE<\/h1>\t\t\t\t<\/div>\n\t\t\t\t<\/div>\n\t\t\t\t\t<\/div>\n\t\t<\/div>\n\t\t\t\t\t<\/div>\n\t\t<\/section>\n\t\t\t\t<section class=\"elementor-section elementor-top-section elementor-element elementor-element-581e17f elementor-section-boxed elementor-section-height-default elementor-section-height-default\" data-id=\"581e17f\" data-element_type=\"section\" data-e-type=\"section\">\n\t\t\t\t\t\t<div class=\"elementor-container elementor-column-gap-default\">\n\t\t\t\t\t<div class=\"elementor-column elementor-col-100 elementor-top-column elementor-element elementor-element-322847b\" data-id=\"322847b\" data-element_type=\"column\" data-e-type=\"column\">\n\t\t\t<div class=\"elementor-widget-wrap elementor-element-populated\">\n\t\t\t\t\t\t<div class=\"elementor-element elementor-element-01c28b2 elementor-widget elementor-widget-text-editor\" data-id=\"01c28b2\" data-element_type=\"widget\" data-e-type=\"widget\" data-widget_type=\"text-editor.default\">\n\t\t\t\t<div class=\"elementor-widget-container\">\n\t\t\t\t\t\t\t\t\t<p>Na CBA B+G, temos o compromisso de manter a integridade em todas as rela\u00e7\u00f5es e combater a corrup\u00e7\u00e3o em qualquer forma, seguindo os princ\u00edpios do Pacto Global da ONU, do qual somos signat\u00e1rios.<\/p><p>Levamos a s\u00e9rio a transpar\u00eancia, o respeito \u00e0s leis e a responsabilidade com a sociedade e o mercado, mantendo processos claros e seguros que asseguram que todas as nossas atividades sejam conduzidas com \u00e9tica.<\/p><p>Nosso C\u00f3digo de Conduta guia nossas escolhas, refor\u00e7a o respeito m\u00fatuo e estabelece padr\u00f5es que todos os integrantes do nosso time devem praticar.<\/p><p>Tamb\u00e9m temos o compromisso com a gest\u00e3o respons\u00e1vel de dados e informa\u00e7\u00f5es, garantindo a conformidade com a Lei Geral de Prote\u00e7\u00e3o de Dados (LGPD) e adotando medidas que asseguram a privacidade e a seguran\u00e7a da informa\u00e7\u00e3o e dados pessoais de clientes, colaboradores e parceiros.<\/p><p>Para facilitar o di\u00e1logo, disponibilizamos um Canal de Den\u00fancias, onde qualquer pessoa pode relatar situa\u00e7\u00f5es que n\u00e3o estejam alinhadas aos nossos princ\u00edpios, com total seguran\u00e7a e confidencialidade.<\/p><p>Para n\u00f3s, integridade \u00e9 mais do que uma diretriz: \u00e9 a base de rela\u00e7\u00f5es s\u00f3lidas, de decis\u00f5es conscientes e da confian\u00e7a que cultivamos com clientes, parceiros e toda a sociedade.<\/p>\t\t\t\t\t\t\t\t<\/div>\n\t\t\t\t<\/div>\n\t\t\t\t<div class=\"elementor-element elementor-element-ce43558 cba-button-red elementor-align-center elementor-widget elementor-widget-cba-boutons\" data-id=\"ce43558\" data-element_type=\"widget\" data-e-type=\"widget\" data-widget_type=\"cba-boutons.default\">\n\t\t\t\t<div class=\"elementor-widget-container\">\n\t\t\t\t\t        \t\t<div class=\"elementor-button-wrapper\">\n        \t\t\t<a href=\"http:\/\/www2.cba-bmaisg.com\/public\/CBA%20BG-Codigo%20Conduta.pdf\" target=\"_blank\" class=\"elementor-button-link elementor-button elementor-size-sm\" role=\"button\">\n        \t\t\t\t            <span class=\"elementor-button-content-wrapper\">\n                            <span class=\"elementor-button-text\">C\u00d3DIGO DE \u00c9TICA E CONDUTA<\/span>\n            <\/span>\n                    \t\t\t<\/a>\n        \t\t<\/div>\n\n        \t\t\t\t\t\t<\/div>\n\t\t\t\t<\/div>\n\t\t\t\t<div class=\"elementor-element elementor-element-ee1670e cba-button-red elementor-align-center elementor-widget elementor-widget-cba-boutons\" data-id=\"ee1670e\" data-element_type=\"widget\" data-e-type=\"widget\" data-widget_type=\"cba-boutons.default\">\n\t\t\t\t<div class=\"elementor-widget-container\">\n\t\t\t\t\t        \t\t<div class=\"elementor-button-wrapper\">\n        \t\t\t<a href=\"https:\/\/cba-design.com\/latam\/politica-de-seguranca-de-informacao\/\" target=\"_blank\" class=\"elementor-button-link elementor-button elementor-size-sm\" role=\"button\">\n        \t\t\t\t            <span class=\"elementor-button-content-wrapper\">\n                            <span class=\"elementor-button-text\">SEGURAN\u00c7A DA INFORMA\u00c7\u00c3O<\/span>\n            <\/span>\n                    \t\t\t<\/a>\n        \t\t<\/div>\n\n        \t\t\t\t\t\t<\/div>\n\t\t\t\t<\/div>\n\t\t\t\t<div class=\"elementor-element elementor-element-6cbf743 cba-button-red elementor-align-center elementor-widget elementor-widget-cba-boutons\" data-id=\"6cbf743\" data-element_type=\"widget\" data-e-type=\"widget\" data-widget_type=\"cba-boutons.default\">\n\t\t\t\t<div class=\"elementor-widget-container\">\n\t\t\t\t\t        \t\t<div class=\"elementor-button-wrapper\">\n        \t\t\t<a href=\"http:\/\/www2.cba-bmaisg.com\/public\/TP_LGPD_POLITICA_ASSINADA_SOCIOS.pdf\" target=\"_blank\" class=\"elementor-button-link elementor-button elementor-size-sm\" role=\"button\">\n        \t\t\t\t            <span class=\"elementor-button-content-wrapper\">\n                            <span class=\"elementor-button-text\">LGPD   <\/span>\n            <\/span>\n                    \t\t\t<\/a>\n        \t\t<\/div>\n\n        \t\t\t\t\t\t<\/div>\n\t\t\t\t<\/div>\n\t\t\t\t\t<\/div>\n\t\t<\/div>\n\t\t\t\t\t<\/div>\n\t\t<\/section>\n\t\t\t\t<\/div>\n\t\t","protected":false},"excerpt":{"rendered":"<p>COMPLIANCE Na CBA B+G, temos o compromisso de manter a integridade em todas as rela\u00e7\u00f5es e combater a corrup\u00e7\u00e3o em qualquer forma, seguindo os princ\u00edpios do Pacto Global da ONU, do qual somos signat\u00e1rios. Levamos a s\u00e9rio a transpar\u00eancia, o respeito \u00e0s leis e a responsabilidade com a sociedade e o mercado, mantendo processos claros [&hellip;]<\/p>\n","protected":false},"author":10,"featured_media":0,"parent":0,"menu_order":0,"comment_status":"closed","ping_status":"closed","template":"","meta":{"_acf_changed":false,"footnotes":""},"class_list":["post-26992","page","type-page","status-publish","hentry"],"acf":[],"lang":"pt","translations":{"pt":26992},"pll_sync_post":[],"_links":{"self":[{"href":"https:\/\/cba-design.com\/latam\/wp-json\/wp\/v2\/pages\/26992","targetHints":{"allow":["GET"]}}],"collection":[{"href":"https:\/\/cba-design.com\/latam\/wp-json\/wp\/v2\/pages"}],"about":[{"href":"https:\/\/cba-design.com\/latam\/wp-json\/wp\/v2\/types\/page"}],"author":[{"embeddable":true,"href":"https:\/\/cba-design.com\/latam\/wp-json\/wp\/v2\/users\/10"}],"replies":[{"embeddable":true,"href":"https:\/\/cba-design.com\/latam\/wp-json\/wp\/v2\/comments?post=26992"}],"version-history":[{"count":3,"href":"https:\/\/cba-design.com\/latam\/wp-json\/wp\/v2\/pages\/26992\/revisions"}],"predecessor-version":[{"id":27035,"href":"https:\/\/cba-design.com\/latam\/wp-json\/wp\/v2\/pages\/26992\/revisions\/27035"}],"wp:attachment":[{"href":"https:\/\/cba-design.com\/latam\/wp-json\/wp\/v2\/media?parent=26992"}],"curies":[{"name":"wp","href":"https:\/\/api.w.org\/{rel}","templated":true}]}}