{"id":6364,"date":"2021-03-08T15:17:15","date_gmt":"2021-03-08T18:17:15","guid":{"rendered":"https:\/\/cba-design.com\/latam\/?page_id=6364"},"modified":"2021-07-27T18:53:55","modified_gmt":"2021-07-27T21:53:55","slug":"termos-e-condicoes","status":"publish","type":"page","link":"https:\/\/cba-design.com\/latam\/termos-e-condicoes\/","title":{"rendered":"Termos e Condi\u00e7\u00f5es"},"content":{"rendered":"\t\t<div data-elementor-type=\"wp-page\" data-elementor-id=\"6364\" class=\"elementor elementor-6364\" data-elementor-post-type=\"page\">\n\t\t\t\t\t\t<section class=\"elementor-section elementor-top-section elementor-element elementor-element-b4dba47 elementor-section-height-min-height elementor-section-boxed elementor-section-height-default elementor-section-items-middle\" data-id=\"b4dba47\" data-element_type=\"section\" data-e-type=\"section\" data-settings=\"{&quot;background_background&quot;:&quot;classic&quot;,&quot;background_motion_fx_motion_fx_scrolling&quot;:&quot;yes&quot;,&quot;background_motion_fx_devices&quot;:[&quot;desktop&quot;,&quot;tablet&quot;,&quot;mobile&quot;]}\">\n\t\t\t\t\t\t\t<div class=\"elementor-background-overlay\"><\/div>\n\t\t\t\t\t\t\t<div class=\"elementor-container elementor-column-gap-default\">\n\t\t\t\t\t<div class=\"elementor-column elementor-col-100 elementor-top-column elementor-element elementor-element-9681303\" data-id=\"9681303\" data-element_type=\"column\" data-e-type=\"column\">\n\t\t\t<div class=\"elementor-widget-wrap elementor-element-populated\">\n\t\t\t\t\t\t<div class=\"elementor-element elementor-element-c66abdc elementor-widget elementor-widget-heading\" data-id=\"c66abdc\" data-element_type=\"widget\" data-e-type=\"widget\" data-widget_type=\"heading.default\">\n\t\t\t\t<div class=\"elementor-widget-container\">\n\t\t\t\t\t<h1 class=\"elementor-heading-title elementor-size-default\">Termos e<\/h1>\t\t\t\t<\/div>\n\t\t\t\t<\/div>\n\t\t\t\t<div class=\"elementor-element elementor-element-b835f5d stroked elementor-widget elementor-widget-heading\" data-id=\"b835f5d\" data-element_type=\"widget\" data-e-type=\"widget\" data-widget_type=\"heading.default\">\n\t\t\t\t<div class=\"elementor-widget-container\">\n\t\t\t\t\t<h1 class=\"elementor-heading-title elementor-size-default\">Condi\u00e7\u00f5es<\/h1>\t\t\t\t<\/div>\n\t\t\t\t<\/div>\n\t\t\t\t\t<\/div>\n\t\t<\/div>\n\t\t\t\t\t<\/div>\n\t\t<\/section>\n\t\t\t\t<section class=\"elementor-section elementor-top-section elementor-element elementor-element-fe8b1f4 elementor-section-boxed elementor-section-height-default elementor-section-height-default\" data-id=\"fe8b1f4\" data-element_type=\"section\" data-e-type=\"section\">\n\t\t\t\t\t\t<div class=\"elementor-container elementor-column-gap-default\">\n\t\t\t\t\t<div class=\"elementor-column elementor-col-100 elementor-top-column elementor-element elementor-element-ff20fb7\" data-id=\"ff20fb7\" data-element_type=\"column\" data-e-type=\"column\">\n\t\t\t<div class=\"elementor-widget-wrap elementor-element-populated\">\n\t\t\t\t\t\t<div class=\"elementor-element elementor-element-cae2d6d elementor-widget elementor-widget-text-editor\" data-id=\"cae2d6d\" data-element_type=\"widget\" data-e-type=\"widget\" data-widget_type=\"text-editor.default\">\n\t\t\t\t<div class=\"elementor-widget-container\">\n\t\t\t\t\t\t\t\t\t<p>As informa\u00e7\u00f5es mostradas neste site dizem respeito a todas as entidades da CBA Paris. Essas empresas s\u00e3o aqui referidas pelo nome \u00ab Grupo CBA \u00bb.<\/p><p>\u00a0<\/p>\t\t\t\t\t\t\t\t<\/div>\n\t\t\t\t<\/div>\n\t\t\t\t<div class=\"elementor-element elementor-element-8d9cab7 elementor-widget elementor-widget-heading\" data-id=\"8d9cab7\" data-element_type=\"widget\" data-e-type=\"widget\" data-widget_type=\"heading.default\">\n\t\t\t\t<div class=\"elementor-widget-container\">\n\t\t\t\t\t<h2 class=\"elementor-heading-title elementor-size-default\">Direitos de propriedade<\/h2>\t\t\t\t<\/div>\n\t\t\t\t<\/div>\n\t\t\t\t<div class=\"elementor-element elementor-element-bea3b3f elementor-widget elementor-widget-text-editor\" data-id=\"bea3b3f\" data-element_type=\"widget\" data-e-type=\"widget\" data-widget_type=\"text-editor.default\">\n\t\t\t\t<div class=\"elementor-widget-container\">\n\t\t\t\t\t\t\t\t\t<p>Todos os dados, textos, informa\u00e7\u00f5es, imagens, fotografias, v\u00eddeos e outros conte\u00fados compartilhados neste site s\u00e3o protegidos por direitos. Qualquer reprodu\u00e7\u00e3o, representa\u00e7\u00e3o, uso ou adapta\u00e7\u00e3o, em qualquer forma, de todos ou qualquer um dos elementos deste site sem o consentimento por escrito do Grupo CBA ser\u00e3o considerados contraven\u00e7\u00f5es, sob as penalidades da Lei de Propriedade Intelectual.<\/p><p><span style=\"font-weight: bold\">Direitos das marcas:<br \/><\/span>Todas as marcas com nome, logotipo e outros sinais distintivos que aparecem neste site s\u00e3o propriedade do Grupo CBA e seus clientes. Consequentemente, qualquer reprodu\u00e7\u00e3o ou representa\u00e7\u00e3o, e qualquer uso desses sinais distintivos s\u00e3o proibidos, exceto com o consentimento escrito de seus propriet\u00e1rios.<\/p><p><span style=\"font-weight: bold\">Gera\u00e7\u00e3o de links para\u00a0<\/span><a href=\"http:\/\/www.cba-bmaisg.com\/\" target=\"_blank\" rel=\"noopener\">www.cba-bmaisg.com<\/a><span style=\"font-weight: bold\">\u2028:<br \/><\/span>O site autoriza a gera\u00e7\u00e3o de um link hipertexto para seu conte\u00fado, com exce\u00e7\u00e3o do uso da t\u00e9cnica de \u201cdeep linking\u201d \u2013 por exemplo, as p\u00e1ginas do site <a href=\"http:\/\/www.cba-bmaisg.com\" target=\"_blank\" rel=\"noopener\">www.cba-bmaisg.com<\/a> n\u00e3o devem ser integradas nas p\u00e1ginas de outro site, mas devem ser acess\u00edveis atrav\u00e9s da abertura de uma nova janela. Essa autoriza\u00e7\u00e3o n\u00e3o se aplica a nenhum caso de sites de conte\u00fado controverso, pornogr\u00e1fico, informa\u00e7\u00e3o xenof\u00f3bica ou de qualquer outra natureza que possa causar dano \u00e0 sensibilidade da pessoa ou desordem p\u00fablica.<\/p><p>\u00a0<\/p>\t\t\t\t\t\t\t\t<\/div>\n\t\t\t\t<\/div>\n\t\t\t\t<div class=\"elementor-element elementor-element-17814a4 elementor-widget elementor-widget-heading\" data-id=\"17814a4\" data-element_type=\"widget\" data-e-type=\"widget\" data-widget_type=\"heading.default\">\n\t\t\t\t<div class=\"elementor-widget-container\">\n\t\t\t\t\t<h2 class=\"elementor-heading-title elementor-size-default\">Responsabilidade do editor<\/h2>\t\t\t\t<\/div>\n\t\t\t\t<\/div>\n\t\t\t\t<div class=\"elementor-element elementor-element-0ea2e94 elementor-widget elementor-widget-text-editor\" data-id=\"0ea2e94\" data-element_type=\"widget\" data-e-type=\"widget\" data-widget_type=\"text-editor.default\">\n\t\t\t\t<div class=\"elementor-widget-container\">\n\t\t\t\t\t\t\t\t\t<p><b>Conte\u00fado do site:<br \/><\/b><span>O Grupo CBA trabalha para assegurar a precis\u00e3o e atualiza\u00e7\u00e3o das informa\u00e7\u00f5es contidas no site; o Grupo CBA reserva o direito de emendar, a qualquer momento e sem aviso pr\u00e9vio, o conte\u00fado. Contudo, o Grupo CBA n\u00e3o pode garantir a precis\u00e3o ou n\u00edvel de compreens\u00e3o da informa\u00e7\u00e3o.<\/span><\/p><p><b>Acesso ao site:<br \/><\/b><span>As empresas do Grupo CBA n\u00e3o respondem por qualquer inconveni\u00eancia ou danos relativos ao uso geral da internet, especialmente no caso de queda do servi\u00e7o, invas\u00e3o externa, v\u00edrus baixados, ou danos causados ao equipamento ou software que possam estar ligados ao uso deste site.<\/span><\/p><p><b>Link para outros sites:<br \/><\/b><span>O site pode incluir links para outros sites. Dado que o Grupo CBA n\u00e3o tem controle sobre eles, n\u00e3o podemos ser responsabilizados por seus conte\u00fados, an\u00fancios, produtos, servi\u00e7os ou qualquer outro material neles dispon\u00edveis ou acess\u00edveis. Al\u00e9m disso, o Grupo CBA n\u00e3o responde por qualquer dano ou perda vinda de uma rela\u00e7\u00e3o de confian\u00e7a relacionada ao conte\u00fado, produtos ou servi\u00e7os dispon\u00edveis nesses sites.<\/span><\/p><div>\u00a0<\/div>\t\t\t\t\t\t\t\t<\/div>\n\t\t\t\t<\/div>\n\t\t\t\t\t<\/div>\n\t\t<\/div>\n\t\t\t\t\t<\/div>\n\t\t<\/section>\n\t\t\t\t<\/div>\n\t\t","protected":false},"excerpt":{"rendered":"<p>Termos e Condi\u00e7\u00f5es As informa\u00e7\u00f5es mostradas neste site dizem respeito a todas as entidades da CBA Paris. Essas empresas s\u00e3o aqui referidas pelo nome \u00ab Grupo CBA \u00bb. \u00a0 Direitos de propriedade Todos os dados, textos, informa\u00e7\u00f5es, imagens, fotografias, v\u00eddeos e outros conte\u00fados compartilhados neste site s\u00e3o protegidos por direitos. Qualquer reprodu\u00e7\u00e3o, representa\u00e7\u00e3o, uso ou [&hellip;]<\/p>\n","protected":false},"author":3,"featured_media":0,"parent":0,"menu_order":0,"comment_status":"closed","ping_status":"closed","template":"","meta":{"_acf_changed":false,"footnotes":""},"class_list":["post-6364","page","type-page","status-publish","hentry"],"acf":[],"lang":"pt","translations":{"pt":6364,"en":5729,"es":6365},"pll_sync_post":[],"_links":{"self":[{"href":"https:\/\/cba-design.com\/latam\/wp-json\/wp\/v2\/pages\/6364","targetHints":{"allow":["GET"]}}],"collection":[{"href":"https:\/\/cba-design.com\/latam\/wp-json\/wp\/v2\/pages"}],"about":[{"href":"https:\/\/cba-design.com\/latam\/wp-json\/wp\/v2\/types\/page"}],"author":[{"embeddable":true,"href":"https:\/\/cba-design.com\/latam\/wp-json\/wp\/v2\/users\/3"}],"replies":[{"embeddable":true,"href":"https:\/\/cba-design.com\/latam\/wp-json\/wp\/v2\/comments?post=6364"}],"version-history":[{"count":3,"href":"https:\/\/cba-design.com\/latam\/wp-json\/wp\/v2\/pages\/6364\/revisions"}],"predecessor-version":[{"id":10998,"href":"https:\/\/cba-design.com\/latam\/wp-json\/wp\/v2\/pages\/6364\/revisions\/10998"}],"wp:attachment":[{"href":"https:\/\/cba-design.com\/latam\/wp-json\/wp\/v2\/media?parent=6364"}],"curies":[{"name":"wp","href":"https:\/\/api.w.org\/{rel}","templated":true}]}}