{"id":6365,"date":"2021-03-08T15:17:23","date_gmt":"2021-03-08T18:17:23","guid":{"rendered":"https:\/\/cba-design.com\/latam\/?page_id=6365"},"modified":"2021-07-27T19:05:36","modified_gmt":"2021-07-27T22:05:36","slug":"terminos-y-condiciones","status":"publish","type":"page","link":"https:\/\/cba-design.com\/latam\/es\/terminos-y-condiciones\/","title":{"rendered":"T\u00e9rminos y Condiciones"},"content":{"rendered":"\t\t<div data-elementor-type=\"wp-page\" data-elementor-id=\"6365\" class=\"elementor elementor-6365\" data-elementor-post-type=\"page\">\n\t\t\t\t\t\t<section class=\"elementor-section elementor-top-section elementor-element elementor-element-b4dba47 elementor-section-height-min-height elementor-section-boxed elementor-section-height-default elementor-section-items-middle\" data-id=\"b4dba47\" data-element_type=\"section\" data-e-type=\"section\" data-settings=\"{&quot;background_background&quot;:&quot;classic&quot;,&quot;background_motion_fx_motion_fx_scrolling&quot;:&quot;yes&quot;,&quot;background_motion_fx_devices&quot;:[&quot;desktop&quot;,&quot;tablet&quot;,&quot;mobile&quot;]}\">\n\t\t\t\t\t\t\t<div class=\"elementor-background-overlay\"><\/div>\n\t\t\t\t\t\t\t<div class=\"elementor-container elementor-column-gap-default\">\n\t\t\t\t\t<div class=\"elementor-column elementor-col-100 elementor-top-column elementor-element elementor-element-9681303\" data-id=\"9681303\" data-element_type=\"column\" data-e-type=\"column\">\n\t\t\t<div class=\"elementor-widget-wrap elementor-element-populated\">\n\t\t\t\t\t\t<div class=\"elementor-element elementor-element-c66abdc elementor-widget elementor-widget-heading\" data-id=\"c66abdc\" data-element_type=\"widget\" data-e-type=\"widget\" data-widget_type=\"heading.default\">\n\t\t\t\t<div class=\"elementor-widget-container\">\n\t\t\t\t\t<h1 class=\"elementor-heading-title elementor-size-default\">T\u00c9RMINOS Y<\/h1>\t\t\t\t<\/div>\n\t\t\t\t<\/div>\n\t\t\t\t<div class=\"elementor-element elementor-element-b835f5d stroked elementor-widget elementor-widget-heading\" data-id=\"b835f5d\" data-element_type=\"widget\" data-e-type=\"widget\" data-widget_type=\"heading.default\">\n\t\t\t\t<div class=\"elementor-widget-container\">\n\t\t\t\t\t<h1 class=\"elementor-heading-title elementor-size-default\">CONDICIONES<\/h1>\t\t\t\t<\/div>\n\t\t\t\t<\/div>\n\t\t\t\t\t<\/div>\n\t\t<\/div>\n\t\t\t\t\t<\/div>\n\t\t<\/section>\n\t\t\t\t<section class=\"elementor-section elementor-top-section elementor-element elementor-element-5658a1f elementor-section-boxed elementor-section-height-default elementor-section-height-default\" data-id=\"5658a1f\" data-element_type=\"section\" data-e-type=\"section\">\n\t\t\t\t\t\t<div class=\"elementor-container elementor-column-gap-default\">\n\t\t\t\t\t<div class=\"elementor-column elementor-col-100 elementor-top-column elementor-element elementor-element-e29bc36\" data-id=\"e29bc36\" data-element_type=\"column\" data-e-type=\"column\">\n\t\t\t<div class=\"elementor-widget-wrap elementor-element-populated\">\n\t\t\t\t\t\t<div class=\"elementor-element elementor-element-b56e0ba elementor-widget elementor-widget-text-editor\" data-id=\"b56e0ba\" data-element_type=\"widget\" data-e-type=\"widget\" data-widget_type=\"text-editor.default\">\n\t\t\t\t<div class=\"elementor-widget-container\">\n\t\t\t\t\t\t\t\t\t<p>La informaci\u00f3n presentada en este sitio web se refiere\u00a0 a todas las entidades de CBA Par\u00eds. Aqu\u00ed, nos referimos a esas empresas como \u00ab Grupo CBA \u00bb.<\/p><p>\u00a0<\/p>\t\t\t\t\t\t\t\t<\/div>\n\t\t\t\t<\/div>\n\t\t\t\t<div class=\"elementor-element elementor-element-fc6afd5 elementor-widget elementor-widget-heading\" data-id=\"fc6afd5\" data-element_type=\"widget\" data-e-type=\"widget\" data-widget_type=\"heading.default\">\n\t\t\t\t<div class=\"elementor-widget-container\">\n\t\t\t\t\t<h2 class=\"elementor-heading-title elementor-size-default\">Derechos de propriedad<\/h2>\t\t\t\t<\/div>\n\t\t\t\t<\/div>\n\t\t\t\t<div class=\"elementor-element elementor-element-f7c1797 elementor-widget elementor-widget-text-editor\" data-id=\"f7c1797\" data-element_type=\"widget\" data-e-type=\"widget\" data-widget_type=\"text-editor.default\">\n\t\t\t\t<div class=\"elementor-widget-container\">\n\t\t\t\t\t\t\t\t\t<p>Todos los datos, textos, informaci\u00f3n, im\u00e1genes, fotograf\u00edas, videos y otros contenidos que se compartan en este sitio web est\u00e1n protegidos por derechos. Toda reproducci\u00f3n, representaci\u00f3n, uso o adaptaci\u00f3n, en cualquiera de sus formas, de todos o de alguno de los elementos de este sitio sin el consentimiento por escrito del Grupo CBA ser\u00e1n consideradas contravenciones bajo las penalidades de la Ley de Propiedad Intelectual.<\/p><p><b>Derechos de las marcas:<br \/><\/b><span>Todas las marcas con nombre, logotipo y otros signos distintivos que aparezcan en este sitio web son propiedad del Grupo CBA y sus clientes. En consecuencia, est\u00e1 prohibida toda reproducci\u00f3n o representaci\u00f3n, y todo uso de esos signos distintivos, excepto en el caso de tener el consentimiento por escrito de sus propietarios.<\/span><\/p><p><span style=\"font-weight: bold\">Generaci\u00f3n de enlaces para\u00a0<\/span><a href=\"http:\/\/www.cba-bmaisg.com\/\" target=\"_blank\" rel=\"noopener\">www.cba-bmaisg.com<\/a><span style=\"font-weight: bold\">\u2028:<br \/><\/span>El sitio autoriza la generaci\u00f3n de un enlace de hipertexto para su contenido, con excepci\u00f3n del uso de la t\u00e9cnica de \u201cdeep linking\u201d \u2013 por ejemplo, las p\u00e1ginas del sitio <a href=\"http:\/\/www.cba-bmaisg.com\" target=\"_blank\" rel=\"noopener\">www.cba-bmaisg.com<\/a> no deben ser integradas a las p\u00e1ginas de otro sitio, pero se accede a ellas abriendo una nueva ventana. Esa autorizaci\u00f3n no se aplica en ning\u00fan caso a sitios de contenido controvertido, pornogr\u00e1fico, informaci\u00f3n xenof\u00f3bica o de cualquier otra naturaleza que pueda causar da\u00f1o a la sensibilidad de la persona o desorden p\u00fablico.<\/p><p>\u00a0<\/p>\t\t\t\t\t\t\t\t<\/div>\n\t\t\t\t<\/div>\n\t\t\t\t<div class=\"elementor-element elementor-element-97c1eb3 elementor-widget elementor-widget-heading\" data-id=\"97c1eb3\" data-element_type=\"widget\" data-e-type=\"widget\" data-widget_type=\"heading.default\">\n\t\t\t\t<div class=\"elementor-widget-container\">\n\t\t\t\t\t<h2 class=\"elementor-heading-title elementor-size-default\">Responsabilidad del editor<\/h2>\t\t\t\t<\/div>\n\t\t\t\t<\/div>\n\t\t\t\t<div class=\"elementor-element elementor-element-1f7fc6f elementor-widget elementor-widget-text-editor\" data-id=\"1f7fc6f\" data-element_type=\"widget\" data-e-type=\"widget\" data-widget_type=\"text-editor.default\">\n\t\t\t\t<div class=\"elementor-widget-container\">\n\t\t\t\t\t\t\t\t\t<p><b>Contenido del sitio web:<br \/><\/b>El Grupo CBA trabaja para garantizar la precisi\u00f3n y actualizaci\u00f3n de la informaci\u00f3n que contiene el sitio web; el Grupo CBA se reserva el derecho de enmendar, en cualquier momento y sin aviso previo, el contenido. No obstante, el Grupo CBA no puede garantizar la precisi\u00f3n o el nivel de comprensi\u00f3n de la informaci\u00f3n.<\/p><p><b>Acceso al sitio web:<br \/><\/b>Las empresas del Grupo CBA no responden por ning\u00fan inconveniente o da\u00f1o relativo al uso general de internet, especialmente en el caso de corte del servicio,\u00a0 invasi\u00f3n externa, ingreso de virus o da\u00f1os causados al equipo o software que puedan estar relacionados con el uso de este sitio web.<\/p><p><b>Enlaces a otros sitios web:<br \/><\/b>El sitio web puede incluir enlaces a otros sitios web. Dado que el Grupo CBA no tiene control sobre ellos, no podemos ser responsabilizados por sus contenidos, anuncios, productos, servicios o por cualquier otro material que est\u00e9 disponible o accesible all\u00ed. Adem\u00e1s, el Grupo CBA no responde por ning\u00fan da\u00f1o o p\u00e9rdida que provenga una relaci\u00f3n de confianza relacionada al contenido, productos o servicios disponibles en esos sitios web.<\/p><p>\u00a0<\/p><p>\u00a0<\/p>\t\t\t\t\t\t\t\t<\/div>\n\t\t\t\t<\/div>\n\t\t\t\t\t<\/div>\n\t\t<\/div>\n\t\t\t\t\t<\/div>\n\t\t<\/section>\n\t\t\t\t<\/div>\n\t\t","protected":false},"excerpt":{"rendered":"<p>T\u00c9RMINOS Y CONDICIONES La informaci\u00f3n presentada en este sitio web se refiere\u00a0 a todas las entidades de CBA Par\u00eds. Aqu\u00ed, nos referimos a esas empresas como \u00ab Grupo CBA \u00bb. \u00a0 Derechos de propriedad Todos los datos, textos, informaci\u00f3n, im\u00e1genes, fotograf\u00edas, videos y otros contenidos que se compartan en este sitio web est\u00e1n protegidos por [&hellip;]<\/p>\n","protected":false},"author":3,"featured_media":0,"parent":0,"menu_order":0,"comment_status":"closed","ping_status":"closed","template":"","meta":{"_acf_changed":false,"footnotes":""},"class_list":["post-6365","page","type-page","status-publish","hentry"],"acf":[],"lang":"es","translations":{"es":6365,"pt":6364,"en":5729},"pll_sync_post":[],"_links":{"self":[{"href":"https:\/\/cba-design.com\/latam\/wp-json\/wp\/v2\/pages\/6365","targetHints":{"allow":["GET"]}}],"collection":[{"href":"https:\/\/cba-design.com\/latam\/wp-json\/wp\/v2\/pages"}],"about":[{"href":"https:\/\/cba-design.com\/latam\/wp-json\/wp\/v2\/types\/page"}],"author":[{"embeddable":true,"href":"https:\/\/cba-design.com\/latam\/wp-json\/wp\/v2\/users\/3"}],"replies":[{"embeddable":true,"href":"https:\/\/cba-design.com\/latam\/wp-json\/wp\/v2\/comments?post=6365"}],"version-history":[{"count":3,"href":"https:\/\/cba-design.com\/latam\/wp-json\/wp\/v2\/pages\/6365\/revisions"}],"predecessor-version":[{"id":11006,"href":"https:\/\/cba-design.com\/latam\/wp-json\/wp\/v2\/pages\/6365\/revisions\/11006"}],"wp:attachment":[{"href":"https:\/\/cba-design.com\/latam\/wp-json\/wp\/v2\/media?parent=6365"}],"curies":[{"name":"wp","href":"https:\/\/api.w.org\/{rel}","templated":true}]}}