{"id":6369,"date":"2021-03-08T15:17:52","date_gmt":"2021-03-08T18:17:52","guid":{"rendered":"https:\/\/cba-design.com\/latam\/?page_id=6369"},"modified":"2024-06-05T15:02:49","modified_gmt":"2024-06-05T18:02:49","slug":"insights","status":"publish","type":"page","link":"https:\/\/cba-design.com\/latam\/es\/insights\/","title":{"rendered":"Insights-es"},"content":{"rendered":"\t\t<div data-elementor-type=\"wp-page\" data-elementor-id=\"6369\" class=\"elementor elementor-6369\" data-elementor-post-type=\"page\">\n\t\t\t\t\t\t<section class=\"elementor-section elementor-top-section elementor-element elementor-element-5113530 elementor-section-height-min-height elementor-section-boxed elementor-section-height-default elementor-section-items-middle\" data-id=\"5113530\" data-element_type=\"section\" data-e-type=\"section\" data-settings=\"{&quot;background_background&quot;:&quot;classic&quot;,&quot;background_motion_fx_motion_fx_scrolling&quot;:&quot;yes&quot;,&quot;background_motion_fx_devices&quot;:[&quot;desktop&quot;,&quot;tablet&quot;,&quot;mobile&quot;]}\">\n\t\t\t\t\t\t\t<div class=\"elementor-background-overlay\"><\/div>\n\t\t\t\t\t\t\t<div class=\"elementor-container elementor-column-gap-default\">\n\t\t\t\t\t<div class=\"elementor-column elementor-col-100 elementor-top-column elementor-element elementor-element-88d8c7d\" data-id=\"88d8c7d\" data-element_type=\"column\" data-e-type=\"column\">\n\t\t\t<div class=\"elementor-widget-wrap\">\n\t\t\t\t\t\t\t<\/div>\n\t\t<\/div>\n\t\t\t\t\t<\/div>\n\t\t<\/section>\n\t\t\t\t<section class=\"elementor-section elementor-top-section elementor-element elementor-element-b928591 elementor-section-boxed elementor-section-height-default elementor-section-height-default\" data-id=\"b928591\" data-element_type=\"section\" data-e-type=\"section\">\n\t\t\t\t\t\t<div class=\"elementor-container elementor-column-gap-default\">\n\t\t\t\t\t<div class=\"elementor-column elementor-col-100 elementor-top-column elementor-element elementor-element-83fc7f2\" data-id=\"83fc7f2\" data-element_type=\"column\" data-e-type=\"column\">\n\t\t\t<div class=\"elementor-widget-wrap elementor-element-populated\">\n\t\t\t\t\t\t<div class=\"elementor-element elementor-element-a0d9913 elementor-widget elementor-widget-cba-blog-filter\" data-id=\"a0d9913\" data-element_type=\"widget\" data-e-type=\"widget\" data-widget_type=\"cba-blog-filter.default\">\n\t\t\t\t<div class=\"elementor-widget-container\">\n\t\t\t\t\t            <div class=\"blog-filter\" data-blog=\"\/latam\/\" data-lang=\"\">\n              <div class=\"row main-cats\">\n                <div class=\"cat filter-by\">Filtrer par <span><\/span><\/div>\n                <div class=\"cat\">\n                  <a href=\"\" data-term=\"all\"><span><\/span>All posts<\/a>\n                <\/div>\n                                                  <div class=\"cat\">\n                    <a href=\"\" data-term=\"408\"><span><\/span>Insights<\/a>\n                  <\/div>\n                                  <div class=\"cat\">\n                    <a href=\"\" data-term=\"469\"><span><\/span>Insights<\/a>\n                  <\/div>\n                                  <div class=\"cat\">\n                    <a href=\"\" data-term=\"472\"><span><\/span>Insights<\/a>\n                  <\/div>\n                              <\/div>\n            <\/div>\n            \t\t\t\t<\/div>\n\t\t\t\t<\/div>\n\t\t\t\t\t<\/div>\n\t\t<\/div>\n\t\t\t\t\t<\/div>\n\t\t<\/section>\n\t\t\t\t<section class=\"elementor-section elementor-top-section elementor-element elementor-element-7f2fb0c elementor-section-boxed elementor-section-height-default elementor-section-height-default\" data-id=\"7f2fb0c\" data-element_type=\"section\" data-e-type=\"section\">\n\t\t\t\t\t\t<div class=\"elementor-container elementor-column-gap-default\">\n\t\t\t\t\t<div class=\"elementor-column elementor-col-50 elementor-top-column elementor-element elementor-element-f35cdb5\" data-id=\"f35cdb5\" data-element_type=\"column\" data-e-type=\"column\">\n\t\t\t<div class=\"elementor-widget-wrap elementor-element-populated\">\n\t\t\t\t\t\t<div class=\"elementor-element elementor-element-782a475 animated-fast elementor-invisible elementor-widget elementor-widget-text-editor\" data-id=\"782a475\" data-element_type=\"widget\" data-e-type=\"widget\" data-settings=\"{&quot;_animation&quot;:&quot;fadeInUp&quot;}\" data-widget_type=\"text-editor.default\">\n\t\t\t\t<div class=\"elementor-widget-container\">\n\t\t\t\t\t\t\t\t\t<p>Ven a ver nuestras novedades, leelas aqu\u00ed o directamente en tu casilla de correo.\u00a0<\/p>\t\t\t\t\t\t\t\t<\/div>\n\t\t\t\t<\/div>\n\t\t\t\t\t<\/div>\n\t\t<\/div>\n\t\t\t\t<div class=\"elementor-column elementor-col-50 elementor-top-column elementor-element elementor-element-effeaef\" data-id=\"effeaef\" data-element_type=\"column\" data-e-type=\"column\">\n\t\t\t<div class=\"elementor-widget-wrap elementor-element-populated\">\n\t\t\t\t\t\t<div class=\"elementor-element elementor-element-4a75dfc elementor-tablet-align-center elementor-mobile-align-left animated-fast elementor-align-center cba-button-default elementor-invisible elementor-widget elementor-widget-cba-boutons\" data-id=\"4a75dfc\" data-element_type=\"widget\" data-e-type=\"widget\" data-settings=\"{&quot;_animation&quot;:&quot;fadeInUp&quot;}\" data-widget_type=\"cba-boutons.default\">\n\t\t\t\t<div class=\"elementor-widget-container\">\n\t\t\t\t\t        \t\t<div class=\"elementor-button-wrapper\">\n        \t\t\t<a href=\"https:\/\/cba-design.com\/latam\/es\/blimp-lp\/\" target=\"_blank\" class=\"elementor-button-link elementor-button elementor-size-sm\" role=\"button\">\n        \t\t\t\t            <span class=\"elementor-button-content-wrapper\">\n                            <span class=\"elementor-button-icon elementor-align-icon-right\">\n                <i aria-hidden=\"true\" class=\"icon icon-icon-bell\"><\/i>              <\/span>\n                            <span class=\"elementor-button-text\">Suscr\u00edbete a Blimp<\/span>\n            <\/span>\n                    \t\t\t<\/a>\n        \t\t<\/div>\n\n        \t\t\t\t\t\t<\/div>\n\t\t\t\t<\/div>\n\t\t\t\t\t<\/div>\n\t\t<\/div>\n\t\t\t\t\t<\/div>\n\t\t<\/section>\n\t\t\t\t<section class=\"elementor-section elementor-top-section elementor-element elementor-element-7c2b29d animated-fast elementor-section-boxed elementor-section-height-default elementor-section-height-default elementor-invisible\" data-id=\"7c2b29d\" data-element_type=\"section\" data-e-type=\"section\" data-settings=\"{&quot;animation&quot;:&quot;fadeInUp&quot;}\">\n\t\t\t\t\t\t<div class=\"elementor-container elementor-column-gap-default\">\n\t\t\t\t\t<div class=\"elementor-column elementor-col-100 elementor-top-column elementor-element elementor-element-501eb0f\" data-id=\"501eb0f\" data-element_type=\"column\" data-e-type=\"column\">\n\t\t\t<div class=\"elementor-widget-wrap elementor-element-populated\">\n\t\t\t\t\t\t<div class=\"elementor-element elementor-element-4aba30a elementor-widget elementor-widget-cba-list-blog\" data-id=\"4aba30a\" data-element_type=\"widget\" data-e-type=\"widget\" data-widget_type=\"cba-list-blog.default\">\n\t\t\t\t<div class=\"elementor-widget-container\">\n\t\t\t\t\t\n              <div class=\"blog-une \" id=\"top-blog\">\n                                      <article class=\"big-card-blog\">\n      <a href=\"https:\/\/cba-design.com\/latam\/es\/vitaminas-y-suplementos-mas-alla-de-la-deficiencia\/\" class=\"mouse-hover\">\n        <div class=\"cursor cursor-plus\"><\/div>\n        <div class=\"img\" style=\"background-image: url(https:\/\/cba-design.com\/latam\/wp-content\/uploads\/sites\/4\/2026\/02\/01_LP_Vitamins-Opportunities__01_Desk-1120x630.jpg);\"><\/div>\n        <div class=\"gutter\">\n          <div class=\"cat\">\n                                        \/ Insights                                    <\/div>\n          <div class=\"title\">\n            <p class=\"blog-card-title\">Vitaminas y Suplementos M\u00e1s All\u00e1 de la Deficiencia<\/p>\n          <\/div>\n          <div class=\"desc\">\n            D\u00f3nde Est\u00e1 el Verdadero Crecimiento de la Categor\u00eda en 2026          <\/div>\n          <div class=\"arrow\">\n            <svg width=\"26px\" height=\"15px\" viewBox=\"0 0 26 15\" version=\"1.1\" xmlns=\"http:\/\/www.w3.org\/2000\/svg\" xmlns:xlink=\"http:\/\/www.w3.org\/1999\/xlink\"><g id=\"06_Publications\" stroke=\"none\" stroke-width=\"1\" fill=\"none\" fill-rule=\"evenodd\"><g id=\"05_02_DETAILS_PUBLICATION\" transform=\"translate(-1278.000000, -9751.000000)\" fill=\"#0F2050\" fill-rule=\"nonzero\"><g id=\"Group-6\" transform=\"translate(134.000000, 9511.000000)\"><polygon id=\"Path-Copy-2\" points=\"1166.64036 248.385 1144 248.385 1144 246.615 1166.64036 246.615 1161.78143 241.250769 1162.91393 240 1169.71429 247.505769 1168.58071 248.757692 1168.57536 248.750769 1162.91393 255 1161.78143 253.749231 1166.64036 248.383846\"><\/polygon><\/g><\/g><\/g><\/svg>\n          <\/div>\n        <\/div>\n      <\/a>\n    <\/article>\n                                  <\/div>\n\n                              <div class=\"list-blog\">\n                  <div class=\"main-gutter\">\n                        <article class=\"card-blog\">\n      <a href=\"https:\/\/cba-design.com\/latam\/en\/vitamins-supplements-beyond-deficiency\/\" class=\"mouse-hover\">\n        <div class=\"cursor cursor-plus\"><\/div>\n        <div class=\"img\" style=\"background-image: url(https:\/\/cba-design.com\/latam\/wp-content\/uploads\/sites\/4\/2026\/02\/01_LP_Vitamins-Opportunities__01_Desk-520x293.jpg);\"><\/div>\n        <div class=\"gutter\">\n          <div class=\"cat\">\n                                                <\/div>\n          <div class=\"title\">\n            <p class=\"blog-card-title\">Vitamins &amp; Supplements Beyond Deficiency<\/p>\n          <\/div>\n\n          <div class=\"arrow\">\n            <svg width=\"26px\" height=\"15px\" viewBox=\"0 0 26 15\" version=\"1.1\" xmlns=\"http:\/\/www.w3.org\/2000\/svg\" xmlns:xlink=\"http:\/\/www.w3.org\/1999\/xlink\"><g id=\"06_Publications\" stroke=\"none\" stroke-width=\"1\" fill=\"none\" fill-rule=\"evenodd\"><g id=\"05_02_DETAILS_PUBLICATION\" transform=\"translate(-1278.000000, -9751.000000)\" fill=\"#0F2050\" fill-rule=\"nonzero\"><g id=\"Group-6\" transform=\"translate(134.000000, 9511.000000)\"><polygon id=\"Path-Copy-2\" points=\"1166.64036 248.385 1144 248.385 1144 246.615 1166.64036 246.615 1161.78143 241.250769 1162.91393 240 1169.71429 247.505769 1168.58071 248.757692 1168.57536 248.750769 1162.91393 255 1161.78143 253.749231 1166.64036 248.383846\"><\/polygon><\/g><\/g><\/g><\/svg>\n          <\/div>\n        <\/div>\n      <\/a>\n    <\/article>\n        <article class=\"card-blog\">\n      <a href=\"https:\/\/cba-design.com\/latam\/inisghts-vitaminas-e-suplementos\/\" class=\"mouse-hover\">\n        <div class=\"cursor cursor-plus\"><\/div>\n        <div class=\"img\" style=\"background-image: url(https:\/\/cba-design.com\/latam\/wp-content\/uploads\/sites\/4\/2026\/02\/01_LP_Vitamins-Opportunities__01_Desk-520x293.jpg);\"><\/div>\n        <div class=\"gutter\">\n          <div class=\"cat\">\n                                        \/ Insights                                    <\/div>\n          <div class=\"title\">\n            <p class=\"blog-card-title\">Vitaminas e suplementos para al\u00e9m da defici\u00eancia<\/p>\n          <\/div>\n\n          <div class=\"arrow\">\n            <svg width=\"26px\" height=\"15px\" viewBox=\"0 0 26 15\" version=\"1.1\" xmlns=\"http:\/\/www.w3.org\/2000\/svg\" xmlns:xlink=\"http:\/\/www.w3.org\/1999\/xlink\"><g id=\"06_Publications\" stroke=\"none\" stroke-width=\"1\" fill=\"none\" fill-rule=\"evenodd\"><g id=\"05_02_DETAILS_PUBLICATION\" transform=\"translate(-1278.000000, -9751.000000)\" fill=\"#0F2050\" fill-rule=\"nonzero\"><g id=\"Group-6\" transform=\"translate(134.000000, 9511.000000)\"><polygon id=\"Path-Copy-2\" points=\"1166.64036 248.385 1144 248.385 1144 246.615 1166.64036 246.615 1161.78143 241.250769 1162.91393 240 1169.71429 247.505769 1168.58071 248.757692 1168.57536 248.750769 1162.91393 255 1161.78143 253.749231 1166.64036 248.383846\"><\/polygon><\/g><\/g><\/g><\/svg>\n          <\/div>\n        <\/div>\n      <\/a>\n    <\/article>\n        <article class=\"card-blog\">\n      <a href=\"https:\/\/cba-design.com\/latam\/es\/insights-la-revolucion-invisible-de-los-lacteos\/\" class=\"mouse-hover\">\n        <div class=\"cursor cursor-plus\"><\/div>\n        <div class=\"img\" style=\"background-image: url(https:\/\/cba-design.com\/latam\/wp-content\/uploads\/sites\/4\/2026\/02\/01_LP_Dairy-Opportunities__01_Desk-copy-520x293.png);\"><\/div>\n        <div class=\"gutter\">\n          <div class=\"cat\">\n                                                <\/div>\n          <div class=\"title\">\n            <p class=\"blog-card-title\">La Revoluci\u00f3n Invisible de los L\u00e1cteos<\/p>\n          <\/div>\n\n          <div class=\"arrow\">\n            <svg width=\"26px\" height=\"15px\" viewBox=\"0 0 26 15\" version=\"1.1\" xmlns=\"http:\/\/www.w3.org\/2000\/svg\" xmlns:xlink=\"http:\/\/www.w3.org\/1999\/xlink\"><g id=\"06_Publications\" stroke=\"none\" stroke-width=\"1\" fill=\"none\" fill-rule=\"evenodd\"><g id=\"05_02_DETAILS_PUBLICATION\" transform=\"translate(-1278.000000, -9751.000000)\" fill=\"#0F2050\" fill-rule=\"nonzero\"><g id=\"Group-6\" transform=\"translate(134.000000, 9511.000000)\"><polygon id=\"Path-Copy-2\" points=\"1166.64036 248.385 1144 248.385 1144 246.615 1166.64036 246.615 1161.78143 241.250769 1162.91393 240 1169.71429 247.505769 1168.58071 248.757692 1168.57536 248.750769 1162.91393 255 1161.78143 253.749231 1166.64036 248.383846\"><\/polygon><\/g><\/g><\/g><\/svg>\n          <\/div>\n        <\/div>\n      <\/a>\n    <\/article>\n        <article class=\"card-blog\">\n      <a href=\"https:\/\/cba-design.com\/latam\/en\/the-invisible-dairy-revolution\/\" class=\"mouse-hover\">\n        <div class=\"cursor cursor-plus\"><\/div>\n        <div class=\"img\" style=\"background-image: url(https:\/\/cba-design.com\/latam\/wp-content\/uploads\/sites\/4\/2026\/02\/01_LP_Dairy-Opportunities__01_Desk-copy-520x293.png);\"><\/div>\n        <div class=\"gutter\">\n          <div class=\"cat\">\n                                                <\/div>\n          <div class=\"title\">\n            <p class=\"blog-card-title\">The Invisible Dairy Revolution<\/p>\n          <\/div>\n\n          <div class=\"arrow\">\n            <svg width=\"26px\" height=\"15px\" viewBox=\"0 0 26 15\" version=\"1.1\" xmlns=\"http:\/\/www.w3.org\/2000\/svg\" xmlns:xlink=\"http:\/\/www.w3.org\/1999\/xlink\"><g id=\"06_Publications\" stroke=\"none\" stroke-width=\"1\" fill=\"none\" fill-rule=\"evenodd\"><g id=\"05_02_DETAILS_PUBLICATION\" transform=\"translate(-1278.000000, -9751.000000)\" fill=\"#0F2050\" fill-rule=\"nonzero\"><g id=\"Group-6\" transform=\"translate(134.000000, 9511.000000)\"><polygon id=\"Path-Copy-2\" points=\"1166.64036 248.385 1144 248.385 1144 246.615 1166.64036 246.615 1161.78143 241.250769 1162.91393 240 1169.71429 247.505769 1168.58071 248.757692 1168.57536 248.750769 1162.91393 255 1161.78143 253.749231 1166.64036 248.383846\"><\/polygon><\/g><\/g><\/g><\/svg>\n          <\/div>\n        <\/div>\n      <\/a>\n    <\/article>\n        <article class=\"card-blog\">\n      <a href=\"https:\/\/cba-design.com\/latam\/insights-a-revolucao-invisivel-dos-laticinios\/\" class=\"mouse-hover\">\n        <div class=\"cursor cursor-plus\"><\/div>\n        <div class=\"img\" style=\"background-image: url(https:\/\/cba-design.com\/latam\/wp-content\/uploads\/sites\/4\/2026\/02\/01_LP_Dairy-Opportunities__01_Desk-copy-520x293.png);\"><\/div>\n        <div class=\"gutter\">\n          <div class=\"cat\">\n                                        \/ Insights                                    <\/div>\n          <div class=\"title\">\n            <p class=\"blog-card-title\">A Revolu\u00e7\u00e3o Invis\u00edvel dos Latic\u00ednios<\/p>\n          <\/div>\n\n          <div class=\"arrow\">\n            <svg width=\"26px\" height=\"15px\" viewBox=\"0 0 26 15\" version=\"1.1\" xmlns=\"http:\/\/www.w3.org\/2000\/svg\" xmlns:xlink=\"http:\/\/www.w3.org\/1999\/xlink\"><g id=\"06_Publications\" stroke=\"none\" stroke-width=\"1\" fill=\"none\" fill-rule=\"evenodd\"><g id=\"05_02_DETAILS_PUBLICATION\" transform=\"translate(-1278.000000, -9751.000000)\" fill=\"#0F2050\" fill-rule=\"nonzero\"><g id=\"Group-6\" transform=\"translate(134.000000, 9511.000000)\"><polygon id=\"Path-Copy-2\" points=\"1166.64036 248.385 1144 248.385 1144 246.615 1166.64036 246.615 1161.78143 241.250769 1162.91393 240 1169.71429 247.505769 1168.58071 248.757692 1168.57536 248.750769 1162.91393 255 1161.78143 253.749231 1166.64036 248.383846\"><\/polygon><\/g><\/g><\/g><\/svg>\n          <\/div>\n        <\/div>\n      <\/a>\n    <\/article>\n        <article class=\"card-blog\">\n      <a href=\"https:\/\/cba-design.com\/latam\/insights-longevidade-ativa\/\" class=\"mouse-hover\">\n        <div class=\"cursor cursor-plus\"><\/div>\n        <div class=\"img\" style=\"background-image: url(https:\/\/cba-design.com\/latam\/wp-content\/uploads\/sites\/4\/2025\/05\/03_CBA_Artigo_Logevity-Craze_Desktop-PT-520x297.png);\"><\/div>\n        <div class=\"gutter\">\n          <div class=\"cat\">\n                                        \/ Insights                                    <\/div>\n          <div class=\"title\">\n            <p class=\"blog-card-title\">Longevidade ativa<\/p>\n          <\/div>\n\n          <div class=\"arrow\">\n            <svg width=\"26px\" height=\"15px\" viewBox=\"0 0 26 15\" version=\"1.1\" xmlns=\"http:\/\/www.w3.org\/2000\/svg\" xmlns:xlink=\"http:\/\/www.w3.org\/1999\/xlink\"><g id=\"06_Publications\" stroke=\"none\" stroke-width=\"1\" fill=\"none\" fill-rule=\"evenodd\"><g id=\"05_02_DETAILS_PUBLICATION\" transform=\"translate(-1278.000000, -9751.000000)\" fill=\"#0F2050\" fill-rule=\"nonzero\"><g id=\"Group-6\" transform=\"translate(134.000000, 9511.000000)\"><polygon id=\"Path-Copy-2\" points=\"1166.64036 248.385 1144 248.385 1144 246.615 1166.64036 246.615 1161.78143 241.250769 1162.91393 240 1169.71429 247.505769 1168.58071 248.757692 1168.57536 248.750769 1162.91393 255 1161.78143 253.749231 1166.64036 248.383846\"><\/polygon><\/g><\/g><\/g><\/svg>\n          <\/div>\n        <\/div>\n      <\/a>\n    <\/article>\n                      <\/div>\n                <\/div>\n              \n                                            <div class=\"ta-c\">\n                  <button class=\"btn red-arrow more-news loader-btn\" data-type=\"post\" data-page=\"1\" data-blog=\"\/latam\/\" data-lang=\"\" data-number=\"6\">\n                    M\u00e1s                    <svg width=\"19px\" height=\"11px\" viewBox=\"0 0 19 11\" version=\"1.1\" xmlns=\"http:\/\/www.w3.org\/2000\/svg\" xmlns:xlink=\"http:\/\/www.w3.org\/1999\/xlink\">\n                      <g id=\"Symbols\" stroke=\"none\" stroke-width=\"1\" fill=\"none\" fill-rule=\"evenodd\">\n                        <g id=\"Button\/Dark\" transform=\"translate(-142.000000, -27.000000)\" fill=\"#FB3E50\" fill-rule=\"nonzero\">\n                          <polygon id=\"Path\" points=\"142 33.149 142 31.851 158.602929 31.851 155.039714 27.9172308 155.870214 27 160.857143 32.5042308 160.025857 33.4223077 160.021929 33.4172308 155.870214 38 155.039714 37.0827692 158.602929 33.1481538\"><\/polygon>\n                        <\/g>\n                      <\/g>\n                    <\/svg>\n                  <\/button>\n                <\/div>\n                            \t\t\t\t<\/div>\n\t\t\t\t<\/div>\n\t\t\t\t\t<\/div>\n\t\t<\/div>\n\t\t\t\t\t<\/div>\n\t\t<\/section>\n\t\t\t\t<\/div>\n\t\t","protected":false},"excerpt":{"rendered":"<p>Filtrer par All posts Insights Insights Insights Ven a ver nuestras novedades, leelas aqu\u00ed o directamente en tu casilla de correo.\u00a0 Suscr\u00edbete a Blimp \/ Insights Explorando la frontera de la creatividad real \u00bfQu\u00e9 gobernar\u00e1 las redes neuronales humanas o los algoritmos de machine learning? \/ Insights Exploring the frontier of real creativity \/ Insights [&hellip;]<\/p>\n","protected":false},"author":3,"featured_media":0,"parent":0,"menu_order":0,"comment_status":"closed","ping_status":"closed","template":"","meta":{"_acf_changed":false,"footnotes":""},"class_list":["post-6369","page","type-page","status-publish","hentry"],"acf":[],"lang":"es","translations":{"es":6369,"pt":6368,"en":5686},"pll_sync_post":[],"_links":{"self":[{"href":"https:\/\/cba-design.com\/latam\/wp-json\/wp\/v2\/pages\/6369","targetHints":{"allow":["GET"]}}],"collection":[{"href":"https:\/\/cba-design.com\/latam\/wp-json\/wp\/v2\/pages"}],"about":[{"href":"https:\/\/cba-design.com\/latam\/wp-json\/wp\/v2\/types\/page"}],"author":[{"embeddable":true,"href":"https:\/\/cba-design.com\/latam\/wp-json\/wp\/v2\/users\/3"}],"replies":[{"embeddable":true,"href":"https:\/\/cba-design.com\/latam\/wp-json\/wp\/v2\/comments?post=6369"}],"version-history":[{"count":3,"href":"https:\/\/cba-design.com\/latam\/wp-json\/wp\/v2\/pages\/6369\/revisions"}],"predecessor-version":[{"id":21949,"href":"https:\/\/cba-design.com\/latam\/wp-json\/wp\/v2\/pages\/6369\/revisions\/21949"}],"wp:attachment":[{"href":"https:\/\/cba-design.com\/latam\/wp-json\/wp\/v2\/media?parent=6369"}],"curies":[{"name":"wp","href":"https:\/\/api.w.org\/{rel}","templated":true}]}}