{"id":6376,"date":"2021-03-08T15:18:58","date_gmt":"2021-03-08T18:18:58","guid":{"rendered":"https:\/\/cba-design.com\/latam\/?page_id=6376"},"modified":"2024-08-23T12:18:05","modified_gmt":"2024-08-23T15:18:05","slug":"politicas-de-privacidade","status":"publish","type":"page","link":"https:\/\/cba-design.com\/latam\/politicas-de-privacidade\/","title":{"rendered":"Pol\u00edticas de privacidade"},"content":{"rendered":"\t\t<div data-elementor-type=\"wp-page\" data-elementor-id=\"6376\" class=\"elementor elementor-6376\" data-elementor-post-type=\"page\">\n\t\t\t\t\t\t<section class=\"elementor-section elementor-top-section elementor-element elementor-element-3320d40 elementor-section-height-min-height elementor-section-boxed elementor-section-height-default elementor-section-items-middle\" data-id=\"3320d40\" data-element_type=\"section\" data-e-type=\"section\" data-settings=\"{&quot;background_background&quot;:&quot;classic&quot;,&quot;background_motion_fx_motion_fx_scrolling&quot;:&quot;yes&quot;,&quot;background_motion_fx_devices&quot;:[&quot;desktop&quot;,&quot;tablet&quot;,&quot;mobile&quot;]}\">\n\t\t\t\t\t\t\t<div class=\"elementor-background-overlay\"><\/div>\n\t\t\t\t\t\t\t<div class=\"elementor-container elementor-column-gap-default\">\n\t\t\t\t\t<div class=\"elementor-column elementor-col-100 elementor-top-column elementor-element elementor-element-ac8ecd8\" data-id=\"ac8ecd8\" data-element_type=\"column\" data-e-type=\"column\">\n\t\t\t<div class=\"elementor-widget-wrap elementor-element-populated\">\n\t\t\t\t\t\t<div class=\"elementor-element elementor-element-81f73a2 animated-fast elementor-invisible elementor-widget elementor-widget-heading\" data-id=\"81f73a2\" data-element_type=\"widget\" data-e-type=\"widget\" data-settings=\"{&quot;_animation&quot;:&quot;fadeInUp&quot;}\" data-widget_type=\"heading.default\">\n\t\t\t\t<div class=\"elementor-widget-container\">\n\t\t\t\t\t<h1 class=\"elementor-heading-title elementor-size-default\">POL\u00cdTICAS<\/h1>\t\t\t\t<\/div>\n\t\t\t\t<\/div>\n\t\t\t\t<div class=\"elementor-element elementor-element-b5518b6 stroked animated-fast elementor-invisible elementor-widget elementor-widget-heading\" data-id=\"b5518b6\" data-element_type=\"widget\" data-e-type=\"widget\" data-settings=\"{&quot;_animation&quot;:&quot;fadeInUp&quot;,&quot;_animation_delay&quot;:&quot;200&quot;}\" data-widget_type=\"heading.default\">\n\t\t\t\t<div class=\"elementor-widget-container\">\n\t\t\t\t\t<h2 class=\"elementor-heading-title elementor-size-default\">DE PRIVACIDADE<\/h2>\t\t\t\t<\/div>\n\t\t\t\t<\/div>\n\t\t\t\t\t<\/div>\n\t\t<\/div>\n\t\t\t\t\t<\/div>\n\t\t<\/section>\n\t\t\t\t<section class=\"elementor-section elementor-top-section elementor-element elementor-element-581e17f elementor-section-boxed elementor-section-height-default elementor-section-height-default\" data-id=\"581e17f\" data-element_type=\"section\" data-e-type=\"section\">\n\t\t\t\t\t\t<div class=\"elementor-container elementor-column-gap-default\">\n\t\t\t\t\t<div class=\"elementor-column elementor-col-100 elementor-top-column elementor-element elementor-element-322847b\" data-id=\"322847b\" data-element_type=\"column\" data-e-type=\"column\">\n\t\t\t<div class=\"elementor-widget-wrap elementor-element-populated\">\n\t\t\t\t\t\t<div class=\"elementor-element elementor-element-01c28b2 elementor-widget elementor-widget-text-editor\" data-id=\"01c28b2\" data-element_type=\"widget\" data-e-type=\"widget\" data-widget_type=\"text-editor.default\">\n\t\t\t\t<div class=\"elementor-widget-container\">\n\t\t\t\t\t\t\t\t\t<p>A privacidade e a seguran\u00e7a dos dados pessoais dos visitantes do nosso site, clientes, colaboradores e parceiros \u00e9 muito importante para a CBA B+G. Assim, a fim de garantir a transpar\u00eancia no tratamento de dados, a presente Pol\u00edtica fornece informa\u00e7\u00f5es sobre como tratamos dados pessoais, al\u00e9m de referir as medidas de seguran\u00e7a e pr\u00e1ticas adotadas pela CBA B+G para proteger os dados e resguardar os direitos dos titulares.<\/p><p>\u00a0<\/p>\t\t\t\t\t\t\t\t<\/div>\n\t\t\t\t<\/div>\n\t\t\t\t<div class=\"elementor-element elementor-element-0d090c7 elementor-widget elementor-widget-heading\" data-id=\"0d090c7\" data-element_type=\"widget\" data-e-type=\"widget\" data-widget_type=\"heading.default\">\n\t\t\t\t<div class=\"elementor-widget-container\">\n\t\t\t\t\t<h2 class=\"elementor-heading-title elementor-size-default\">Princ\u00edpios e Fundamentos<\/h2>\t\t\t\t<\/div>\n\t\t\t\t<\/div>\n\t\t\t\t<div class=\"elementor-element elementor-element-3a75dc6 elementor-widget elementor-widget-text-editor\" data-id=\"3a75dc6\" data-element_type=\"widget\" data-e-type=\"widget\" data-widget_type=\"text-editor.default\">\n\t\t\t\t<div class=\"elementor-widget-container\">\n\t\t\t\t\t\t\t\t\t<p>A CBA B+G realiza o tratamento dos seus dados pessoais de acordo com os seguintes princ\u00edpios:\u00a0<\/p><ul><li><b>Transpar\u00eancia:<\/b> tratamento l\u00edcito, \u00edntegro e transparente de seus dados pessoais;<\/li><li><b>Finalidade e adequa\u00e7\u00e3o:<\/b> dados pessoais coletados e tratados apenas para finalidades determinadas e leg\u00edtimas;\u00a0<\/li><li><b>Necessidade:<\/b> tratamento adequado ao m\u00ednimo de dados pessoais necess\u00e1rios para o atendimento de cada finalidade;<\/li><li><b>Qualidade dos dados:<\/b> tratamento de dados pessoais corretos e atualizados, utilizando-se de meios de retifica\u00e7\u00e3o, sempre que poss\u00edvel;<\/li><li><b>N\u00e3o discrimina\u00e7\u00e3o:<\/b> preven\u00e7\u00e3o contra o tratamento de dados para fins discriminat\u00f3rios, il\u00edcitos ou abusivos;<\/li><li><b>Seguran\u00e7a e preven\u00e7\u00e3o:<\/b> ado\u00e7\u00e3o de medidas t\u00e9cnicas e organizacionais voltadas \u00e0 preven\u00e7\u00e3o do uso n\u00e3o autorizado ou il\u00edcito de seus dados, prevenindo a sua perda, destrui\u00e7\u00e3o ou danifica\u00e7\u00e3o acidental.<\/li><\/ul><div>\u00a0<\/div><p>\u00a0<\/p>\t\t\t\t\t\t\t\t<\/div>\n\t\t\t\t<\/div>\n\t\t\t\t<div class=\"elementor-element elementor-element-085f1c7 elementor-widget elementor-widget-heading\" data-id=\"085f1c7\" data-element_type=\"widget\" data-e-type=\"widget\" data-widget_type=\"heading.default\">\n\t\t\t\t<div class=\"elementor-widget-container\">\n\t\t\t\t\t<h2 class=\"elementor-heading-title elementor-size-default\">Dados pessoais tratados<\/h2>\t\t\t\t<\/div>\n\t\t\t\t<\/div>\n\t\t\t\t<div class=\"elementor-element elementor-element-b9fa311 elementor-widget elementor-widget-text-editor\" data-id=\"b9fa311\" data-element_type=\"widget\" data-e-type=\"widget\" data-widget_type=\"text-editor.default\">\n\t\t\t\t<div class=\"elementor-widget-container\">\n\t\t\t\t\t\t\t\t\t<p>A CBA B+G somente coletar\u00e1 dados pessoais identific\u00e1veis dos visitantes do nosso site, como nome ou endere\u00e7o de e-mail, quando voluntariamente informados pelo titular dos dados. Isso poder\u00e1 ocorrer, por exemplo, nas hip\u00f3teses de cadastro para o recebimento do newsletter mensal da CBA B+G ou contato por e-mail. Nesses casos, os dados ser\u00e3o tratados apenas para as finalidades espec\u00edficas solicitadas pelos titulares.<\/p><p><span>Ainda, a fim de cumprir obriga\u00e7\u00f5es legais e contratos e oferecer seus servi\u00e7os com a maior qualidade poss\u00edvel, a CBA B+G, como parte das suas opera\u00e7\u00f5es di\u00e1rias, trata dados pessoais de seus clientes, parceiros e colaboradores, sempre em aten\u00e7\u00e3o \u00e0 Lei 13.709\/2018 (Lei Geral de Prote\u00e7\u00e3o de Dados \u2013 \u201cLGPD\u201d).<\/span><\/p><p><span>\u00a0<\/span><\/p><p>\u00a0<\/p>\t\t\t\t\t\t\t\t<\/div>\n\t\t\t\t<\/div>\n\t\t\t\t<div class=\"elementor-element elementor-element-28fba93 elementor-widget elementor-widget-heading\" data-id=\"28fba93\" data-element_type=\"widget\" data-e-type=\"widget\" data-widget_type=\"heading.default\">\n\t\t\t\t<div class=\"elementor-widget-container\">\n\t\t\t\t\t<h2 class=\"elementor-heading-title elementor-size-default\">Utiliza\u00e7\u00e3o dos dados pessoais e finalidades do tratamento<\/h2>\t\t\t\t<\/div>\n\t\t\t\t<\/div>\n\t\t\t\t<div class=\"elementor-element elementor-element-f6aafac elementor-widget elementor-widget-text-editor\" data-id=\"f6aafac\" data-element_type=\"widget\" data-e-type=\"widget\" data-widget_type=\"text-editor.default\">\n\t\t\t\t<div class=\"elementor-widget-container\">\n\t\t\t\t\t\t\t\t\t<p>As permanentes a\u00e7\u00f5es de conformidade implementadas pela CBA B+G n\u00e3o apenas t\u00eam como finalidade o atendimento \u00e0 LGPD, mas, tamb\u00e9m, a garantia dos padr\u00f5es de qualidade, seguran\u00e7a e confiabilidade esperados pelos nossos clientes, parceiros e colaboradores. Por isso, qualquer tratamento de dados pessoais realizado pela CBA B+G estar\u00e1 baseado em fundamento legal e se dar\u00e1 de forma adequada \u00e0 finalidade da sua coleta.<\/p><p><span>Algumas das finalidades que podem justificar o tratamento dos dados pessoais pela CBA B+G incluem: responder, processar e nos comunicar com os titulares sobre solicita\u00e7\u00f5es, d\u00favidas e coment\u00e1rios; enviar comunica\u00e7\u00f5es personalizadas da empresa; operar, avaliar e melhorar nossos neg\u00f3cios (incluindo aprimorar e melhorar nossos servi\u00e7os, gerenciar nossas comunica\u00e7\u00f5es, realizar an\u00e1lises de dados e executar outras fun\u00e7\u00f5es internas); proteger, identificar e prevenir fraudes e outras atividades ilegais, reclama\u00e7\u00f5es e outras responsabilidades; cumprir os requisitos legais aplic\u00e1veis, os padr\u00f5es do setor e nossas pr\u00f3prias pol\u00edticas e termos; empreender a\u00e7\u00f5es de marketing; realizar pesquisas para nossos clientes; realizar workshops, etc.<\/span><\/p><p><span>Ao seu turno, para fundamentar o tratamento de dados pessoais nestas finalidades, podemos utilizar, por exemplo, as seguintes hip\u00f3teses: (i) execu\u00e7\u00e3o de contrato e procedimentos preliminares; (ii) cumprimento das obriga\u00e7\u00f5es legais, regulat\u00f3rias ou autorregulat\u00f3rias \u00e0s quais a empresa est\u00e1 sujeita; (iii) exerc\u00edcio regular de direitos em processos ou contratos; (iv) prote\u00e7\u00e3o de cr\u00e9dito; (v) atendimento aos interesses leg\u00edtimos da CBA B+G ou de terceiros; ou (vi) preven\u00e7\u00e3o de fraudes. Em outros casos, o tratamento de dados pessoais ser\u00e1 condicionado ao consentimento do titular.<\/span><\/p><div>\u00a0<\/div><p>\u00a0<\/p>\t\t\t\t\t\t\t\t<\/div>\n\t\t\t\t<\/div>\n\t\t\t\t<div class=\"elementor-element elementor-element-7eaeaf4 elementor-widget elementor-widget-heading\" data-id=\"7eaeaf4\" data-element_type=\"widget\" data-e-type=\"widget\" data-widget_type=\"heading.default\">\n\t\t\t\t<div class=\"elementor-widget-container\">\n\t\t\t\t\t<h2 class=\"elementor-heading-title elementor-size-default\">Compartilhamento de dados<\/h2>\t\t\t\t<\/div>\n\t\t\t\t<\/div>\n\t\t\t\t<div class=\"elementor-element elementor-element-3002997 elementor-widget elementor-widget-text-editor\" data-id=\"3002997\" data-element_type=\"widget\" data-e-type=\"widget\" data-widget_type=\"text-editor.default\">\n\t\t\t\t<div class=\"elementor-widget-container\">\n\t\t\t\t\t\t\t\t\t<p>O compartilhamento dos dados pessoais tratados pela CBA B+G ocorrer\u00e1 excepcionalmente, como, por exemplo: (i) em caso de cumprimento de obriga\u00e7\u00e3o imposta por lei, regulamento ou processo judicial; (ii) para a execu\u00e7\u00e3o de contratos que dependam do compartilhamento de dados; (iii) quando requisitado pelo titular. Tal compartilhamento tamb\u00e9m poder\u00e1 ser feito com institui\u00e7\u00f5es\/empresas parceiras e fornecedores de tecnologia da informa\u00e7\u00e3o, os quais se submetem a obriga\u00e7\u00f5es de sigilo e prote\u00e7\u00e3o de dados.<\/p><p>\u00a0<\/p><p>\u00a0<\/p>\t\t\t\t\t\t\t\t<\/div>\n\t\t\t\t<\/div>\n\t\t\t\t<div class=\"elementor-element elementor-element-b606c3f elementor-widget elementor-widget-heading\" data-id=\"b606c3f\" data-element_type=\"widget\" data-e-type=\"widget\" data-widget_type=\"heading.default\">\n\t\t\t\t<div class=\"elementor-widget-container\">\n\t\t\t\t\t<h2 class=\"elementor-heading-title elementor-size-default\">Seguran\u00e7a dos dados pessoais<\/h2>\t\t\t\t<\/div>\n\t\t\t\t<\/div>\n\t\t\t\t<div class=\"elementor-element elementor-element-8815b01 elementor-widget elementor-widget-text-editor\" data-id=\"8815b01\" data-element_type=\"widget\" data-e-type=\"widget\" data-widget_type=\"text-editor.default\">\n\t\t\t\t<div class=\"elementor-widget-container\">\n\t\t\t\t\t\t\t\t\t<p>A CBA B+G utiliza medidas t\u00e9cnicas e administrativas aptas a proteger os seus dados pessoais de acessos n\u00e3o autorizados e de situa\u00e7\u00f5es acidentais ou il\u00edcitas de destrui\u00e7\u00e3o, perda, altera\u00e7\u00e3o, comunica\u00e7\u00e3o ou difus\u00e3o, com padr\u00e3o de seguran\u00e7a usualmente adotado pelo mercado para prote\u00e7\u00e3o de dados pessoais.<\/p><p><span>Igualmente, os dados pessoais tratados s\u00e3o de acesso restrito apenas \u00e0queles colaboradores ou outras partes que precisarem das informa\u00e7\u00f5es para a execu\u00e7\u00e3o e o desempenho de suas fun\u00e7\u00f5es.<\/span><\/p><p>\u00a0<\/p><p>\u00a0<\/p>\t\t\t\t\t\t\t\t<\/div>\n\t\t\t\t<\/div>\n\t\t\t\t<div class=\"elementor-element elementor-element-1020105 elementor-widget elementor-widget-heading\" data-id=\"1020105\" data-element_type=\"widget\" data-e-type=\"widget\" data-widget_type=\"heading.default\">\n\t\t\t\t<div class=\"elementor-widget-container\">\n\t\t\t\t\t<h2 class=\"elementor-heading-title elementor-size-default\">Utiliza\u00e7\u00e3o de Cookies<\/h2>\t\t\t\t<\/div>\n\t\t\t\t<\/div>\n\t\t\t\t<div class=\"elementor-element elementor-element-f1f4acd elementor-widget elementor-widget-text-editor\" data-id=\"f1f4acd\" data-element_type=\"widget\" data-e-type=\"widget\" data-widget_type=\"text-editor.default\">\n\t\t\t\t<div class=\"elementor-widget-container\">\n\t\t\t\t\t\t\t\t\t<p>Cookies s\u00e3o arquivos de internet que armazenam temporariamente sua intera\u00e7\u00e3o com nosso ambiente virtual. A CBA B+G utiliza cookies para: proporcionar uma melhor experi\u00eancia a voc\u00ea e viabilizar recursos personalizados, tais como: publicidade direcionada e informa\u00e7\u00f5es adicionais de seu interesse; melhorar a nossa compreens\u00e3o de como navega atrav\u00e9s dos nossos sites para que possamos identificar melhorias; avaliar a publicidade e a efic\u00e1cia promocional dos nossos sites; utilizamos cookies pr\u00f3prios (de primeira m\u00e3o) e cookies de empresas parceiras (de terceiros) para apoiar estas atividades de divulga\u00e7\u00e3o de conte\u00fados de Design, Branding, Pesquisa e Inova\u00e7\u00e3o.<\/p><p><span>O per\u00edodo de armazenamento de um cookie no seu computador depende de seu tipo. Alguns ir\u00e3o durar pelo tempo em que voc\u00ea estiver online, enquanto outros por um per\u00edodo mais longo, que pode chegar a 01 (um) ano. Caso assim desejar, a qualquer momento voc\u00ea poder\u00e1 apagar os cookies existentes em seu computador, por meio do browser. Se voc\u00ea configurar o navegador para recusar cookies, n\u00e3o estar\u00e1 habilitado para utilizar todos os recursos de navega\u00e7\u00e3o personalizados oferecidos pelo site, al\u00e9m de poder enfrentar problemas operacionais.<\/span><\/p><p><span>\u00a0<\/span><\/p><p>\u00a0<\/p>\t\t\t\t\t\t\t\t<\/div>\n\t\t\t\t<\/div>\n\t\t\t\t<div class=\"elementor-element elementor-element-3431b3a elementor-widget elementor-widget-heading\" data-id=\"3431b3a\" data-element_type=\"widget\" data-e-type=\"widget\" data-widget_type=\"heading.default\">\n\t\t\t\t<div class=\"elementor-widget-container\">\n\t\t\t\t\t<h2 class=\"elementor-heading-title elementor-size-default\">Armazenamento dos dados<\/h2>\t\t\t\t<\/div>\n\t\t\t\t<\/div>\n\t\t\t\t<div class=\"elementor-element elementor-element-7459d16 elementor-widget elementor-widget-text-editor\" data-id=\"7459d16\" data-element_type=\"widget\" data-e-type=\"widget\" data-widget_type=\"text-editor.default\">\n\t\t\t\t<div class=\"elementor-widget-container\">\n\t\t\t\t\t\t\t\t\t<p>A CBA B+G manter\u00e1 os dados pessoais tratados, pelo menos, pelo tempo que o titular possuir v\u00ednculo conosco e\/ou enquanto durar o consentimento, quando aplic\u00e1vel. Ap\u00f3s o encerramento destas hip\u00f3teses, n\u00f3s manteremos os dados pessoais pelos prazos que forem necess\u00e1rios para cumprir a legisla\u00e7\u00e3o aplic\u00e1vel.<\/p><p>\u00a0<\/p><p>\u00a0<\/p>\t\t\t\t\t\t\t\t<\/div>\n\t\t\t\t<\/div>\n\t\t\t\t<div class=\"elementor-element elementor-element-9d56d3b elementor-widget elementor-widget-heading\" data-id=\"9d56d3b\" data-element_type=\"widget\" data-e-type=\"widget\" data-widget_type=\"heading.default\">\n\t\t\t\t<div class=\"elementor-widget-container\">\n\t\t\t\t\t<h2 class=\"elementor-heading-title elementor-size-default\">Direitos dos titulares de dados<\/h2>\t\t\t\t<\/div>\n\t\t\t\t<\/div>\n\t\t\t\t<div class=\"elementor-element elementor-element-0c9e8fc elementor-widget elementor-widget-text-editor\" data-id=\"0c9e8fc\" data-element_type=\"widget\" data-e-type=\"widget\" data-widget_type=\"text-editor.default\">\n\t\t\t\t<div class=\"elementor-widget-container\">\n\t\t\t\t\t\t\t\t\t<p>A CBA B+G garante ao titular de dados o exerc\u00edcio dos direitos previstos na lei aplic\u00e1vel, dentre eles:<\/p><ul><li>A confirma\u00e7\u00e3o da exist\u00eancia de tratamento dos dados pessoais e acesso a esses dados;<\/li><li>A corre\u00e7\u00e3o de dados incompletos, inexatos ou desatualizados;<\/li><li>A anonimiza\u00e7\u00e3o, bloqueio ou elimina\u00e7\u00e3o de dados desnecess\u00e1rios, excessivos ou tratados em desconformidade com a LGPD;<\/li><li>A portabilidade dos dados pessoais, mediante requisi\u00e7\u00e3o expressa e autenticada;<\/li><li>A elimina\u00e7\u00e3o de dados tratados com consentimento do autor, em observ\u00e2ncia aos prazos de guarda aplic\u00e1veis;<\/li><li>A obten\u00e7\u00e3o de informa\u00e7\u00f5es sobre entidades p\u00fablicas e privadas com os quais a CBA B+G compartilhou seus dados;<\/li><li>Informa\u00e7\u00f5es sobre a possibilidade de n\u00e3o fornecer o consentimento e sobre as consequ\u00eancias da negativa;<\/li><li>Revoga\u00e7\u00e3o do consentimento, quando aplic\u00e1vel, nos termos da LGPD;<\/li><\/ul><div>\u00a0<\/div><p>\u00a0<\/p>\t\t\t\t\t\t\t\t<\/div>\n\t\t\t\t<\/div>\n\t\t\t\t<div class=\"elementor-element elementor-element-9cbcc81 elementor-widget elementor-widget-heading\" data-id=\"9cbcc81\" data-element_type=\"widget\" data-e-type=\"widget\" data-widget_type=\"heading.default\">\n\t\t\t\t<div class=\"elementor-widget-container\">\n\t\t\t\t\t<h2 class=\"elementor-heading-title elementor-size-default\">Dados de candidatos a vagas<\/h2>\t\t\t\t<\/div>\n\t\t\t\t<\/div>\n\t\t\t\t<div class=\"elementor-element elementor-element-81254a2 elementor-widget elementor-widget-text-editor\" data-id=\"81254a2\" data-element_type=\"widget\" data-e-type=\"widget\" data-widget_type=\"text-editor.default\">\n\t\t\t\t<div class=\"elementor-widget-container\">\n\t\t\t\t\t\t\t\t\t<p>Caso voc\u00ea tenha interesse em trabalhar conosco e nos enviou os documentos necess\u00e1rios para se candidatar a uma das nossas vagas, conforme orienta\u00e7\u00f5es presentes em nosso Site, informamos que iremos coletar e tratar os seus dados pessoais fornecidos, tais como: nome, informa\u00e7\u00f5es pessoais, endere\u00e7o eletr\u00f4nico para contato, detalhes das suas qualifica\u00e7\u00f5es profissionais e demais dados constantes no seu curr\u00edculo e\/ou portif\u00f3lio.<\/p><p><span>Nesse caso, o tratamento de dados ter\u00e1 como finalidade espec\u00edfica o recrutamento de novos colaboradores\/freelancers e estar\u00e1 fundamentado nas hip\u00f3teses legais previstas na LGPD.<\/span><\/p><p><span>Os dados tratados nessa circunst\u00e2ncia estar\u00e3o submetidos a todas as demais disposi\u00e7\u00f5es da presente Pol\u00edtica.<\/span><\/p><p><span>\u00a0<\/span><\/p><p>\u00a0<\/p>\t\t\t\t\t\t\t\t<\/div>\n\t\t\t\t<\/div>\n\t\t\t\t<div class=\"elementor-element elementor-element-fc3749c elementor-widget elementor-widget-heading\" data-id=\"fc3749c\" data-element_type=\"widget\" data-e-type=\"widget\" data-widget_type=\"heading.default\">\n\t\t\t\t<div class=\"elementor-widget-container\">\n\t\t\t\t\t<h2 class=\"elementor-heading-title elementor-size-default\">Atualiza\u00e7\u00f5es \u00e0 nossa Pol\u00edtica de Privacidade<\/h2>\t\t\t\t<\/div>\n\t\t\t\t<\/div>\n\t\t\t\t<div class=\"elementor-element elementor-element-cbe4016 elementor-widget elementor-widget-text-editor\" data-id=\"cbe4016\" data-element_type=\"widget\" data-e-type=\"widget\" data-widget_type=\"text-editor.default\">\n\t\t\t\t<div class=\"elementor-widget-container\">\n\t\t\t\t\t\t\t\t\t<p>Esta Pol\u00edtica de Privacidade pode ser atualizada periodicamente, hip\u00f3tese em que a altera\u00e7\u00e3o ser\u00e1 informada em nosso Site.<\/p><p>\u00a0<\/p><p>\u00a0<\/p>\t\t\t\t\t\t\t\t<\/div>\n\t\t\t\t<\/div>\n\t\t\t\t<div class=\"elementor-element elementor-element-b118f70 elementor-widget elementor-widget-heading\" data-id=\"b118f70\" data-element_type=\"widget\" data-e-type=\"widget\" data-widget_type=\"heading.default\">\n\t\t\t\t<div class=\"elementor-widget-container\">\n\t\t\t\t\t<h2 class=\"elementor-heading-title elementor-size-default\">Como entrar em contato conosco<\/h2>\t\t\t\t<\/div>\n\t\t\t\t<\/div>\n\t\t\t\t<div class=\"elementor-element elementor-element-f976410 elementor-widget elementor-widget-text-editor\" data-id=\"f976410\" data-element_type=\"widget\" data-e-type=\"widget\" data-widget_type=\"text-editor.default\">\n\t\t\t\t<div class=\"elementor-widget-container\">\n\t\t\t\t\t\t\t\t\t<p>Para mais informa\u00e7\u00f5es ou para o exerc\u00edcio dos direitos do titular de dados pessoais, entre em contato com nosso Encarregado de Prote\u00e7\u00e3o de Dados, tamb\u00e9m conhecido como Data Protection Officer (DPO), Thiago Ramiro, atrav\u00e9s do email <a href=\"mailto:dpo@cba-bmaisg.com\">dpo@cba-bmaisg.com<\/a><\/p>\n<p><\/p>\t\t\t\t\t\t\t\t<\/div>\n\t\t\t\t<\/div>\n\t\t\t\t\t<\/div>\n\t\t<\/div>\n\t\t\t\t\t<\/div>\n\t\t<\/section>\n\t\t\t\t<\/div>\n\t\t","protected":false},"excerpt":{"rendered":"<p>POL\u00cdTICAS DE PRIVACIDADE A privacidade e a seguran\u00e7a dos dados pessoais dos visitantes do nosso site, clientes, colaboradores e parceiros \u00e9 muito importante para a CBA B+G. Assim, a fim de garantir a transpar\u00eancia no tratamento de dados, a presente Pol\u00edtica fornece informa\u00e7\u00f5es sobre como tratamos dados pessoais, al\u00e9m de referir as medidas de seguran\u00e7a [&hellip;]<\/p>\n","protected":false},"author":3,"featured_media":0,"parent":0,"menu_order":0,"comment_status":"closed","ping_status":"closed","template":"","meta":{"_acf_changed":false,"footnotes":""},"class_list":["post-6376","page","type-page","status-publish","hentry"],"acf":[],"lang":"pt","translations":{"pt":6376,"en":5744,"es":6377},"pll_sync_post":[],"_links":{"self":[{"href":"https:\/\/cba-design.com\/latam\/wp-json\/wp\/v2\/pages\/6376","targetHints":{"allow":["GET"]}}],"collection":[{"href":"https:\/\/cba-design.com\/latam\/wp-json\/wp\/v2\/pages"}],"about":[{"href":"https:\/\/cba-design.com\/latam\/wp-json\/wp\/v2\/types\/page"}],"author":[{"embeddable":true,"href":"https:\/\/cba-design.com\/latam\/wp-json\/wp\/v2\/users\/3"}],"replies":[{"embeddable":true,"href":"https:\/\/cba-design.com\/latam\/wp-json\/wp\/v2\/comments?post=6376"}],"version-history":[{"count":3,"href":"https:\/\/cba-design.com\/latam\/wp-json\/wp\/v2\/pages\/6376\/revisions"}],"predecessor-version":[{"id":22739,"href":"https:\/\/cba-design.com\/latam\/wp-json\/wp\/v2\/pages\/6376\/revisions\/22739"}],"wp:attachment":[{"href":"https:\/\/cba-design.com\/latam\/wp-json\/wp\/v2\/media?parent=6376"}],"curies":[{"name":"wp","href":"https:\/\/api.w.org\/{rel}","templated":true}]}}