{"id":6377,"date":"2021-03-08T15:19:05","date_gmt":"2021-03-08T18:19:05","guid":{"rendered":"https:\/\/cba-design.com\/latam\/?page_id=6377"},"modified":"2024-08-23T12:17:55","modified_gmt":"2024-08-23T15:17:55","slug":"politicas-de-privacidad","status":"publish","type":"page","link":"https:\/\/cba-design.com\/latam\/es\/politicas-de-privacidad\/","title":{"rendered":"Pol\u00edticas de privacidad"},"content":{"rendered":"\t\t<div data-elementor-type=\"wp-page\" data-elementor-id=\"6377\" class=\"elementor elementor-6377\" data-elementor-post-type=\"page\">\n\t\t\t\t\t\t<section class=\"elementor-section elementor-top-section elementor-element elementor-element-3320d40 elementor-section-height-min-height elementor-section-boxed elementor-section-height-default elementor-section-items-middle\" data-id=\"3320d40\" data-element_type=\"section\" data-e-type=\"section\" data-settings=\"{&quot;background_background&quot;:&quot;classic&quot;,&quot;background_motion_fx_motion_fx_scrolling&quot;:&quot;yes&quot;,&quot;background_motion_fx_devices&quot;:[&quot;desktop&quot;,&quot;tablet&quot;,&quot;mobile&quot;]}\">\n\t\t\t\t\t\t\t<div class=\"elementor-background-overlay\"><\/div>\n\t\t\t\t\t\t\t<div class=\"elementor-container elementor-column-gap-default\">\n\t\t\t\t\t<div class=\"elementor-column elementor-col-100 elementor-top-column elementor-element elementor-element-ac8ecd8\" data-id=\"ac8ecd8\" data-element_type=\"column\" data-e-type=\"column\">\n\t\t\t<div class=\"elementor-widget-wrap elementor-element-populated\">\n\t\t\t\t\t\t<div class=\"elementor-element elementor-element-bd8c2e4 elementor-widget elementor-widget-heading\" data-id=\"bd8c2e4\" data-element_type=\"widget\" data-e-type=\"widget\" data-widget_type=\"heading.default\">\n\t\t\t\t<div class=\"elementor-widget-container\">\n\t\t\t\t\t<h1 class=\"elementor-heading-title elementor-size-default\">POL\u00cdTICAS<\/h1>\t\t\t\t<\/div>\n\t\t\t\t<\/div>\n\t\t\t\t<div class=\"elementor-element elementor-element-fdb92bd stroked elementor-widget elementor-widget-heading\" data-id=\"fdb92bd\" data-element_type=\"widget\" data-e-type=\"widget\" data-widget_type=\"heading.default\">\n\t\t\t\t<div class=\"elementor-widget-container\">\n\t\t\t\t\t<h1 class=\"elementor-heading-title elementor-size-default\">DE PRIVACIDAD<\/h1>\t\t\t\t<\/div>\n\t\t\t\t<\/div>\n\t\t\t\t\t<\/div>\n\t\t<\/div>\n\t\t\t\t\t<\/div>\n\t\t<\/section>\n\t\t\t\t<section class=\"elementor-section elementor-top-section elementor-element elementor-element-92b408d elementor-section-boxed elementor-section-height-default elementor-section-height-default\" data-id=\"92b408d\" data-element_type=\"section\" data-e-type=\"section\">\n\t\t\t\t\t\t<div class=\"elementor-container elementor-column-gap-default\">\n\t\t\t\t\t<div class=\"elementor-column elementor-col-100 elementor-top-column elementor-element elementor-element-0bc5282\" data-id=\"0bc5282\" data-element_type=\"column\" data-e-type=\"column\">\n\t\t\t<div class=\"elementor-widget-wrap elementor-element-populated\">\n\t\t\t\t\t\t<div class=\"elementor-element elementor-element-2d75302 elementor-widget elementor-widget-text-editor\" data-id=\"2d75302\" data-element_type=\"widget\" data-e-type=\"widget\" data-widget_type=\"text-editor.default\">\n\t\t\t\t<div class=\"elementor-widget-container\">\n\t\t\t\t\t\t\t\t\t<p>La privacidad y la seguridad de los datos personales de los visitantes de nuestro sitio web, clientes, colaboradores y aliados es muy importante para CBA B+G. As\u00ed que, a fin de asegurar la transparencia en el tratamiento de datos, la presente Pol\u00edtica proporciona informaci\u00f3n sobre c\u00f3mo tratamos datos personales, adem\u00e1s de mencionar las medidas de seguridad y pr\u00e1cticas adoptadas por CBA B+G para proteger los datos y resguardar los derechos de los titulares.<\/p><p>\u00a0<\/p>\t\t\t\t\t\t\t\t<\/div>\n\t\t\t\t<\/div>\n\t\t\t\t<div class=\"elementor-element elementor-element-9107bd6 elementor-widget elementor-widget-heading\" data-id=\"9107bd6\" data-element_type=\"widget\" data-e-type=\"widget\" data-widget_type=\"heading.default\">\n\t\t\t\t<div class=\"elementor-widget-container\">\n\t\t\t\t\t<h2 class=\"elementor-heading-title elementor-size-default\">Principios y Fundamentos<\/h2>\t\t\t\t<\/div>\n\t\t\t\t<\/div>\n\t\t\t\t<div class=\"elementor-element elementor-element-46f4e3f elementor-widget elementor-widget-text-editor\" data-id=\"46f4e3f\" data-element_type=\"widget\" data-e-type=\"widget\" data-widget_type=\"text-editor.default\">\n\t\t\t\t<div class=\"elementor-widget-container\">\n\t\t\t\t\t\t\t\t\t<p>CBA B+G realiza el tratamiento de sus datos personales de acuerdo a los siguientes principios:<\/p><ul><li><b>Transparencia:<\/b> tratamiento l\u00edcito, \u00edntegro y transparente de sus datos personales;<\/li><li><b>Finalidad y adecuaci\u00f3n:<\/b> datos personales recabados y tratados tan solo para finalidades\u00a0 determinadas y leg\u00edtimas;<\/li><li><b>Necesidad:<\/b> tratamiento adecuado al m\u00ednimo de datos personales necesarios para la atenci\u00f3n a cada finalidad;<\/li><li><b>Calidad de los datos:<\/b> tratamiento de datos personales correctos y actualizados, utilizando medios de rectificaci\u00f3n siempre que sea posible;<\/li><li><b>No discriminaci\u00f3n:<\/b> prevenci\u00f3n contra el tratamiento de datos para fines discriminatorios, il\u00edcitos o abusivos;<\/li><li><b>Seguridad y prevenci\u00f3n:<\/b> adopci\u00f3n de medidas t\u00e9cnicas y organizativas dirigidas a la prevenci\u00f3n del uso no autorizado o il\u00edcito de sus datos, previniendo su p\u00e9rdida, destrucci\u00f3n o da\u00f1o accidental.<\/li><\/ul><div>\u00a0<\/div><p>\u00a0<\/p>\t\t\t\t\t\t\t\t<\/div>\n\t\t\t\t<\/div>\n\t\t\t\t<div class=\"elementor-element elementor-element-54c1330 elementor-widget elementor-widget-heading\" data-id=\"54c1330\" data-element_type=\"widget\" data-e-type=\"widget\" data-widget_type=\"heading.default\">\n\t\t\t\t<div class=\"elementor-widget-container\">\n\t\t\t\t\t<h2 class=\"elementor-heading-title elementor-size-default\">Datos personales tratados<\/h2>\t\t\t\t<\/div>\n\t\t\t\t<\/div>\n\t\t\t\t<div class=\"elementor-element elementor-element-25a0766 elementor-widget elementor-widget-text-editor\" data-id=\"25a0766\" data-element_type=\"widget\" data-e-type=\"widget\" data-widget_type=\"text-editor.default\">\n\t\t\t\t<div class=\"elementor-widget-container\">\n\t\t\t\t\t\t\t\t\t<p>CBA B+G solo recoger\u00e1 datos personales identificables de los visitantes de nuestro sitio web, como nombre o direcci\u00f3n de e-mail, cuando voluntariamente informados por el titular de los datos. Esto podr\u00e1 ocurrir, por ejemplo, en las hip\u00f3tesis de registro para recepci\u00f3n de newsletter mensual de CBA B+G o contacto por e-mail. En esos casos, los datos ser\u00e1n tratados \u00fanicamente para las finalidades espec\u00edficas solicitadas por los titulares.<\/p><p>Adem\u00e1s, a fin de cumplir obligaciones legales y contratos y ofrecer sus servicios con la mayor calidad posible, CBA B+G, como parte das sus operaciones diarias, trata datos personales de sus clientes, aliados y colaboradores, siempre observando la Ley 13.709\/2018 (Ley General de Protecci\u00f3n de Datos \u2013 \u201cLGPD\u201d).<\/p><div>\u00a0<\/div><p>\u00a0<\/p>\t\t\t\t\t\t\t\t<\/div>\n\t\t\t\t<\/div>\n\t\t\t\t<div class=\"elementor-element elementor-element-1f346ed elementor-widget elementor-widget-heading\" data-id=\"1f346ed\" data-element_type=\"widget\" data-e-type=\"widget\" data-widget_type=\"heading.default\">\n\t\t\t\t<div class=\"elementor-widget-container\">\n\t\t\t\t\t<h2 class=\"elementor-heading-title elementor-size-default\">Utilizaci\u00f3n de los datos personales y finalidades del tratamiento<\/h2>\t\t\t\t<\/div>\n\t\t\t\t<\/div>\n\t\t\t\t<div class=\"elementor-element elementor-element-ae7c4b2 elementor-widget elementor-widget-text-editor\" data-id=\"ae7c4b2\" data-element_type=\"widget\" data-e-type=\"widget\" data-widget_type=\"text-editor.default\">\n\t\t\t\t<div class=\"elementor-widget-container\">\n\t\t\t\t\t\t\t\t\t<p>Las permanentes acciones de conformidad implementadas por CBA B+G no solo tienen como finalidad el cumplimiento de la LGPD, sino tambi\u00e9n la garant\u00eda de los est\u00e1ndares de calidad, seguridad y confiabilidad esperados por nuestros clientes, aliados y colaboradores. Por esta raz\u00f3n, cualquier\u00a0 tratamiento de datos personales realizado por CBA B+G estar\u00e1 basado en fundamento legal y se realizar\u00e1 en forma adecuada a la finalidad de su recogida.<\/p><p>Algunas de las finalidades que pueden justificar el tratamiento de los datos personales por CBA B+G incluyen: responder, procesar y comunicarnos con los titulares sobre solicitudes, dudas y comentarios; enviar comunicaciones personalizadas de la empresa; operar, evaluar y mejorar nuestros negocios (incluyendo mejorar y tambi\u00e9n nuestros servicios, gestionar nuestras comunicaciones, realizar an\u00e1lisis de datos y ejecutar otras funciones internas); proteger, identificar y prevenir fraudes y otras actividades ilegales, reclamos y otras responsabilidades; cumplir los requisitos legales aplicables, los est\u00e1ndares del sector y nuestras propias pol\u00edticas y t\u00e9rminos, emprender acciones de marketing; realizar investigaciones para nuestros clientes; realizar talleres, etc.<\/p><p>A su vez, para fundamentar el tratamiento de datos personales en estas finalidades, podemos utilizar, por ejemplo, las siguientes hip\u00f3tesis: (i) ejecuci\u00f3n de contrato y procedimientos preliminares; (ii) cumplimiento de las obligaciones legales, regulatorias o auto-regulatorias a las que la empresa est\u00e1 sujeta; (iii) ejercicio regular de derechos en procesos o contratos; (iv) protecci\u00f3n de cr\u00e9dito; (v) Atenci\u00f3n a los intereses leg\u00edtimos de CBA B+G o de terceros; o (vi) prevenci\u00f3n de fraudes. En otros casos, el tratamiento de datos personales estar\u00e1 condicionado al consentimiento del titular.<\/p><div>\u00a0<\/div><p>\u00a0<\/p>\t\t\t\t\t\t\t\t<\/div>\n\t\t\t\t<\/div>\n\t\t\t\t<div class=\"elementor-element elementor-element-080cb77 elementor-widget elementor-widget-heading\" data-id=\"080cb77\" data-element_type=\"widget\" data-e-type=\"widget\" data-widget_type=\"heading.default\">\n\t\t\t\t<div class=\"elementor-widget-container\">\n\t\t\t\t\t<h2 class=\"elementor-heading-title elementor-size-default\">Compartir los datos<\/h2>\t\t\t\t<\/div>\n\t\t\t\t<\/div>\n\t\t\t\t<div class=\"elementor-element elementor-element-2f8a251 elementor-widget elementor-widget-text-editor\" data-id=\"2f8a251\" data-element_type=\"widget\" data-e-type=\"widget\" data-widget_type=\"text-editor.default\">\n\t\t\t\t<div class=\"elementor-widget-container\">\n\t\t\t\t\t\t\t\t\t<p>La acci\u00f3n de compartir los datos personales tratados por CBA B+G ocurrir\u00e1 excepcionalmente, como, por ejemplo: (i) en caso de cumplimiento de obligaci\u00f3n impuesta por ley, reglamento o proceso judicial; (ii) para la ejecuci\u00f3n de contratos que dependan de la acci\u00f3n de compartir datos; (iii) cuando se lo requiera el titular. Dicha acci\u00f3n de compartir datos podr\u00e1 realizarse con instituciones\/empresas aliadas y proveedores de tecnolog\u00eda de la informaci\u00f3n, los que se someten a obligaciones de secreto y protecci\u00f3n de datos.<\/p><p>\u00a0<\/p><p>\u00a0<\/p>\t\t\t\t\t\t\t\t<\/div>\n\t\t\t\t<\/div>\n\t\t\t\t<div class=\"elementor-element elementor-element-a4d82f0 elementor-widget elementor-widget-heading\" data-id=\"a4d82f0\" data-element_type=\"widget\" data-e-type=\"widget\" data-widget_type=\"heading.default\">\n\t\t\t\t<div class=\"elementor-widget-container\">\n\t\t\t\t\t<h2 class=\"elementor-heading-title elementor-size-default\">Seguridad de los datos personales<\/h2>\t\t\t\t<\/div>\n\t\t\t\t<\/div>\n\t\t\t\t<div class=\"elementor-element elementor-element-7469cbf elementor-widget elementor-widget-text-editor\" data-id=\"7469cbf\" data-element_type=\"widget\" data-e-type=\"widget\" data-widget_type=\"text-editor.default\">\n\t\t\t\t<div class=\"elementor-widget-container\">\n\t\t\t\t\t\t\t\t\t<p>CBA B+G utiliza medidas t\u00e9cnicas y administrativas aptas a proteger sus datos personales contra accesos no autorizados y situaciones accidentales o il\u00edcitas de destrucci\u00f3n, p\u00e9rdida, alteraci\u00f3n, comunicaci\u00f3n o difusi\u00f3n, con est\u00e1ndar de seguridad usualmente adoptado por el mercado para protecci\u00f3n de datos personales.<\/p><p><span>Asimismo, los datos personales tratados son de acceso restricto solamente a aquellos colaboradores u otras partes que necesiten la informaci\u00f3n para la ejecuci\u00f3n y el desempe\u00f1o de sus funciones.<\/span><\/p><p><span>\u00a0<\/span><\/p><p>\u00a0<\/p>\t\t\t\t\t\t\t\t<\/div>\n\t\t\t\t<\/div>\n\t\t\t\t<div class=\"elementor-element elementor-element-f134704 elementor-widget elementor-widget-heading\" data-id=\"f134704\" data-element_type=\"widget\" data-e-type=\"widget\" data-widget_type=\"heading.default\">\n\t\t\t\t<div class=\"elementor-widget-container\">\n\t\t\t\t\t<h2 class=\"elementor-heading-title elementor-size-default\">Utilizaci\u00f3n de Cookies<\/h2>\t\t\t\t<\/div>\n\t\t\t\t<\/div>\n\t\t\t\t<div class=\"elementor-element elementor-element-a5bd044 elementor-widget elementor-widget-text-editor\" data-id=\"a5bd044\" data-element_type=\"widget\" data-e-type=\"widget\" data-widget_type=\"text-editor.default\">\n\t\t\t\t<div class=\"elementor-widget-container\">\n\t\t\t\t\t\t\t\t\t<p>Cookies son archivos de internet que almacenan temporalmente su interacci\u00f3n con nuestro ambiente virtual. CBA B+G utiliza cookies para: proporcionarle a usted una mejor experiencia y viabilizar recursos personalizados, tales como: publicidad direccionada e informaci\u00f3n adicional de su inter\u00e9s; mejorar nuestra comprensi\u00f3n de c\u00f3mo navega a trav\u00e9s de nuestros sitios web, para que podamos identificar mejoras, evaluar la publicidad y la eficacia promocional de nuestros sitios web, utilizamos cookies propios (en primera mano) y cookies de empresas aliadas (de terceros) para apoyar estas actividades de divulgaci\u00f3n de contenidos de Design, Branding, Investigaci\u00f3n e Innovaci\u00f3n.<\/p><p>El periodo de almacenamiento de un cookie en su computadora depende de su tipo. Algunos durar\u00e1n por el tiempo en que usted est\u00e9 online, mientras que otros por un periodo m\u00e1s largo, que puede llegar a 01 (un) a\u00f1o. En el caso de que lo desee, en cualquier momento usted podr\u00e1 borrar los cookies existentes en su computadora, por medio del browser. Si usted configura el navegador para rechazar cookies, no estar\u00e1 habilitado para utilizar todos los recursos de navegaci\u00f3n personalizados ofrecidos por el sitio web, adem\u00e1s de poder enfrentarse a problemas operacionales.<\/p><p><span>\u00a0<\/span><\/p><p>\u00a0<\/p>\t\t\t\t\t\t\t\t<\/div>\n\t\t\t\t<\/div>\n\t\t\t\t<div class=\"elementor-element elementor-element-0e5664b elementor-widget elementor-widget-heading\" data-id=\"0e5664b\" data-element_type=\"widget\" data-e-type=\"widget\" data-widget_type=\"heading.default\">\n\t\t\t\t<div class=\"elementor-widget-container\">\n\t\t\t\t\t<h2 class=\"elementor-heading-title elementor-size-default\">Almacenamiento de los datos<\/h2>\t\t\t\t<\/div>\n\t\t\t\t<\/div>\n\t\t\t\t<div class=\"elementor-element elementor-element-f5c63eb elementor-widget elementor-widget-text-editor\" data-id=\"f5c63eb\" data-element_type=\"widget\" data-e-type=\"widget\" data-widget_type=\"text-editor.default\">\n\t\t\t\t<div class=\"elementor-widget-container\">\n\t\t\t\t\t\t\t\t\t<p>CBA B+G mantendr\u00e1 los datos personales tratados, como m\u00ednimo por el tiempo en que el titular mantenga v\u00ednculo con nosotros y\/o mientras dure el consentimiento, cuando sea aplicable. Tras el cierre de estas hip\u00f3tesis, mantendremos los datos personales por los plazos que sean necesarios para cumplir la legislaci\u00f3n aplicable.<\/p><p>\u00a0<\/p><p>\u00a0<\/p>\t\t\t\t\t\t\t\t<\/div>\n\t\t\t\t<\/div>\n\t\t\t\t<div class=\"elementor-element elementor-element-cc9bae6 elementor-widget elementor-widget-heading\" data-id=\"cc9bae6\" data-element_type=\"widget\" data-e-type=\"widget\" data-widget_type=\"heading.default\">\n\t\t\t\t<div class=\"elementor-widget-container\">\n\t\t\t\t\t<h2 class=\"elementor-heading-title elementor-size-default\">Derechos de los titulares de datos<\/h2>\t\t\t\t<\/div>\n\t\t\t\t<\/div>\n\t\t\t\t<div class=\"elementor-element elementor-element-1b8ee84 elementor-widget elementor-widget-text-editor\" data-id=\"1b8ee84\" data-element_type=\"widget\" data-e-type=\"widget\" data-widget_type=\"text-editor.default\">\n\t\t\t\t<div class=\"elementor-widget-container\">\n\t\t\t\t\t\t\t\t\t<p>CBA B+G le garantiza al titular de datos el ejercicio de los derechos previstos en la ley aplicable, entre ellos:<\/p><ul><li>La confirmaci\u00f3n de la existencia de tratamiento de datos personales y acceso a esos datos;<\/li><li>La correcci\u00f3n de datos incompletos, inexactos o desactualizados;<\/li><li>La anonimizaci\u00f3n, bloqueo o eliminaci\u00f3n de datos innecesarios, excesivos o\u00a0 tratados en desconformidad con la LGPD;<\/li><li>La portabilidad de los datos personales, mediante requisici\u00f3n expresa y autenticada;<\/li><li>La eliminaci\u00f3n de datos tratados con consentimiento del autor, observando los plazos de guardia aplicables;<\/li><li>La obtenci\u00f3n de informaci\u00f3n sobre entidades p\u00fablicas y privadas con las que CBA B+G haya compartido sus datos;<\/li><li>Informaci\u00f3n sobre la posibilidad de no proporcionar el consentimiento y sobre las consecuencias de la negaci\u00f3n;<\/li><li>Revocaci\u00f3n del consentimiento, de ser aplicable, en los t\u00e9rminos de la LGPD;<\/li><\/ul><div>\u00a0<\/div><p>\u00a0<\/p>\t\t\t\t\t\t\t\t<\/div>\n\t\t\t\t<\/div>\n\t\t\t\t<div class=\"elementor-element elementor-element-b47674c elementor-widget elementor-widget-heading\" data-id=\"b47674c\" data-element_type=\"widget\" data-e-type=\"widget\" data-widget_type=\"heading.default\">\n\t\t\t\t<div class=\"elementor-widget-container\">\n\t\t\t\t\t<h2 class=\"elementor-heading-title elementor-size-default\">Datos de candidatos a vacantes<\/h2>\t\t\t\t<\/div>\n\t\t\t\t<\/div>\n\t\t\t\t<div class=\"elementor-element elementor-element-bc15ec2 elementor-widget elementor-widget-text-editor\" data-id=\"bc15ec2\" data-element_type=\"widget\" data-e-type=\"widget\" data-widget_type=\"text-editor.default\">\n\t\t\t\t<div class=\"elementor-widget-container\">\n\t\t\t\t\t\t\t\t\t<p>Si usted tiene inter\u00e9s en trabajar con nosotros y nos ha enviado los documentos necesarios para postular una de nuestras vacantes, seg\u00fan las orientaciones presentes en nuestro Sitio web, informamos que recogeremos sus datos personales proporcionados, tales como: nombre, informaci\u00f3n personal, direcci\u00f3n electr\u00f3nica para contacto, detalles de sus calificaciones profesionales y dem\u00e1s datos constantes en su curr\u00edculo y\/o portfolio.<\/p><p><span>En ese caso, el tratamiento de datos tendr\u00e1 como finalidad espec\u00edfica el reclutamiento de nuevos colaboradores\/freelancers y estar\u00e1 fundamentado en las hip\u00f3tesis legales previstas en la LGPD.<\/span><\/p><p><span>Los datos tratados en esa circunstancia estar\u00e1n sometidos a todas las dem\u00e1s disposiciones de la presente Pol\u00edtica.<\/span><\/p><p><span>\u00a0<\/span><\/p><p>\u00a0<\/p>\t\t\t\t\t\t\t\t<\/div>\n\t\t\t\t<\/div>\n\t\t\t\t<div class=\"elementor-element elementor-element-456ae09 elementor-widget elementor-widget-heading\" data-id=\"456ae09\" data-element_type=\"widget\" data-e-type=\"widget\" data-widget_type=\"heading.default\">\n\t\t\t\t<div class=\"elementor-widget-container\">\n\t\t\t\t\t<h2 class=\"elementor-heading-title elementor-size-default\">Actualizaciones a nuestra Pol\u00edtica de Privacidad<\/h2>\t\t\t\t<\/div>\n\t\t\t\t<\/div>\n\t\t\t\t<div class=\"elementor-element elementor-element-140833d elementor-widget elementor-widget-text-editor\" data-id=\"140833d\" data-element_type=\"widget\" data-e-type=\"widget\" data-widget_type=\"text-editor.default\">\n\t\t\t\t<div class=\"elementor-widget-container\">\n\t\t\t\t\t\t\t\t\t<p>Se puede actualizar peri\u00f3dicamente esta Pol\u00edtica de Privacidad, hip\u00f3tesis en la que el cambio ser\u00e1 informado en nuestro Sitio web.<\/p><p>\u00a0<\/p><p>\u00a0<\/p>\t\t\t\t\t\t\t\t<\/div>\n\t\t\t\t<\/div>\n\t\t\t\t<div class=\"elementor-element elementor-element-ff5a7fc elementor-widget elementor-widget-heading\" data-id=\"ff5a7fc\" data-element_type=\"widget\" data-e-type=\"widget\" data-widget_type=\"heading.default\">\n\t\t\t\t<div class=\"elementor-widget-container\">\n\t\t\t\t\t<h2 class=\"elementor-heading-title elementor-size-default\">C\u00f3mo ponerse en contacto con nosotros<\/h2>\t\t\t\t<\/div>\n\t\t\t\t<\/div>\n\t\t\t\t<div class=\"elementor-element elementor-element-2600cbf elementor-widget elementor-widget-text-editor\" data-id=\"2600cbf\" data-element_type=\"widget\" data-e-type=\"widget\" data-widget_type=\"text-editor.default\">\n\t\t\t\t<div class=\"elementor-widget-container\">\n\t\t\t\t\t\t\t\t\t<p>Para m\u00e1s informaci\u00f3n o para el ejercicio de los derechos del titular de datos personales, p\u00f3ngase en contacto con nuestro Encargado de Protecci\u00f3n de Datos, tambi\u00e9n conocido como Data Protection Officer (DPO), Thiago Ramiro, a trav\u00e9s del email <a href=\"mailto:dpo@cba-bmaisg.com\">dpo@cba-bmaisg.com<\/a><\/p>\n<p><\/p>\t\t\t\t\t\t\t\t<\/div>\n\t\t\t\t<\/div>\n\t\t\t\t\t<\/div>\n\t\t<\/div>\n\t\t\t\t\t<\/div>\n\t\t<\/section>\n\t\t\t\t<\/div>\n\t\t","protected":false},"excerpt":{"rendered":"<p>POL\u00cdTICAS DE PRIVACIDAD La privacidad y la seguridad de los datos personales de los visitantes de nuestro sitio web, clientes, colaboradores y aliados es muy importante para CBA B+G. As\u00ed que, a fin de asegurar la transparencia en el tratamiento de datos, la presente Pol\u00edtica proporciona informaci\u00f3n sobre c\u00f3mo tratamos datos personales, adem\u00e1s de mencionar [&hellip;]<\/p>\n","protected":false},"author":3,"featured_media":0,"parent":0,"menu_order":0,"comment_status":"closed","ping_status":"closed","template":"","meta":{"_acf_changed":false,"footnotes":""},"class_list":["post-6377","page","type-page","status-publish","hentry"],"acf":[],"lang":"es","translations":{"es":6377,"pt":6376,"en":5744},"pll_sync_post":[],"_links":{"self":[{"href":"https:\/\/cba-design.com\/latam\/wp-json\/wp\/v2\/pages\/6377","targetHints":{"allow":["GET"]}}],"collection":[{"href":"https:\/\/cba-design.com\/latam\/wp-json\/wp\/v2\/pages"}],"about":[{"href":"https:\/\/cba-design.com\/latam\/wp-json\/wp\/v2\/types\/page"}],"author":[{"embeddable":true,"href":"https:\/\/cba-design.com\/latam\/wp-json\/wp\/v2\/users\/3"}],"replies":[{"embeddable":true,"href":"https:\/\/cba-design.com\/latam\/wp-json\/wp\/v2\/comments?post=6377"}],"version-history":[{"count":3,"href":"https:\/\/cba-design.com\/latam\/wp-json\/wp\/v2\/pages\/6377\/revisions"}],"predecessor-version":[{"id":22736,"href":"https:\/\/cba-design.com\/latam\/wp-json\/wp\/v2\/pages\/6377\/revisions\/22736"}],"wp:attachment":[{"href":"https:\/\/cba-design.com\/latam\/wp-json\/wp\/v2\/media?parent=6377"}],"curies":[{"name":"wp","href":"https:\/\/api.w.org\/{rel}","templated":true}]}}