{"id":10458,"date":"2021-06-15T10:39:32","date_gmt":"2021-06-15T08:39:32","guid":{"rendered":"https:\/\/cba-design.com\/spain\/?page_id=10458"},"modified":"2025-06-12T14:16:19","modified_gmt":"2025-06-12T12:16:19","slug":"servicios","status":"publish","type":"page","link":"https:\/\/cba-design.com\/spain\/servicios\/","title":{"rendered":"Servicios"},"content":{"rendered":"\t\t<div data-elementor-type=\"wp-page\" data-elementor-id=\"10458\" class=\"elementor elementor-10458\" data-elementor-post-type=\"page\">\n\t\t\t\t\t\t<section class=\"elementor-section elementor-top-section elementor-element elementor-element-27e1ee3 elementor-section-boxed elementor-section-height-default elementor-section-height-default\" data-id=\"27e1ee3\" data-element_type=\"section\" data-e-type=\"section\">\n\t\t\t\t\t\t<div class=\"elementor-container elementor-column-gap-default\">\n\t\t\t\t\t<div class=\"elementor-column elementor-col-100 elementor-top-column elementor-element elementor-element-2aab293\" data-id=\"2aab293\" data-element_type=\"column\" data-e-type=\"column\">\n\t\t\t<div class=\"elementor-widget-wrap elementor-element-populated\">\n\t\t\t\t\t\t<div class=\"elementor-element elementor-element-4dcae48 elementor-widget elementor-widget-heading\" data-id=\"4dcae48\" data-element_type=\"widget\" data-e-type=\"widget\" data-widget_type=\"heading.default\">\n\t\t\t\t<div class=\"elementor-widget-container\">\n\t\t\t\t\t<h2 class=\"elementor-heading-title elementor-size-default\">Apostamos por una visi\u00f3n hol\u00edstica del branding estrat\u00e9gico. Reconciliamos significado y resultados a trav\u00e9s del dise\u00f1o, revelando la raz\u00f3n de ser de cada marca. Por qu\u00e9 existe, para qu\u00e9 la necesitamos.\u200b<\/h2>\t\t\t\t<\/div>\n\t\t\t\t<\/div>\n\t\t\t\t\t<\/div>\n\t\t<\/div>\n\t\t\t\t\t<\/div>\n\t\t<\/section>\n\t\t\t\t<section class=\"elementor-section elementor-top-section elementor-element elementor-element-ac3bf3a elementor-section-boxed elementor-section-height-default elementor-section-height-default\" data-id=\"ac3bf3a\" data-element_type=\"section\" data-e-type=\"section\">\n\t\t\t\t\t\t<div class=\"elementor-container elementor-column-gap-default\">\n\t\t\t\t\t<div class=\"elementor-column elementor-col-100 elementor-top-column elementor-element elementor-element-77845f5\" data-id=\"77845f5\" data-element_type=\"column\" data-e-type=\"column\">\n\t\t\t<div class=\"elementor-widget-wrap elementor-element-populated\">\n\t\t\t\t\t\t<section class=\"elementor-section elementor-inner-section elementor-element elementor-element-c2ad4e3 elementor-section-boxed elementor-section-height-default elementor-section-height-default\" data-id=\"c2ad4e3\" data-element_type=\"section\" data-e-type=\"section\">\n\t\t\t\t\t\t<div class=\"elementor-container elementor-column-gap-default\">\n\t\t\t\t\t<div class=\"elementor-column elementor-col-50 elementor-inner-column elementor-element elementor-element-4c21dbf\" data-id=\"4c21dbf\" data-element_type=\"column\" data-e-type=\"column\">\n\t\t\t<div class=\"elementor-widget-wrap\">\n\t\t\t\t\t\t\t<\/div>\n\t\t<\/div>\n\t\t\t\t<div class=\"elementor-column elementor-col-50 elementor-inner-column elementor-element elementor-element-4b4cd38\" data-id=\"4b4cd38\" data-element_type=\"column\" data-e-type=\"column\">\n\t\t\t<div class=\"elementor-widget-wrap elementor-element-populated\">\n\t\t\t\t\t\t<div class=\"elementor-element elementor-element-fd63f7f animated-fast elementor-invisible elementor-widget elementor-widget-heading\" data-id=\"fd63f7f\" data-element_type=\"widget\" data-e-type=\"widget\" data-settings=\"{&quot;_animation&quot;:&quot;fadeInUp&quot;}\" data-widget_type=\"heading.default\">\n\t\t\t\t<div class=\"elementor-widget-container\">\n\t\t\t\t\t<h5 class=\"elementor-heading-title elementor-size-default\">\/ Brand Strategy<\/h5>\t\t\t\t<\/div>\n\t\t\t\t<\/div>\n\t\t\t\t\t<\/div>\n\t\t<\/div>\n\t\t\t\t\t<\/div>\n\t\t<\/section>\n\t\t\t\t<section class=\"elementor-section elementor-inner-section elementor-element elementor-element-1601e94 elementor-section-boxed elementor-section-height-default elementor-section-height-default\" data-id=\"1601e94\" data-element_type=\"section\" data-e-type=\"section\">\n\t\t\t\t\t\t<div class=\"elementor-container elementor-column-gap-default\">\n\t\t\t\t\t<div class=\"elementor-column elementor-col-50 elementor-inner-column elementor-element elementor-element-fec63c2\" data-id=\"fec63c2\" data-element_type=\"column\" data-e-type=\"column\">\n\t\t\t<div class=\"elementor-widget-wrap elementor-element-populated\">\n\t\t\t\t\t\t\t<\/div>\n\t\t<\/div>\n\t\t\t\t<div class=\"elementor-column elementor-col-50 elementor-inner-column elementor-element elementor-element-7052a89\" data-id=\"7052a89\" data-element_type=\"column\" data-e-type=\"column\">\n\t\t\t<div class=\"elementor-widget-wrap elementor-element-populated\">\n\t\t\t\t\t\t<div class=\"elementor-element elementor-element-7f9fb99 elementor-widget elementor-widget-heading\" data-id=\"7f9fb99\" data-element_type=\"widget\" data-e-type=\"widget\" data-widget_type=\"heading.default\">\n\t\t\t\t<div class=\"elementor-widget-container\">\n\t\t\t\t\t<h3 class=\"elementor-heading-title elementor-size-default\">Trabajamos con metodolog\u00edas colaborativas, \u00e1giles y rigurosas que sirven a los objetivos de marca.<\/h3>\t\t\t\t<\/div>\n\t\t\t\t<\/div>\n\t\t\t\t<div class=\"elementor-element elementor-element-f878dde elementor-widget elementor-widget-text-editor\" data-id=\"f878dde\" data-element_type=\"widget\" data-e-type=\"widget\" data-widget_type=\"text-editor.default\">\n\t\t\t\t<div class=\"elementor-widget-container\">\n\t\t\t\t\t\t\t\t\t<div class=\"page\" title=\"Page 1\"><div class=\"section\"><div class=\"layoutArea\"><div class=\"column\"><p>Analizamos lo que es cultural y socialmente relevante en ese momento, mediante la realizaci\u00f3n de entrevistas, la identificaci\u00f3n de tendencias y el estudio de nuevos comportamientos de consumidores y usuarios. A partir de estos aprendizajes, construimos los fundamentos estrat\u00e9gicos de cada proyecto para ofrecer una soluci\u00f3n significativa para la gente y para la compa\u00f1\u00eda.<\/p><\/div><\/div><\/div><\/div>\t\t\t\t\t\t\t\t<\/div>\n\t\t\t\t<\/div>\n\t\t\t\t<div class=\"elementor-element elementor-element-11403b2 elementor-widget elementor-widget-text-editor\" data-id=\"11403b2\" data-element_type=\"widget\" data-e-type=\"widget\" data-widget_type=\"text-editor.default\">\n\t\t\t\t<div class=\"elementor-widget-container\">\n\t\t\t\t\t\t\t\t\t<div class=\"page\" title=\"Page 1\">\n<div class=\"section\">\n<div class=\"layoutArea\">\n<div class=\"column\">\n<p>Brand Platform \/ Brand Essence \/ Brand Architecture \/ Brand Value Proposition \/ Brand Innovation&nbsp;<\/p>\n<\/div>\n<\/div>\n<\/div>\n<\/div>\t\t\t\t\t\t\t\t<\/div>\n\t\t\t\t<\/div>\n\t\t\t\t<div class=\"elementor-element elementor-element-f236143 elementor-align-left animated-fast cba-button-default elementor-invisible elementor-widget elementor-widget-cba-boutons\" data-id=\"f236143\" data-element_type=\"widget\" data-e-type=\"widget\" data-settings=\"{&quot;_animation&quot;:&quot;fadeInUp&quot;}\" data-widget_type=\"cba-boutons.default\">\n\t\t\t\t<div class=\"elementor-widget-container\">\n\t\t\t\t\t        \t\t<div class=\"elementor-button-wrapper\">\n        \t\t\t<a href=\"https:\/\/cba-design.com\/spain\/en\/projects\/aster-branding-sensitive-city\/\" class=\"elementor-button-link elementor-button elementor-size-sm\" role=\"button\">\n        \t\t\t\t            <span class=\"elementor-button-content-wrapper\">\n                            <span class=\"elementor-button-icon elementor-align-icon-right\">\n                <i aria-hidden=\"true\" class=\"icon icon-arrow-left\"><\/i>              <\/span>\n                            <span class=\"elementor-button-text\">DESCUBRE UN CASO<\/span>\n            <\/span>\n                    \t\t\t<\/a>\n        \t\t<\/div>\n\n        \t\t\t\t\t\t<\/div>\n\t\t\t\t<\/div>\n\t\t\t\t\t<\/div>\n\t\t<\/div>\n\t\t\t\t\t<\/div>\n\t\t<\/section>\n\t\t\t\t\t<\/div>\n\t\t<\/div>\n\t\t\t\t\t<\/div>\n\t\t<\/section>\n\t\t\t\t<section class=\"elementor-section elementor-top-section elementor-element elementor-element-a6c6c70 elementor-section-boxed elementor-section-height-default elementor-section-height-default\" data-id=\"a6c6c70\" data-element_type=\"section\" data-e-type=\"section\">\n\t\t\t\t\t\t<div class=\"elementor-container elementor-column-gap-default\">\n\t\t\t\t\t<div class=\"elementor-column elementor-col-100 elementor-top-column elementor-element elementor-element-91dc254\" data-id=\"91dc254\" data-element_type=\"column\" data-e-type=\"column\">\n\t\t\t<div class=\"elementor-widget-wrap elementor-element-populated\">\n\t\t\t\t\t\t<section class=\"elementor-section elementor-inner-section elementor-element elementor-element-989b155 elementor-reverse-mobile elementor-section-boxed elementor-section-height-default elementor-section-height-default\" data-id=\"989b155\" data-element_type=\"section\" data-e-type=\"section\">\n\t\t\t\t\t\t<div class=\"elementor-container elementor-column-gap-default\">\n\t\t\t\t\t<div class=\"elementor-column elementor-col-50 elementor-inner-column elementor-element elementor-element-8856570\" data-id=\"8856570\" data-element_type=\"column\" data-e-type=\"column\">\n\t\t\t<div class=\"elementor-widget-wrap elementor-element-populated\">\n\t\t\t\t\t\t<div class=\"elementor-element elementor-element-c97149b animated-fast elementor-invisible elementor-widget elementor-widget-heading\" data-id=\"c97149b\" data-element_type=\"widget\" data-e-type=\"widget\" data-settings=\"{&quot;_animation&quot;:&quot;fadeInUp&quot;}\" data-widget_type=\"heading.default\">\n\t\t\t\t<div class=\"elementor-widget-container\">\n\t\t\t\t\t<h5 class=\"elementor-heading-title elementor-size-default\">\/ Brand Narrative<\/h5>\t\t\t\t<\/div>\n\t\t\t\t<\/div>\n\t\t\t\t\t<\/div>\n\t\t<\/div>\n\t\t\t\t<div class=\"elementor-column elementor-col-50 elementor-inner-column elementor-element elementor-element-df2bb33\" data-id=\"df2bb33\" data-element_type=\"column\" data-e-type=\"column\">\n\t\t\t<div class=\"elementor-widget-wrap\">\n\t\t\t\t\t\t\t<\/div>\n\t\t<\/div>\n\t\t\t\t\t<\/div>\n\t\t<\/section>\n\t\t\t\t<section class=\"elementor-section elementor-inner-section elementor-element elementor-element-16212c0 elementor-reverse-mobile elementor-section-boxed elementor-section-height-default elementor-section-height-default\" data-id=\"16212c0\" data-element_type=\"section\" data-e-type=\"section\">\n\t\t\t\t\t\t<div class=\"elementor-container elementor-column-gap-default\">\n\t\t\t\t\t<div class=\"elementor-column elementor-col-50 elementor-inner-column elementor-element elementor-element-08bca18\" data-id=\"08bca18\" data-element_type=\"column\" data-e-type=\"column\">\n\t\t\t<div class=\"elementor-widget-wrap elementor-element-populated\">\n\t\t\t\t\t\t<div class=\"elementor-element elementor-element-5a90628 elementor-widget elementor-widget-heading\" data-id=\"5a90628\" data-element_type=\"widget\" data-e-type=\"widget\" data-widget_type=\"heading.default\">\n\t\t\t\t<div class=\"elementor-widget-container\">\n\t\t\t\t\t<h3 class=\"elementor-heading-title elementor-size-default\">Construimos el relato visual que otorga reconocimiento, consistencia y significado a la marca, destacando aquello que la hace inimitable.<\/h3>\t\t\t\t<\/div>\n\t\t\t\t<\/div>\n\t\t\t\t<div class=\"elementor-element elementor-element-a36942a elementor-widget elementor-widget-text-editor\" data-id=\"a36942a\" data-element_type=\"widget\" data-e-type=\"widget\" data-widget_type=\"text-editor.default\">\n\t\t\t\t<div class=\"elementor-widget-container\">\n\t\t\t\t\t\t\t\t\t<div class=\"page\" title=\"Page 1\"><div class=\"section\"><div class=\"layoutArea\"><div class=\"column\"><p>Conectamos la estrategia y el dise\u00f1o con el ADN de la marca mediante la creaci\u00f3n de un discurso que la represente. Un storytellling activo que fomente la conversaci\u00f3n y el di\u00e1logo con las personas, creando una conexi\u00f3n emocional capaz de impulsar educaci\u00f3n, estimulaci\u00f3n y cambio.\u00a0<\/p><\/div><\/div><\/div><\/div>\t\t\t\t\t\t\t\t<\/div>\n\t\t\t\t<\/div>\n\t\t\t\t<div class=\"elementor-element elementor-element-e1e4ed4 elementor-widget elementor-widget-text-editor\" data-id=\"e1e4ed4\" data-element_type=\"widget\" data-e-type=\"widget\" data-widget_type=\"text-editor.default\">\n\t\t\t\t<div class=\"elementor-widget-container\">\n\t\t\t\t\t\t\t\t\t<div title=\"Page 1\"><div><div><div><p>Brand Storytelling \/ Brand Language \/ Brand Ecosystem \/ <span style=\"letter-spacing: 0.3px\">Brand Name \/ Brand Experience\u00a0<\/span><\/p><\/div><\/div><\/div><\/div>\t\t\t\t\t\t\t\t<\/div>\n\t\t\t\t<\/div>\n\t\t\t\t<div class=\"elementor-element elementor-element-6223a04 elementor-align-left animated-fast cba-button-default elementor-invisible elementor-widget elementor-widget-cba-boutons\" data-id=\"6223a04\" data-element_type=\"widget\" data-e-type=\"widget\" data-settings=\"{&quot;_animation&quot;:&quot;fadeInUp&quot;}\" data-widget_type=\"cba-boutons.default\">\n\t\t\t\t<div class=\"elementor-widget-container\">\n\t\t\t\t\t        \t\t<div class=\"elementor-button-wrapper\">\n        \t\t\t<a href=\"https:\/\/cba-design.com\/spain\/en\/projects\/meet-the-power-of-ozone-brand\/\" class=\"elementor-button-link elementor-button elementor-size-sm\" role=\"button\">\n        \t\t\t\t            <span class=\"elementor-button-content-wrapper\">\n                            <span class=\"elementor-button-icon elementor-align-icon-right\">\n                <i aria-hidden=\"true\" class=\"icon icon-arrow-left\"><\/i>              <\/span>\n                            <span class=\"elementor-button-text\">DESCUBRE UN CASO<\/span>\n            <\/span>\n                    \t\t\t<\/a>\n        \t\t<\/div>\n\n        \t\t\t\t\t\t<\/div>\n\t\t\t\t<\/div>\n\t\t\t\t\t<\/div>\n\t\t<\/div>\n\t\t\t\t<div class=\"elementor-column elementor-col-50 elementor-inner-column elementor-element elementor-element-5e21fbb\" data-id=\"5e21fbb\" data-element_type=\"column\" data-e-type=\"column\">\n\t\t\t<div class=\"elementor-widget-wrap elementor-element-populated\">\n\t\t\t\t\t\t\t<\/div>\n\t\t<\/div>\n\t\t\t\t\t<\/div>\n\t\t<\/section>\n\t\t\t\t\t<\/div>\n\t\t<\/div>\n\t\t\t\t\t<\/div>\n\t\t<\/section>\n\t\t\t\t<section class=\"elementor-section elementor-top-section elementor-element elementor-element-345ef4b elementor-section-boxed elementor-section-height-default elementor-section-height-default\" data-id=\"345ef4b\" data-element_type=\"section\" data-e-type=\"section\">\n\t\t\t\t\t\t<div class=\"elementor-container elementor-column-gap-default\">\n\t\t\t\t\t<div class=\"elementor-column elementor-col-100 elementor-top-column elementor-element elementor-element-8f44c14\" data-id=\"8f44c14\" data-element_type=\"column\" data-e-type=\"column\">\n\t\t\t<div class=\"elementor-widget-wrap elementor-element-populated\">\n\t\t\t\t\t\t<section class=\"elementor-section elementor-inner-section elementor-element elementor-element-731c879 elementor-section-boxed elementor-section-height-default elementor-section-height-default\" data-id=\"731c879\" data-element_type=\"section\" data-e-type=\"section\">\n\t\t\t\t\t\t<div class=\"elementor-container elementor-column-gap-default\">\n\t\t\t\t\t<div class=\"elementor-column elementor-col-50 elementor-inner-column elementor-element elementor-element-2dbf8fa\" data-id=\"2dbf8fa\" data-element_type=\"column\" data-e-type=\"column\">\n\t\t\t<div class=\"elementor-widget-wrap\">\n\t\t\t\t\t\t\t<\/div>\n\t\t<\/div>\n\t\t\t\t<div class=\"elementor-column elementor-col-50 elementor-inner-column elementor-element elementor-element-70f4145\" data-id=\"70f4145\" data-element_type=\"column\" data-e-type=\"column\">\n\t\t\t<div class=\"elementor-widget-wrap elementor-element-populated\">\n\t\t\t\t\t\t<div class=\"elementor-element elementor-element-5683621 animated-fast elementor-invisible elementor-widget elementor-widget-heading\" data-id=\"5683621\" data-element_type=\"widget\" data-e-type=\"widget\" data-settings=\"{&quot;_animation&quot;:&quot;fadeInUp&quot;}\" data-widget_type=\"heading.default\">\n\t\t\t\t<div class=\"elementor-widget-container\">\n\t\t\t\t\t<h5 class=\"elementor-heading-title elementor-size-default\">\/ Brand Design<\/h5>\t\t\t\t<\/div>\n\t\t\t\t<\/div>\n\t\t\t\t\t<\/div>\n\t\t<\/div>\n\t\t\t\t\t<\/div>\n\t\t<\/section>\n\t\t\t\t<section class=\"elementor-section elementor-inner-section elementor-element elementor-element-226f340 elementor-section-boxed elementor-section-height-default elementor-section-height-default\" data-id=\"226f340\" data-element_type=\"section\" data-e-type=\"section\">\n\t\t\t\t\t\t<div class=\"elementor-container elementor-column-gap-default\">\n\t\t\t\t\t<div class=\"elementor-column elementor-col-50 elementor-inner-column elementor-element elementor-element-3b72149\" data-id=\"3b72149\" data-element_type=\"column\" data-e-type=\"column\">\n\t\t\t<div class=\"elementor-widget-wrap elementor-element-populated\">\n\t\t\t\t\t\t\t<\/div>\n\t\t<\/div>\n\t\t\t\t<div class=\"elementor-column elementor-col-50 elementor-inner-column elementor-element elementor-element-de47cf3\" data-id=\"de47cf3\" data-element_type=\"column\" data-e-type=\"column\">\n\t\t\t<div class=\"elementor-widget-wrap elementor-element-populated\">\n\t\t\t\t\t\t<div class=\"elementor-element elementor-element-a096ca0 elementor-widget elementor-widget-heading\" data-id=\"a096ca0\" data-element_type=\"widget\" data-e-type=\"widget\" data-widget_type=\"heading.default\">\n\t\t\t\t<div class=\"elementor-widget-container\">\n\t\t\t\t\t<h3 class=\"elementor-heading-title elementor-size-default\">Creemos en el dise\u00f1o como un lenguaje global que transforma emociones, valores e historias en iconos que perduran en el imaginario colectivo.<\/h3>\t\t\t\t<\/div>\n\t\t\t\t<\/div>\n\t\t\t\t<div class=\"elementor-element elementor-element-1964d2c elementor-widget elementor-widget-text-editor\" data-id=\"1964d2c\" data-element_type=\"widget\" data-e-type=\"widget\" data-widget_type=\"text-editor.default\">\n\t\t\t\t<div class=\"elementor-widget-container\">\n\t\t\t\t\t\t\t\t\t<div class=\"page\" title=\"Page 1\"><div class=\"section\"><div class=\"layoutArea\"><div class=\"column\"><p>Nuestro compromiso reside en la creaci\u00f3n de marcas que tenga sentido para la gente y ayuden a configurar un futuro sostenible en el tiempo. Definimos sistemas de identidad visual que establecen v\u00ednculos emocionales s\u00f3lidos y consistentes en la relaci\u00f3n entre las marcas y las personas.\u00a0<\/p><\/div><\/div><\/div><\/div>\t\t\t\t\t\t\t\t<\/div>\n\t\t\t\t<\/div>\n\t\t\t\t<div class=\"elementor-element elementor-element-114c2d5 elementor-widget elementor-widget-text-editor\" data-id=\"114c2d5\" data-element_type=\"widget\" data-e-type=\"widget\" data-widget_type=\"text-editor.default\">\n\t\t\t\t<div class=\"elementor-widget-container\">\n\t\t\t\t\t\t\t\t\t<div title=\"Page 1\"><div><div><div><p>Visual Identity \/ Pack Design \/ Digital Design \/ <span style=\"letter-spacing: 0.3px\">Retail &amp; Activation \/ Environmental Design<\/span><\/p><\/div><\/div><\/div><\/div>\t\t\t\t\t\t\t\t<\/div>\n\t\t\t\t<\/div>\n\t\t\t\t<div class=\"elementor-element elementor-element-3570dc7 elementor-align-left animated-fast cba-button-default elementor-invisible elementor-widget elementor-widget-cba-boutons\" data-id=\"3570dc7\" data-element_type=\"widget\" data-e-type=\"widget\" data-settings=\"{&quot;_animation&quot;:&quot;fadeInUp&quot;}\" data-widget_type=\"cba-boutons.default\">\n\t\t\t\t<div class=\"elementor-widget-container\">\n\t\t\t\t\t        \t\t<div class=\"elementor-button-wrapper\">\n        \t\t\t<a href=\"https:\/\/cba-design.com\/spain\/en\/projects\/carlosjean-branding-identity\/\" class=\"elementor-button-link elementor-button elementor-size-sm\" role=\"button\">\n        \t\t\t\t            <span class=\"elementor-button-content-wrapper\">\n                            <span class=\"elementor-button-icon elementor-align-icon-right\">\n                <i aria-hidden=\"true\" class=\"icon icon-arrow-left\"><\/i>              <\/span>\n                            <span class=\"elementor-button-text\">DESCUBRE UN CASO<\/span>\n            <\/span>\n                    \t\t\t<\/a>\n        \t\t<\/div>\n\n        \t\t\t\t\t\t<\/div>\n\t\t\t\t<\/div>\n\t\t\t\t\t<\/div>\n\t\t<\/div>\n\t\t\t\t\t<\/div>\n\t\t<\/section>\n\t\t\t\t\t<\/div>\n\t\t<\/div>\n\t\t\t\t\t<\/div>\n\t\t<\/section>\n\t\t\t\t<\/div>\n\t\t","protected":false},"excerpt":{"rendered":"<p>Apostamos por una visi\u00f3n hol\u00edstica del branding estrat\u00e9gico. Reconciliamos significado y resultados a trav\u00e9s del dise\u00f1o, revelando la raz\u00f3n de ser de cada marca. Por qu\u00e9 existe, para qu\u00e9 la necesitamos.\u200b \/ Brand Strategy Trabajamos con metodolog\u00edas colaborativas, \u00e1giles y rigurosas que sirven a los objetivos de marca. Analizamos lo que es cultural y socialmente [&hellip;]<\/p>\n","protected":false},"author":23,"featured_media":0,"parent":0,"menu_order":0,"comment_status":"closed","ping_status":"closed","template":"","meta":{"_acf_changed":false,"footnotes":""},"class_list":["post-10458","page","type-page","status-publish","hentry"],"acf":[],"lang":"es","translations":{"es":10458,"en":10460},"pll_sync_post":[],"_links":{"self":[{"href":"https:\/\/cba-design.com\/spain\/wp-json\/wp\/v2\/pages\/10458","targetHints":{"allow":["GET"]}}],"collection":[{"href":"https:\/\/cba-design.com\/spain\/wp-json\/wp\/v2\/pages"}],"about":[{"href":"https:\/\/cba-design.com\/spain\/wp-json\/wp\/v2\/types\/page"}],"author":[{"embeddable":true,"href":"https:\/\/cba-design.com\/spain\/wp-json\/wp\/v2\/users\/23"}],"replies":[{"embeddable":true,"href":"https:\/\/cba-design.com\/spain\/wp-json\/wp\/v2\/comments?post=10458"}],"version-history":[{"count":3,"href":"https:\/\/cba-design.com\/spain\/wp-json\/wp\/v2\/pages\/10458\/revisions"}],"predecessor-version":[{"id":18331,"href":"https:\/\/cba-design.com\/spain\/wp-json\/wp\/v2\/pages\/10458\/revisions\/18331"}],"wp:attachment":[{"href":"https:\/\/cba-design.com\/spain\/wp-json\/wp\/v2\/media?parent=10458"}],"curies":[{"name":"wp","href":"https:\/\/api.w.org\/{rel}","templated":true}]}}