{"id":12337,"date":"2021-09-30T12:55:33","date_gmt":"2021-09-30T10:55:33","guid":{"rendered":"https:\/\/cba-design.com\/spain\/?page_id=12337"},"modified":"2021-09-30T13:30:49","modified_gmt":"2021-09-30T11:30:49","slug":"bbll","status":"publish","type":"page","link":"https:\/\/cba-design.com\/spain\/en\/bbll\/","title":{"rendered":"BBLL"},"content":{"rendered":"\t\t<div data-elementor-type=\"wp-page\" data-elementor-id=\"12337\" class=\"elementor elementor-12337\" data-elementor-post-type=\"page\">\n\t\t\t\t\t\t<section class=\"elementor-section elementor-top-section elementor-element elementor-element-ed35e2b elementor-section-boxed elementor-section-height-default elementor-section-height-default\" data-id=\"ed35e2b\" data-element_type=\"section\" data-e-type=\"section\">\n\t\t\t\t\t\t<div class=\"elementor-container elementor-column-gap-default\">\n\t\t\t\t\t<div class=\"elementor-column elementor-col-100 elementor-top-column elementor-element elementor-element-4808197\" data-id=\"4808197\" data-element_type=\"column\" data-e-type=\"column\">\n\t\t\t<div class=\"elementor-widget-wrap elementor-element-populated\">\n\t\t\t\t\t\t<div class=\"elementor-element elementor-element-a341514 elementor-widget-divider--view-line elementor-widget elementor-widget-divider\" data-id=\"a341514\" data-element_type=\"widget\" data-e-type=\"widget\" data-widget_type=\"divider.default\">\n\t\t\t\t<div class=\"elementor-widget-container\">\n\t\t\t\t\t\t\t<div class=\"elementor-divider\">\n\t\t\t<span class=\"elementor-divider-separator\">\n\t\t\t\t\t\t<\/span>\n\t\t<\/div>\n\t\t\t\t\t\t<\/div>\n\t\t\t\t<\/div>\n\t\t\t\t<div class=\"elementor-element elementor-element-dcfa9cb elementor-widget-divider--view-line elementor-widget elementor-widget-divider\" data-id=\"dcfa9cb\" data-element_type=\"widget\" data-e-type=\"widget\" data-widget_type=\"divider.default\">\n\t\t\t\t<div class=\"elementor-widget-container\">\n\t\t\t\t\t\t\t<div class=\"elementor-divider\">\n\t\t\t<span class=\"elementor-divider-separator\">\n\t\t\t\t\t\t<\/span>\n\t\t<\/div>\n\t\t\t\t\t\t<\/div>\n\t\t\t\t<\/div>\n\t\t\t\t<div class=\"elementor-element elementor-element-bb33ba3 elementor-widget elementor-widget-text-editor\" data-id=\"bb33ba3\" data-element_type=\"widget\" data-e-type=\"widget\" data-widget_type=\"text-editor.default\">\n\t\t\t\t<div class=\"elementor-widget-container\">\n\t\t\t\t\t\t\t\t\t<p>1.- EMPRESA ORGANIZADORA DE LA PROMOCI\u00d3N<\/p><p>La Empresa [____________] con domicilio en [______________] e identificada con el n\u00famero [CIF, CUIT, Identificador fiscal] organiza el sorteo (en adelante, \u201cla Promoci\u00f3n\u201d) de \u00e1mbito nacional, a desarrollar a trav\u00e9s de Internet, exclusivo para usuarios residentes en [especificar \u00e1mbito territorial] de acuerdo con lo dispuesto en el apartado requisitos de participaci\u00f3n. La finalidad de este sorteo es [Ej. premiar la fidelidad de los seguidores de la marca].<\/p><p>\u00a0<\/p><p>2.-FECHA DE INICIO Y FECHA DE FINALIZACI\u00d3N<\/p><p>La Promoci\u00f3n se iniciar\u00e1 el [d\u00eda X del mes de 20XX a las XX.00h], y finalizar\u00e1 el [d\u00eda X<\/p><p>del mes a las XX.00h]. La Empresa se reserva la facultad de no proceder a llevar a cabo la acci\u00f3n promocional si para la fecha reflejada de comienzo de la misma no se ha registrado una participaci\u00f3n superior a X. De igual manera, la Empresa podr\u00e1 extender la terminaci\u00f3n de la acci\u00f3n promocional por X semanas m\u00e1s, siendo la nueva fecha de finalizaci\u00f3n X en caso de que se registre un n\u00famero mayor de X participaci\u00f3n.<\/p><p>\u00a0<\/p><p>3.- REQUISITOS DE PARTICIPACI\u00d3N Y MEC\u00c1NICA DE LA PROMOCI\u00d3N<\/p><p>Los requisitos de participaci\u00f3n ser\u00e1n los siguientes:<\/p><p>&#8211; Podr\u00e1n participar aquellas personas que residan en [pa\u00eds, regi\u00f3n o ciudad] y\u00a0sean mayores de [edad m\u00ednima].<\/p><p>&#8211; S\u00f3lo podr\u00e1n participar aquellos Participantes que sean titulares de una cuenta\u00a0en Instagram.<\/p><p>&#8211; Los Participantes deber\u00e1n comentar la publicaci\u00f3n de la marca en la red social\u00a0Instagram etiquetando a [3 amigos] durante el periodo de participaci\u00f3n.<\/p><p>&#8211; Los Participantes s\u00f3lo podr\u00e1n participar con un \u00fanico perfil de Instagram. Si se\u00a0detecta que un Participante participa con varios perfiles de Instagram ser\u00e1n\u00a0descalificados.<\/p><p>&#8211; Aunque los Participantes escriban varios comentarios en una misma\u00a0publicaci\u00f3n, solamente participar\u00e1n con una \u00fanica participaci\u00f3n en el sorteo\u00a0aleatorio.<\/p><p>&#8211; La aplicaci\u00f3n acumular\u00e1 menciones y hashtags de un mismo Participante\u00a0aunque est\u00e9n en comentarios distintos.<\/p><p>\u00a0<\/p><p>4.- CONDICIONES DE LA PROMOCI\u00d3N Y PREMIOS<\/p><p>Se elegir\u00e1 al ganador por medio de la plataforma Easypromos de forma aleatoria. El\u00a0ganador ser\u00e1 comunicado el [d\u00eda y mes] a trav\u00e9s de los perfiles sociales de la marca,\u00a0junto con el certificado de validez del sorteo.<\/p><p>El premio consistir\u00e1 en [descripci\u00f3n detallada del premio]. El premio no se podr\u00e1\u00a0canjear por dinero en met\u00e1lico o por cualquier otro premio, ni puede ser objeto de\u00a0cambio o alteraci\u00f3n. La Empresa se guarda el derecho de modificar el premio si al d\u00eda\u00a0de declarar al participante como ganador existiesen problemas de stock del mismo y,\u00a0por lo tanto, imposibilidad de poder dar el mismo.<\/p><p>El ganador podr\u00e1 contactar con la Empresa durante el plazo de [ X n\u00famero de dias] a\u00a0contar desde la fecha en la que se anuncie en el perfil social de la marca. En caso de\u00a0que en el plazo estipulado no se produjese tal contacto se proceder\u00e1 a declarar el\u00a0sorteo desierto [ o asignar otro ganador, seg\u00fan preferencia].\u00a0La celebraci\u00f3n del sorteo, as\u00ed como la concesi\u00f3n del premio quedan sujetos a la\u00a0normativa fiscal vigente.<\/p><p>\u00a0<\/p><p>5.- DESCALIFICACIONES Y PENALIZACIONES<\/p><p>Si se evidenciase que cualquiera de los Participantes no cumple con los requisitos\u00a0exigidos en las Bases, o los datos proporcionados para participar no fueran v\u00e1lidos, su\u00a0participaci\u00f3n se considerar\u00e1 nula y quedar\u00e1n autom\u00e1ticamente excluidos de la\u00a0Promoci\u00f3n perdiendo todo derecho sobre los premios otorgados en virtud de esta\u00a0Promoci\u00f3n.\u00a0La Empresa se reserva el derecho de declarar el sorteo desierto.<\/p><p>\u00a0<\/p><p>6.- PUBLICACI\u00d3N DE COMENTARIOS U OPINIONES<\/p><p>No se permitir\u00e1n comentarios u opiniones cuyo contenido se considere inadecuado,\u00a0que sean ofensivos, injuriosos o discriminatorios o que pudieran vulnerar derechos de\u00a0terceros. Tampoco se permitir\u00e1n comentarios contra un particular que vulneren los\u00a0principios de derecho al honor, a la intimidad personal y familiar y a la propia imagen.\u00a0No nos responsabilizaremos de los da\u00f1os ocasionados por los comentarios que hagan\u00a0los Participantes en la Promoci\u00f3n, y que en cualquier momento pudieran herir la\u00a0sensibilidad de otros Participantes.<\/p><p>La participaci\u00f3n en la presente Promoci\u00f3n, as\u00ed como la publicaci\u00f3n de los comentarios\u00a0que se realicen por parte de los Participantes en las publicaciones no podr\u00e1n vulnerar\u00a0bajo ning\u00fan concepto las Reglas comunitarias de Instagram ni las Condiciones de uso\u00a0de Instagram.<\/p><p>Si se descubriese por parte de la Empresa el empleo de medios fraudulentos para la\u00a0participaci\u00f3n, tales como el empleo de bots en los comentarios, el premio no le ser\u00e1\u00a0adjudicado y seguir\u00e1 siendo propiedad de la Empresa.<\/p><p>\u00a0<\/p><p>7.-EXONERACI\u00d3N DE RESPONSABILIDAD<\/p><p>A t\u00edtulo enunciativo, pero no limitativo, no nos responsabilizamos de las posibles\u00a0p\u00e9rdidas, robos, retrasos o cualquiera otra circunstancia imputable a terceros que\u00a0puedan afectar al desarrollo de la presente Promoci\u00f3n, as\u00ed como tampoco nos\u00a0responsabilizamos del uso que haga el Participante respecto del premio que obtenga\u00a0de esta Promoci\u00f3n.<\/p><p>No asumimos la responsabilidad en casos de fuerza mayor o caso fortuito que\u00a0pudieran impedir la realizaci\u00f3n de la Promoci\u00f3n o el disfrute total o parcial del premio.\u00a0En caso de que esta Promoci\u00f3n no pudiera realizarse, bien por fraudes detectados en\u00a0la misma, errores t\u00e9cnicos, o cualquier otro motivo que no est\u00e9 bajo el control de la<\/p><p>Empresa y que afecte al normal desarrollo del Concurso, nos reservamos el derecho a\u00a0cancelar, modificar, o suspender la misma, incluyendo la p\u00e1gina web de participaci\u00f3n.<\/p><p>\u00a0<\/p><p>8.- PROTECCI\u00d3N DE DATOS PERSONALES<\/p><p>La Empresa responsable del tratamiento de sus datos es [_______ ], con domicilio en\u00a0[_______ ] y n\u00famero identificativo [_____ ].<\/p><p>De conformidad con lo establecido en el Reglamento General de Protecci\u00f3n de Datos,\u00a0cada participante con la aceptaci\u00f3n de estas Bases Legales consiente que sus datos\u00a0personales sean incorporados a un fichero, titularidad de \u00e9sta, con la finalidad de\u00a0gestionar el sorteo, as\u00ed como difundir y dar publicidad a sus resultados, y tramitar la\u00a0entrega del premio.\u00a0Le informamos que puede ejercer sus derechos de Acceso, Rectificaci\u00f3n, Supresi\u00f3n,\u00a0Oposici\u00f3n, Limitaci\u00f3n del tratamiento, Portabilidad, olvido y a no ser objeto de\u00a0decisiones individuales automatizadas mediante el env\u00edo de un e-mail a\u00a0[_____________] o bien mediante carta dirigida a la siguiente direcci\u00f3n: [__________],\u00a0adjuntando en ambos casos copia de un documento identificativo.<\/p><p>Sin perjuicio de cualquier otro recurso administrativo o acci\u00f3n judicial, el Participante\u00a0tendr\u00e1 derecho a presentar una reclamaci\u00f3n ante una Autoridad de Control, en\u00a0particular en el Estado miembro en el que tenga su residencia habitual, lugar de\u00a0trabajo o lugar de la supuesta infracci\u00f3n, en caso de que considere que el tratamiento\u00a0de sus datos personales no es adecuado a la normativa, as\u00ed como en el caso de no ver\u00a0satisfecho el ejercicio de sus derechos.<\/p><p>Es por ello que el Participante declara haber sido informado de las condiciones sobre\u00a0protecci\u00f3n de datos personales aceptando y consintiendo el tratamiento.<\/p><p>\u00a0<\/p><p>9.- CAMBIOS Y ACEPTACI\u00d3N<\/p><p>Nos reservamos el derecho de modificar o ampliar estas bases promocionales, en la\u00a0medida que no perjudique o menoscabe los derechos de los Participantes en la\u00a0Promoci\u00f3n.<\/p><p>El mero hecho de participar en el sorteo implica que el Participante acepta totalmente\u00a0las condiciones de estas Bases Legales. Asimismo, la participaci\u00f3n en un sorteo de esta\u00a0naturaleza supone la aceptaci\u00f3n de las normas de la red social Instagram a trav\u00e9s del\u00a0cual se desarrolla el mismo.<\/p><p>\u00a0<\/p><p>10.- LEGISLACI\u00d3N APLICABLE Y JURISDICCI\u00d3N<\/p><p>Estas bases legales se regir\u00e1n de conformidad con la ley [pa\u00eds del organizador]. Ser\u00e1n\u00a0competentes para resolver cualquier reclamaci\u00f3n o controversia que pudiera\u00a0plantearse en relaci\u00f3n con la validez, interpretaci\u00f3n o cumplimiento de estas bases los\u00a0Juzgados y Tribunales de la ciudad de residencia del Participante\u00a0<\/p>\t\t\t\t\t\t\t\t<\/div>\n\t\t\t\t<\/div>\n\t\t\t\t<div class=\"elementor-element elementor-element-f72226d elementor-widget-divider--view-line elementor-widget elementor-widget-divider\" data-id=\"f72226d\" data-element_type=\"widget\" data-e-type=\"widget\" data-widget_type=\"divider.default\">\n\t\t\t\t<div class=\"elementor-widget-container\">\n\t\t\t\t\t\t\t<div class=\"elementor-divider\">\n\t\t\t<span class=\"elementor-divider-separator\">\n\t\t\t\t\t\t<\/span>\n\t\t<\/div>\n\t\t\t\t\t\t<\/div>\n\t\t\t\t<\/div>\n\t\t\t\t<div class=\"elementor-element elementor-element-69d39a8 elementor-widget-divider--view-line elementor-widget elementor-widget-divider\" data-id=\"69d39a8\" data-element_type=\"widget\" data-e-type=\"widget\" data-widget_type=\"divider.default\">\n\t\t\t\t<div class=\"elementor-widget-container\">\n\t\t\t\t\t\t\t<div class=\"elementor-divider\">\n\t\t\t<span class=\"elementor-divider-separator\">\n\t\t\t\t\t\t<\/span>\n\t\t<\/div>\n\t\t\t\t\t\t<\/div>\n\t\t\t\t<\/div>\n\t\t\t\t\t<\/div>\n\t\t<\/div>\n\t\t\t\t\t<\/div>\n\t\t<\/section>\n\t\t\t\t<section class=\"elementor-section elementor-top-section elementor-element elementor-element-87b56c5 elementor-section-boxed elementor-section-height-default elementor-section-height-default\" data-id=\"87b56c5\" data-element_type=\"section\" data-e-type=\"section\">\n\t\t\t\t\t\t<div class=\"elementor-container elementor-column-gap-default\">\n\t\t\t\t\t<div class=\"elementor-column elementor-col-100 elementor-top-column elementor-element elementor-element-80ccb1c\" data-id=\"80ccb1c\" data-element_type=\"column\" data-e-type=\"column\">\n\t\t\t<div class=\"elementor-widget-wrap\">\n\t\t\t\t\t\t\t<\/div>\n\t\t<\/div>\n\t\t\t\t\t<\/div>\n\t\t<\/section>\n\t\t\t\t<\/div>\n\t\t","protected":false},"excerpt":{"rendered":"<p>1.- EMPRESA ORGANIZADORA DE LA PROMOCI\u00d3N La Empresa [____________] con domicilio en [______________] e identificada con el n\u00famero [CIF, CUIT, Identificador fiscal] organiza el sorteo (en adelante, \u201cla Promoci\u00f3n\u201d) de \u00e1mbito nacional, a desarrollar a trav\u00e9s de Internet, exclusivo para usuarios residentes en [especificar \u00e1mbito territorial] de acuerdo con lo dispuesto en el apartado requisitos [&hellip;]<\/p>\n","protected":false},"author":20,"featured_media":0,"parent":0,"menu_order":0,"comment_status":"closed","ping_status":"closed","template":"","meta":{"_acf_changed":false,"footnotes":""},"class_list":["post-12337","page","type-page","status-publish","hentry"],"acf":[],"lang":"en","translations":{"en":12337,"es":12335},"pll_sync_post":[],"_links":{"self":[{"href":"https:\/\/cba-design.com\/spain\/wp-json\/wp\/v2\/pages\/12337","targetHints":{"allow":["GET"]}}],"collection":[{"href":"https:\/\/cba-design.com\/spain\/wp-json\/wp\/v2\/pages"}],"about":[{"href":"https:\/\/cba-design.com\/spain\/wp-json\/wp\/v2\/types\/page"}],"author":[{"embeddable":true,"href":"https:\/\/cba-design.com\/spain\/wp-json\/wp\/v2\/users\/20"}],"replies":[{"embeddable":true,"href":"https:\/\/cba-design.com\/spain\/wp-json\/wp\/v2\/comments?post=12337"}],"version-history":[{"count":3,"href":"https:\/\/cba-design.com\/spain\/wp-json\/wp\/v2\/pages\/12337\/revisions"}],"predecessor-version":[{"id":12346,"href":"https:\/\/cba-design.com\/spain\/wp-json\/wp\/v2\/pages\/12337\/revisions\/12346"}],"wp:attachment":[{"href":"https:\/\/cba-design.com\/spain\/wp-json\/wp\/v2\/media?parent=12337"}],"curies":[{"name":"wp","href":"https:\/\/api.w.org\/{rel}","templated":true}]}}